{"id":9684,"date":"2024-04-30T13:10:28","date_gmt":"2024-04-30T12:10:28","guid":{"rendered":"https:\/\/ingelbeen.kneet.be\/product\/mobil-dte-832\/"},"modified":"2024-06-26T16:13:54","modified_gmt":"2024-06-26T15:13:54","slug":"mobil-dte-832","status":"publish","type":"product","link":"https:\/\/webshop.ingelbeen.be\/fr\/produit\/mobil-dte-832\/","title":{"rendered":"Mobil DTE 832"},"content":{"rendered":"<div class=\"compensation des d\u00e9tails du produit\">\n<div class=\"description de l'attribut du produit\">\n<div class=\"description de la valeur\">\n<div class=\"description de la valeur\">\n<p> Mobil DTE\u2122 832 et 846 sont des huiles pour turbines aux performances sup\u00e9rieures con\u00e7ues pour \u00eatre utilis\u00e9es dans les turbines \u00e0 vapeur, les turbines \u00e0 gaz et les applications de turbines \u00e0 gaz \u00e0 cycle combin\u00e9 (CCGT) dans les conditions de fonctionnement les plus s\u00e9v\u00e8res. Ces produits progressifs sont bas\u00e9s sur des mati\u00e8res de base hydrotrait\u00e9es de haute qualit\u00e9 pour une r\u00e9sistance thermique\/oxydation exceptionnelle ainsi que sur des additifs sp\u00e9cialement choisis con\u00e7us pour fournir le contr\u00f4le des d\u00e9p\u00f4ts et les performances de \u00ab maintien de la propret\u00e9 \u00bb requis par les turbines \u00e0 gaz \u00e0 usage intensif ainsi qu&rsquo;une excellente s\u00e9parabilit\u00e9 de l&rsquo;eau n\u00e9cessaire pour les turbines \u00e0 vapeur. op\u00e9ration. Les formulations comprennent \u00e9galement un syst\u00e8me anti-usure sans zinc pour r\u00e9pondre aux exigences de charge des turbines \u00e0 engrenages.<\/p>\n<p> En plus de r\u00e9pondre aux exigences distinctes des conceptions modernes de turbines \u00e0 vapeur et \u00e0 gaz, la s\u00e9rie Mobil DTE 800 constitue un excellent choix pour les applications \u00e0 cycle combin\u00e9 qui n\u00e9cessitent une seule huile pour une turbine \u00e0 gaz et une turbine \u00e0 vapeur fonctionnant en tandem. R\u00e9pondre simultan\u00e9ment aux exigences de contr\u00f4le des d\u00e9p\u00f4ts et de s\u00e9paration de l\u2019eau est le point culminant des performances de cette technologie de lubrifiant avanc\u00e9e. L&rsquo;excellente r\u00e9sistance thermique\/oxydante des Mobil DTE 832 et 846 garantit qu&rsquo;ils peuvent \u00eatre utilis\u00e9s dans les environnements de turbine les plus s\u00e9v\u00e8res.<\/p>\n<p> Les caract\u00e9ristiques de performance des huiles Mobil DTE s\u00e9rie 800 se traduisent par une excellente protection de l&rsquo;\u00e9quipement, un fonctionnement fiable, avec des temps d&rsquo;arr\u00eat r\u00e9duits et une dur\u00e9e de vie prolong\u00e9e de la charge d&rsquo;huile. Ces produits offrent \u00e9galement une flexibilit\u00e9 ultime \u00e0 l&rsquo;op\u00e9rateur car ils peuvent \u00eatre utilis\u00e9s dans tous les types de turbines : turbines \u00e0 vapeur, \u00e0 gaz et \u00e0 engrenages.<\/p><\/div><\/div><\/div><\/div>\n<h2>Fonctionnalit\u00e9 et avantages potentiels<\/h2>\n<p> Les produits \u00e0 base min\u00e9rale de la marque Mobil DTE sont le choix des exploitants de turbines du monde entier depuis plus de cent ans. Au cours de cette p\u00e9riode, les scientifiques de notre soci\u00e9t\u00e9 ont maintenu les liens les plus \u00e9troits avec les constructeurs et les exploitants d&rsquo;\u00e9quipements de turbines pour garantir que les besoins des nouvelles conceptions de turbines sont satisfaits ou d\u00e9pass\u00e9s par nos lubrifiants. Cela a n\u00e9cessit\u00e9 une am\u00e9lioration continue des huiles pour turbines Mobil et l&rsquo;application de la technologie moderne la plus appropri\u00e9e en mati\u00e8re d&rsquo;huiles de base et d&rsquo;additifs.<\/p>\n<p> Pour les turbines \u00e0 gaz stationnaires modernes qui fonctionnent \u00e0 des puissances \u00e9lev\u00e9es, une protection exceptionnelle contre la d\u00e9gradation thermique\/oxydante et le contr\u00f4le des d\u00e9p\u00f4ts sont des exigences essentielles. Un fonctionnement s\u00e9v\u00e8re provoque des contraintes thermiques sur le lubrifiant qui peuvent entra\u00eener un colmatage du filtre, des d\u00e9p\u00f4ts sur les servovalves ou une courte dur\u00e9e de vie de l&rsquo;huile. Les turbines \u00e0 vapeur modernes n\u00e9cessitent un niveau \u00e9lev\u00e9 de r\u00e9sistance \u00e0 l\u2019oxydation ainsi qu\u2019une bonne s\u00e9parabilit\u00e9 de l\u2019eau en cas de fuite de vapeur. Pour un fonctionnement en cycle combin\u00e9, il est n\u00e9cessaire que le lubrifiant r\u00e9ponde aux besoins des deux types de turbine.<\/p>\n<p> Les huiles DTE s\u00e9rie 800 offrent les caract\u00e9ristiques et avantages potentiels suivants\u00a0:<\/p>\n<table class=\"table table-striped\">\n <t\u00eate><\/p>\n<tr>\n<th>Fonctionnalit\u00e9s<\/th>\n<th>Avantages et b\u00e9n\u00e9fices potentiels<\/th>\n<\/tr>\n<p> <\/t\u00eate><br \/>\n <corps><\/p>\n<tr>\n<td>Satisfait ou d\u00e9passe les exigences des principaux constructeurs en mati\u00e8re de turbines \u00e0 gaz et de turbines \u00e0 vapeur<\/td>\n<td>\u00c9vite une mauvaise application du lubrifiant et un remplacement co\u00fbteux<\/td>\n<\/tr>\n<tr>\n<td><\/td>\n<td>R\u00e9duit les co\u00fbts d&rsquo;inventaire<\/td>\n<\/tr>\n<tr>\n<td>Excellente stabilit\u00e9 thermique\/oxydation<\/td>\n<td>Temps d&rsquo;arr\u00eat r\u00e9duits, fonctionnement plus fiable<\/td>\n<\/tr>\n<tr>\n<td><\/td>\n<td>Dur\u00e9e de vie prolong\u00e9e de la charge d&rsquo;huile\u00a0; co\u00fbts de produits r\u00e9duits<\/td>\n<\/tr>\n<tr>\n<td>Excellente protection anti-usure<\/td>\n<td>Excellente protection des turbines \u00e0 engrenages (\u00e0 gaz et \u00e0 vapeur), co\u00fbts de maintenance et de remplacement r\u00e9duits<\/td>\n<\/tr>\n<tr>\n<td><\/td>\n<td>Protection \u00e9tendue des \u00e9quipements et co\u00fbts de remplacement r\u00e9duits<\/td>\n<\/tr>\n<tr>\n<td>Excellente d\u00e9mulsibilit\u00e9<\/td>\n<td>Fonctionnement efficace du syst\u00e8me et maintenance r\u00e9duite<\/td>\n<\/tr>\n<\/tbody>\n<\/table>\n<h2>Applications<\/h2>\n<p> Mobil DTE 832 et 846 sont des huiles pour turbines aux performances sup\u00e9rieures con\u00e7ues pour \u00eatre utilis\u00e9es dans les syst\u00e8mes d&rsquo;huile de turbine \u00e0 vapeur et \u00e0 gaz, les m\u00e9canismes de contr\u00f4le de vitesse de turbine \u00e0 couplage direct ou par engrenages. Les applications sp\u00e9cifiques incluent\u00a0:<\/p>\n<ul>\n<li>Applications de production d&rsquo;\u00e9lectricit\u00e9 \u00e0 cycle combin\u00e9 (CCGT), y compris celles dot\u00e9es d&rsquo;un syst\u00e8me de circulation commun pour la turbine \u00e0 vapeur et la turbine \u00e0 gaz.<\/li>\n<li>Lubrification des turbines \u00e0 vapeur ou des turbines \u00e0 gaz utilis\u00e9es pour la production d&rsquo;\u00e9lectricit\u00e9, le transport par gazoduc, les op\u00e9rations de traitement et les usines de cog\u00e9n\u00e9ration.<\/li>\n<\/ul>\n<h2>Sp\u00e9cifications et homologations<\/h2>\n<h3>Satisfait ou d\u00e9passe les exigences de<\/h3>\n<ul>\n<li>JIS K2213 Type 2 avec additifs, 2006<\/li>\n<li>DIN 51515-1\u00a0:\u00a02010-02<\/li>\n<li>DIN 51515-2\u00a0:\u00a02010-02<\/li>\n<li>GE GEK 28143A<\/li>\n<li>Solaire ES 9-224, classe\u00a0II<\/li>\n<li>GE GEK 32568E<\/li>\n<li>GE GEK 32568J<\/li>\n<li>GE GEK 101941A<\/li>\n<li>GE GEK 107395a<\/li>\n<li>GE GEK 46506D<\/li>\n<li>Machines industrielles turbo Siemens MAT 812101<\/li>\n<li>Machines industrielles Turbo Siemens MAT 812106<\/li>\n<li>Machines industrielles Turbo Siemens MAT 812108<\/li>\n<li>Siemens Westinghouse PD-55125Z3<\/li>\n<\/ul>\n<h3>Ce produit r\u00e9pond aux exigences selon Exxonmobil<\/h3>\n<ul>\n<li>GE GEK 28143B<\/li>\n<li>GE GEK 32568C<\/li>\n<\/ul>\n<h3>Ce produit poss\u00e8de les approbations de constructeur suivantes<\/h3>\n<ul>\n<li>Alstom Power HTGD 90\u00a0117<\/li>\n<li>Siemens TLV 9013 04<\/li>\n<li>Siemens TLV 9013 05<\/li>\n<\/ul>\n","protected":false},"excerpt":{"rendered":"<p>Mobil DTE\u2122 832 et 846 sont des huiles pour turbines \u00e0 haute performance, d\u00e9velopp\u00e9es pour une utilisation dans les turbines \u00e0 vapeur, les turbines \u00e0 gaz et les turbines \u00e0 cycle combin\u00e9 (CCGT) dans les conditions de fonctionnement les plus s\u00e9v\u00e8res. Ces produits avanc\u00e9s sont bas\u00e9s sur des huiles de base hydrotrait\u00e9es de haute qualit\u00e9 pour obtenir une r\u00e9sistance exceptionnelle \u00e0 l&rsquo;oxydation et \u00e0 la d\u00e9gradation thermique, et des additifs sp\u00e9cialement s\u00e9lectionn\u00e9s pour pr\u00e9venir les d\u00e9p\u00f4ts et la contamination dans les turbines \u00e0 gaz sous des conditions de fonctionnement s\u00e9v\u00e8res. De plus, elles ont d&rsquo;excellentes propri\u00e9t\u00e9s de s\u00e9paration de l&rsquo;eau, n\u00e9cessaires pour les applications dans les turbines \u00e0 vapeur. Les formulations incluent \u00e9galement un syst\u00e8me anti-usure sans zinc pour r\u00e9pondre aux exigences de charge des turbines avec r\u00e9ducteurs.<\/p>\n","protected":false},"featured_media":10102,"template":"","meta":{"_acf_changed":false,"inline_featured_image":false},"product_brand":[],"product_cat":[221],"product_tag":[],"class_list":{"0":"post-9684","1":"product","2":"type-product","3":"status-publish","4":"has-post-thumbnail","6":"product_cat-huiles-pour-turbines-et-huiles-de-circulation","8":"first","9":"instock","10":"taxable","11":"shipping-taxable","12":"purchasable","13":"product-type-simple"},"acf":[],"_links":{"self":[{"href":"https:\/\/webshop.ingelbeen.be\/fr\/wp-json\/wp\/v2\/product\/9684","targetHints":{"allow":["GET"]}}],"collection":[{"href":"https:\/\/webshop.ingelbeen.be\/fr\/wp-json\/wp\/v2\/product"}],"about":[{"href":"https:\/\/webshop.ingelbeen.be\/fr\/wp-json\/wp\/v2\/types\/product"}],"wp:featuredmedia":[{"embeddable":true,"href":"https:\/\/webshop.ingelbeen.be\/fr\/wp-json\/wp\/v2\/media\/10102"}],"wp:attachment":[{"href":"https:\/\/webshop.ingelbeen.be\/fr\/wp-json\/wp\/v2\/media?parent=9684"}],"wp:term":[{"taxonomy":"product_brand","embeddable":true,"href":"https:\/\/webshop.ingelbeen.be\/fr\/wp-json\/wp\/v2\/product_brand?post=9684"},{"taxonomy":"product_cat","embeddable":true,"href":"https:\/\/webshop.ingelbeen.be\/fr\/wp-json\/wp\/v2\/product_cat?post=9684"},{"taxonomy":"product_tag","embeddable":true,"href":"https:\/\/webshop.ingelbeen.be\/fr\/wp-json\/wp\/v2\/product_tag?post=9684"}],"curies":[{"name":"wp","href":"https:\/\/api.w.org\/{rel}","templated":true}]}}