{"id":9688,"date":"2024-04-30T13:10:28","date_gmt":"2024-04-30T12:10:28","guid":{"rendered":"https:\/\/ingelbeen.kneet.be\/product\/mobil-dte-932-gt\/"},"modified":"2024-06-26T16:13:55","modified_gmt":"2024-06-26T15:13:55","slug":"mobil-dte-932-gt","status":"publish","type":"product","link":"https:\/\/webshop.ingelbeen.be\/fr\/produit\/mobil-dte-932-gt\/","title":{"rendered":"Mobil DTE 932 GT"},"content":{"rendered":"<div class=\"compensation des d\u00e9tails du produit\">\n<div class=\"description de l'attribut du produit\">\n<div class=\"description de la valeur\">\n<p> Mobil\u2122 DTE 932 GT est une huile pour turbine haute performance de nouvelle g\u00e9n\u00e9ration con\u00e7ue pour \u00eatre utilis\u00e9e dans les turbines \u00e0 grand ch\u00e2ssis dans des conditions de fonctionnement s\u00e9v\u00e8res. Ce produit est bas\u00e9 sur des huiles de base s\u00e9lectionn\u00e9es de haute qualit\u00e9, soigneusement \u00e9quilibr\u00e9es avec un syst\u00e8me d&rsquo;additifs exclusif pour fournir une longue dur\u00e9e de vie de l&rsquo;huile en combinaison avec des performances de \u00ab maintien de la propret\u00e9 \u00bb de pointe de l&rsquo;industrie. Les formulations comprennent \u00e9galement un syst\u00e8me anti-usure sans zinc pour r\u00e9pondre aux exigences de charge des turbines \u00e0 engrenages.<\/p>\n<p> Mobil DTE 932 GT r\u00e9pond aux exigences des turbines \u00e0 combustion modernes o\u00f9 l&rsquo;huile est utilis\u00e9e \u00e0 la fois comme lubrifiant pour roulements de turbine et pour les commandes hydrauliques. Mobil DTE 932 GT est sp\u00e9cifiquement formul\u00e9 pour les turbines General Electric Frame 3, 5, 6, 7 et 9\u00a0avec roulement commun et r\u00e9servoir d&rsquo;huile hydraulique, o\u00f9 le contr\u00f4le du vernis est le plus n\u00e9cessaire.<\/p>\n<p> La combinaison soigneusement \u00e9quilibr\u00e9e d&rsquo;huiles de base et d&rsquo;additifs est con\u00e7ue pour limiter l&rsquo;apparition de formation de vernis dans le syst\u00e8me hydraulique de ces turbines. Les performances de maintien de la propret\u00e9, associ\u00e9es \u00e0 un niveau \u00e9lev\u00e9 d&rsquo;oxydation et de stabilit\u00e9 thermique, contribuent \u00e0 garantir des performances durables et fiables de la turbine.<\/p><\/div><\/div><\/div>\n<h2>Fonctionnalit\u00e9 et avantages potentiels<\/h2>\n<p> Les produits \u00e0 base min\u00e9rale de la marque Mobil DTE sont le choix des exploitants de turbines du monde entier depuis plus de cent ans. Au cours de cette p\u00e9riode, les scientifiques de notre soci\u00e9t\u00e9 ont maintenu les liens les plus \u00e9troits avec les constructeurs et les exploitants d&rsquo;\u00e9quipements de turbines pour garantir que les besoins des nouvelles conceptions de turbines sont satisfaits ou d\u00e9pass\u00e9s par nos lubrifiants. Cela a n\u00e9cessit\u00e9 une am\u00e9lioration continue des huiles pour turbines de marque Mobil et l&rsquo;application de la technologie moderne la plus appropri\u00e9e en mati\u00e8re d&rsquo;huile de base et d&rsquo;additifs.<\/p>\n<p> Pour les turbines \u00e0 gaz stationnaires modernes fonctionnant \u00e0 des puissances \u00e9lev\u00e9es, une protection exceptionnelle contre la d\u00e9gradation thermique\/oxydante et le contr\u00f4le des d\u00e9p\u00f4ts sont des exigences essentielles. Un fonctionnement s\u00e9v\u00e8re provoque des contraintes thermiques sur le lubrifiant qui peuvent entra\u00eener un colmatage du filtre, des d\u00e9p\u00f4ts sur les servovalves ou une courte dur\u00e9e de vie de l&rsquo;huile.<\/p>\n<p> L&rsquo;huile Mobil DTE 932 GT offre les caract\u00e9ristiques et avantages potentiels suivants\u00a0:<\/p>\n<table class=\"table table-striped\">\n <t\u00eate><\/p>\n<tr>\n<th>Fonctionnalit\u00e9s<\/th>\n<th>Avantages et b\u00e9n\u00e9fices potentiels<\/th>\n<\/tr>\n<p> <\/t\u00eate><br \/>\n <corps><\/p>\n<tr>\n<td>Excellente stabilit\u00e9 thermique\/oxydation<\/td>\n<td>Contribue \u00e0 r\u00e9duire les temps d&rsquo;arr\u00eat pour un fonctionnement plus fiable<\/td>\n<\/tr>\n<tr>\n<td><\/td>\n<td>Contribue \u00e0 prolonger la dur\u00e9e de vie de la charge d&rsquo;huile, permettant ainsi de r\u00e9duire les co\u00fbts des produits<\/td>\n<\/tr>\n<tr>\n<td>R\u00e9duit le potentiel de formation de vernis<\/td>\n<td>Fonctionnement fiable de la turbine et aide \u00e0 r\u00e9duire la maintenance des composants du syst\u00e8me hydraulique<\/td>\n<\/tr>\n<tr>\n<td>Excellent contr\u00f4le de la mousse et \u00e9vacuation de l&rsquo;air<\/td>\n<td>Potentiel de d\u00e9marrage rapide, m\u00eame \u00e0 des temp\u00e9ratures ambiantes plus basses<\/td>\n<\/tr>\n<tr>\n<td>Bonne conductivit\u00e9 \u00e9lectrique<\/td>\n<td>Contribue \u00e0 r\u00e9duire le potentiel de formation de vernis, ce qui permet un fonctionnement fiable de la turbine et contribue \u00e0 r\u00e9duire la maintenance des composants du syst\u00e8me hydraulique<\/td>\n<\/tr>\n<\/tbody>\n<\/table>\n<h2>Applications<\/h2>\n<p> Mobil DTE 932 GT est une huile pour turbine haute performance con\u00e7ue pour \u00eatre utilis\u00e9e dans les syst\u00e8mes d&rsquo;huile de turbine \u00e0 gaz, \u00e0 couplage direct ou par engrenages, et dans les m\u00e9canismes de contr\u00f4le de la vitesse de la turbine. Les applications sp\u00e9cifiques incluent\u00a0:<\/p>\n<ul>\n<li>Roulements de turbine \u00e0 combustion et syst\u00e8mes hydrauliques dans les configurations de production d&rsquo;\u00e9nergie et d&rsquo;entra\u00eenement m\u00e9canique<\/li>\n<li>Particuli\u00e8rement adapt\u00e9 aux applications General Electric sur ch\u00e2ssis 6, 7 et 9 o\u00f9 un contr\u00f4le du vernis du syst\u00e8me hydraulique est souhait\u00e9<\/li>\n<li>NON recommand\u00e9 pour les applications de turbines \u00e0 vapeur.<\/li>\n<\/ul>\n<p> Note d&rsquo;application\u00a0: Mobil DTE 932 GT n&rsquo;est pas compatible avec Mobil DTE 732. Une vidange et un rin\u00e7age sont n\u00e9cessaires lors de la conversion.<\/p>\n<h2>Sp\u00e9cifications et homologations<\/h2>\n<h3>Satisfait ou d\u00e9passe les exigences de<\/h3>\n<ul>\n<li>GE GEK 32568J<\/li>\n<\/ul>\n<h3>Ce produit r\u00e9pond aux exigences selon Exxonmobil<\/h3>\n<ul>\n<li>GE GEK 101941A<\/li>\n<li>GE GEK 28143 B<\/li>\n<\/ul>\n","protected":false},"excerpt":{"rendered":"<p>Mobil\u2122 DTE 932 GT est une huile pour turbines de nouvelle g\u00e9n\u00e9ration \u00e0 haute performance, con\u00e7ue pour une utilisation dans les grandes turbines \u00e0 vapeur et \u00e0 gaz \u00e0 cadre large, dans des conditions de fonctionnement s\u00e9v\u00e8res. Ce produit est bas\u00e9 sur des huiles de base de haute qualit\u00e9 soigneusement s\u00e9lectionn\u00e9es et \u00e9quilibr\u00e9es avec un syst\u00e8me d&rsquo;additifs propri\u00e9taire pour offrir une longue dur\u00e9e de vie de l&rsquo;huile en combinaison avec des performances de \u00ab\u00a0maintien de la propret\u00e9\u00a0\u00bb leader dans l&rsquo;industrie. Les formulations incluent \u00e9galement un syst\u00e8me anti-usure sans zinc pour r\u00e9pondre aux exigences de charge des turbines avec r\u00e9ducteurs.<\/p>\n","protected":false},"featured_media":10102,"template":"","meta":{"_acf_changed":false,"inline_featured_image":false},"product_brand":[],"product_cat":[221],"product_tag":[],"class_list":{"0":"post-9688","1":"product","2":"type-product","3":"status-publish","4":"has-post-thumbnail","6":"product_cat-huiles-pour-turbines-et-huiles-de-circulation","8":"first","9":"instock","10":"taxable","11":"shipping-taxable","12":"purchasable","13":"product-type-simple"},"acf":[],"_links":{"self":[{"href":"https:\/\/webshop.ingelbeen.be\/fr\/wp-json\/wp\/v2\/product\/9688","targetHints":{"allow":["GET"]}}],"collection":[{"href":"https:\/\/webshop.ingelbeen.be\/fr\/wp-json\/wp\/v2\/product"}],"about":[{"href":"https:\/\/webshop.ingelbeen.be\/fr\/wp-json\/wp\/v2\/types\/product"}],"wp:featuredmedia":[{"embeddable":true,"href":"https:\/\/webshop.ingelbeen.be\/fr\/wp-json\/wp\/v2\/media\/10102"}],"wp:attachment":[{"href":"https:\/\/webshop.ingelbeen.be\/fr\/wp-json\/wp\/v2\/media?parent=9688"}],"wp:term":[{"taxonomy":"product_brand","embeddable":true,"href":"https:\/\/webshop.ingelbeen.be\/fr\/wp-json\/wp\/v2\/product_brand?post=9688"},{"taxonomy":"product_cat","embeddable":true,"href":"https:\/\/webshop.ingelbeen.be\/fr\/wp-json\/wp\/v2\/product_cat?post=9688"},{"taxonomy":"product_tag","embeddable":true,"href":"https:\/\/webshop.ingelbeen.be\/fr\/wp-json\/wp\/v2\/product_tag?post=9688"}],"curies":[{"name":"wp","href":"https:\/\/api.w.org\/{rel}","templated":true}]}}