{"id":9694,"date":"2024-04-30T13:10:28","date_gmt":"2024-04-30T12:10:28","guid":{"rendered":"https:\/\/ingelbeen.kneet.be\/product\/mobil-dte-fm-46\/"},"modified":"2024-06-26T16:13:55","modified_gmt":"2024-06-26T15:13:55","slug":"mobil-dte-fm-46","status":"publish","type":"product","link":"https:\/\/webshop.ingelbeen.be\/fr\/produit\/mobil-dte-fm-46\/","title":{"rendered":"Mobil DTE FM 46"},"content":{"rendered":"<div class=\"compensation des d\u00e9tails du produit\">\n<div class=\"description de l'attribut du produit\">\n<div class=\"description de la valeur\">\n<p> Les huiles Mobil DTE\u2122 s\u00e9rie FM sont des lubrifiants hautes performances con\u00e7us pour satisfaire un large \u00e9ventail d&rsquo;exigences d&rsquo;\u00e9quipements multi-usages pour l&rsquo;industrie de la transformation alimentaire et de l&#8217;emballage. Ces lubrifiants sont qualifi\u00e9s de lubrifiants de type NSF H1 et sont \u00e9galement conformes au titre 21 CFR 178.3570 de la Food and Drug Administration (\u00c9tats-Unis) pour une utilisation en cas de risque de contact alimentaire accidentel. La s\u00e9rie Mobil DTE FM est fabriqu\u00e9e dans des installations certifi\u00e9es ISO 22000 qui r\u00e9pondent \u00e9galement aux exigences de la norme ISO 21469, ce qui contribue \u00e0 garantir le maintien des niveaux les plus \u00e9lev\u00e9s d&rsquo;int\u00e9grit\u00e9 du produit.<\/p>\n<p> Les lubrifiants sont des lubrifiants de qualit\u00e9 sup\u00e9rieure, insipides et inodores, formul\u00e9s avec des additifs et des huiles de base non toxiques de qualit\u00e9 alimentaire NSF\/FDA. Le syst\u00e8me d&rsquo;additifs offre une bonne protection contre l&rsquo;usure, une excellente stabilit\u00e9 \u00e0 l&rsquo;oxydation et une protection contre la rouille. Ils assurent une bonne propret\u00e9 du syst\u00e8me, une longue dur\u00e9e de vie de l&rsquo;huile\/du filtre et une protection optimale de l&rsquo;\u00e9quipement. Les huiles Mobil DTE s\u00e9rie FM sont d&rsquo;excellentes huiles pour engrenages, roulements et circulation. Ils conviennent \u00e9galement pour r\u00e9pondre aux exigences critiques des composants du syst\u00e8me hydraulique tels que les servovalves \u00e0 jeu r\u00e9duit et les machines-outils \u00e0 commande num\u00e9rique (NC) de haute pr\u00e9cision. Ces produits r\u00e9pondent aux exigences de performances les plus rigoureuses d&rsquo;un large \u00e9ventail de fabricants de syst\u00e8mes et de composants en utilisant diverses conceptions multim\u00e9tallurgiques permettant un produit unique avec des caract\u00e9ristiques de performances exceptionnelles.<\/p>\n<p> Les huiles Mobil DTE s\u00e9rie FM ont obtenu des notes \u00e9lev\u00e9es lors du test FZG Gear, d\u00e9montrant leur excellente protection contre l&rsquo;usure et les \u00e9raflures. Cela permet leur utilisation dans des syst\u00e8mes autres que l&rsquo;hydraulique pouvant contenir des engrenages et des roulements. L&rsquo;indice de viscosit\u00e9 naturellement \u00e9lev\u00e9 des huiles de base garantit des performances exceptionnelles sur une large plage de temp\u00e9ratures.<\/p><\/div><\/div><\/div>\n<h2>Fonctionnalit\u00e9 et avantages potentiels<\/h2>\n<table class=\"table table-striped\">\n <t\u00eate><\/p>\n<tr>\n<th>Fonctionnalit\u00e9s<\/th>\n<th>Avantages et b\u00e9n\u00e9fices potentiels<\/th>\n<\/tr>\n<p> <\/t\u00eate><br \/>\n <corps><\/p>\n<tr>\n<td>Formulation non toxique<\/td>\n<td>Permet une utilisation dans les applications d&#8217;emballage et de transformation des aliments<\/td>\n<\/tr>\n<tr>\n<td>Tr\u00e8s bonnes propri\u00e9t\u00e9s anti-usure<\/td>\n<td>R\u00e9duit l&rsquo;usure, prolonge la dur\u00e9e de vie de l&rsquo;\u00e9quipement<\/td>\n<\/tr>\n<tr>\n<td>Excellente stabilit\u00e9 \u00e0 l&rsquo;oxydation<\/td>\n<td>Fournit une longue dur\u00e9e de vie de l&rsquo;huile et de l&rsquo;\u00e9quipement, prolonge la dur\u00e9e de vie du filtre<\/td>\n<\/tr>\n<tr>\n<td>Protection contre la corrosion de haut niveau<\/td>\n<td>Emp\u00eache la corrosion interne du syst\u00e8me hydraulique, r\u00e9duit les effets n\u00e9gatifs de l&rsquo;humidit\u00e9 dans les syst\u00e8mes, offre une protection contre la corrosion des conceptions de composants multim\u00e9tallurgiques<\/td>\n<\/tr>\n<tr>\n<td>R\u00e9pond \u00e0 un large \u00e9ventail d&rsquo;exigences en mati\u00e8re d&rsquo;\u00e9quipement<\/td>\n<td>Applications multiservices\u00a0\u2013\u00a0Un produit peut en remplacer plusieurs, minimise les besoins en stocks, r\u00e9duit le risque de mauvaise application du produit<\/td>\n<\/tr>\n<tr>\n<td>Excellentes caract\u00e9ristiques de s\u00e9paration de l&rsquo;air<\/td>\n<td>R\u00e9duit la mousse et ses effets n\u00e9gatifs<\/td>\n<\/tr>\n<tr>\n<td>Tr\u00e8s bonnes propri\u00e9t\u00e9s de s\u00e9paration de l&rsquo;eau<\/td>\n<td>Prot\u00e8ge les syst\u00e8mes o\u00f9 de petites quantit\u00e9s d&rsquo;humidit\u00e9 sont pr\u00e9sentes, s\u00e9pare facilement de plus grandes quantit\u00e9s d&rsquo;eau<\/td>\n<\/tr>\n<\/tbody>\n<\/table>\n<h2>Applications<\/h2>\n<ul>\n<li>Convient aux applications multiservices dans la lubrification des machines utilis\u00e9es dans toutes les industries de transformation alimentaire, les usines de transformation du poisson et de conditionnement de viande<\/li>\n<li>Excellentes huiles pour engrenages, roulements, syst\u00e8mes de circulation et hydrauliques<\/li>\n<li>Compresseurs et pompes \u00e0 vide traitant de l&rsquo;air et des gaz inertes<\/li>\n<li>Lubrificateurs de conduites d&rsquo;air<\/li>\n<li>Syst\u00e8mes n\u00e9cessitant un degr\u00e9 \u00e9lev\u00e9 de capacit\u00e9 de charge et de protection anti-usure<\/li>\n<li>Machines utilisant une large gamme de composants utilisant diverses m\u00e9tallurgies<\/li>\n<\/ul>\n<h2>Sp\u00e9cifications et homologations<\/h2>\n<h3>Satisfait ou d\u00e9passe les exigences de<\/h3>\n<ul>\n<li>FDA 21 CFR 178.3570<\/li>\n<li>NSF H1<\/li>\n<li>Num\u00e9ro d&rsquo;enregistrement NSF\u00a0: 123225<\/li>\n<\/ul>\n","protected":false},"excerpt":{"rendered":"<p>La s\u00e9rie Mobil DTE\u2122 FM sont des huiles de haute qualit\u00e9 d\u00e9velopp\u00e9es pour lubrifier une large gamme d&rsquo;applications dans l&rsquo;industrie alimentaire et l&rsquo;industrie de l&#8217;emballage.<\/p>\n","protected":false},"featured_media":10105,"template":"","meta":{"_acf_changed":false,"inline_featured_image":false},"product_brand":[],"product_cat":[224],"product_tag":[],"class_list":{"0":"post-9694","1":"product","2":"type-product","3":"status-publish","4":"has-post-thumbnail","6":"product_cat-lubrifiants-pour-lindustrie-alimentaire","8":"first","9":"instock","10":"taxable","11":"shipping-taxable","12":"purchasable","13":"product-type-simple"},"acf":[],"_links":{"self":[{"href":"https:\/\/webshop.ingelbeen.be\/fr\/wp-json\/wp\/v2\/product\/9694","targetHints":{"allow":["GET"]}}],"collection":[{"href":"https:\/\/webshop.ingelbeen.be\/fr\/wp-json\/wp\/v2\/product"}],"about":[{"href":"https:\/\/webshop.ingelbeen.be\/fr\/wp-json\/wp\/v2\/types\/product"}],"wp:featuredmedia":[{"embeddable":true,"href":"https:\/\/webshop.ingelbeen.be\/fr\/wp-json\/wp\/v2\/media\/10105"}],"wp:attachment":[{"href":"https:\/\/webshop.ingelbeen.be\/fr\/wp-json\/wp\/v2\/media?parent=9694"}],"wp:term":[{"taxonomy":"product_brand","embeddable":true,"href":"https:\/\/webshop.ingelbeen.be\/fr\/wp-json\/wp\/v2\/product_brand?post=9694"},{"taxonomy":"product_cat","embeddable":true,"href":"https:\/\/webshop.ingelbeen.be\/fr\/wp-json\/wp\/v2\/product_cat?post=9694"},{"taxonomy":"product_tag","embeddable":true,"href":"https:\/\/webshop.ingelbeen.be\/fr\/wp-json\/wp\/v2\/product_tag?post=9694"}],"curies":[{"name":"wp","href":"https:\/\/api.w.org\/{rel}","templated":true}]}}