{"id":9712,"date":"2024-04-30T13:10:28","date_gmt":"2024-04-30T12:10:28","guid":{"rendered":"https:\/\/ingelbeen.kneet.be\/product\/mobil-dte-oil-light-2\/"},"modified":"2024-06-26T16:13:56","modified_gmt":"2024-06-26T15:13:56","slug":"mobil-dte-oil-light-2","status":"publish","type":"product","link":"https:\/\/webshop.ingelbeen.be\/fr\/produit\/mobil-dte-oil-light-2\/","title":{"rendered":"Mobil DTE Oil Light"},"content":{"rendered":"<div class=\"compensation des d\u00e9tails du produit\">\n<div class=\"description de l'attribut du produit\">\n<div class=\"description de la valeur\">\n<p> La s\u00e9rie de lubrifiants Mobil DTE\u2122\u00a0 Oil Named Series est constitu\u00e9e de lubrifiants \u00e0 circulation de performances haut de gamme con\u00e7us pour les applications, notamment les ensembles de turbines \u00e0 vapeur et hydro\u00e9lectriques et d&rsquo;autres syst\u00e8mes o\u00f9 une longue dur\u00e9e de vie du lubrifiant est requise. Les lubrifiants Mobil DTE Oil Named Series sont formul\u00e9s \u00e0 partir d&rsquo;huiles de base hautement raffin\u00e9es et d&rsquo;un syst\u00e8me d&rsquo;additifs qui offrent un niveau extr\u00eamement \u00e9lev\u00e9 de stabilit\u00e9 chimique et thermique, une s\u00e9paration rapide et compl\u00e8te de l&rsquo;eau et une haute r\u00e9sistance \u00e0 l&rsquo;\u00e9mulsification. Ils offrent une excellente protection contre la rouille et la corrosion, notamment une r\u00e9sistance \u00e0 l\u2019eau sal\u00e9e, et de bonnes propri\u00e9t\u00e9s anti-usure. Ils ont un indice de viscosit\u00e9 \u00e9lev\u00e9 qui garantit une variation minimale de l&rsquo;\u00e9paisseur du film en fonction de la temp\u00e9rature et une perte de puissance minimale pendant la p\u00e9riode de pr\u00e9chauffage. Ces qualit\u00e9s ont d&rsquo;excellentes propri\u00e9t\u00e9s de lib\u00e9ration d&rsquo;air qui permettent \u00e0 l&rsquo;air entra\u00een\u00e9 de se s\u00e9parer, \u00e9vitant ainsi la cavitation de la pompe et son fonctionnement irr\u00e9gulier.<\/p>\n<p> Mobil DTE Oil Named est le lubrifiant de choix pour de nombreux utilisateurs en raison de sa r\u00e9putation de longue dur\u00e9e de vie, d&rsquo;excellente protection des \u00e9quipements et de polyvalence exceptionnelle dans une grande vari\u00e9t\u00e9 d&rsquo;applications industrielles. Les lubrifiants DTE Oil Named sont largement utilis\u00e9s dans les turbines \u00e0 vapeur et les hydroturbines \u00e9quip\u00e9es de syst\u00e8mes de lubrification par \u00e9claboussures, par bain et par anneau, ainsi que dans toutes les autres m\u00e9thodes de circulation continue impliquant des pompes, des vannes et des \u00e9quipements auxiliaires. Cette s\u00e9rie de produits est recommand\u00e9e pour un service continu dans la lubrification des roulements lisses et des engrenages \u00e0 arbres parall\u00e8les. Ils ont \u00e9galement \u00e9t\u00e9 utilis\u00e9s avec succ\u00e8s dans les applications de compresseurs d\u2019air rotatifs, de compresseurs alternatifs de gaz naturel ainsi que de pompes \u00e0 vide. Leur r\u00e9putation repose sur plusieurs d\u00e9cennies de service r\u00e9ussi et d\u2019utilisateurs satisfaits.<\/p><\/div><\/div><\/div>\n<h2>Fonctionnalit\u00e9 et avantages potentiels<\/h2>\n<p> La famille de produits Mobil DTE est bien connue et hautement appr\u00e9ci\u00e9e dans le monde entier en raison de ses performances exceptionnelles et de son expertise R &amp; L&rsquo;expertise D et le support technique global qui soutiennent la marque. Les performances tr\u00e8s polyvalentes des huiles Mobil DTE Oil Named en ont fait l\u2019huile de choix pour une multitude d\u2019applications d\u2019\u00e9quipements industriels \u00e0 travers le monde.<\/p>\n<p> Les huiles Mobil DTE Named jouissent d&rsquo;une excellente r\u00e9putation dans la lubrification des syst\u00e8mes de circulation des turbines \u00e0 vapeur et des turbines hydro\u00e9lectriques, y compris les turbines \u00e0 engrenages, ainsi qu&rsquo;une grande vari\u00e9t\u00e9 d&rsquo;\u00e9quipements auxiliaires. \u00c0 mesure que les conceptions changent et augmentent en s\u00e9v\u00e9rit\u00e9, le d\u00e9fi de nos scientifiques en formulation est de comprendre l&rsquo;effet de ces changements sur le lubrifiant et de formuler ces produits pour la grande polyvalence pour laquelle ils sont reconnus.<\/p>\n<p> Pour la s\u00e9rie de lubrifiants Mobil DTE Oil Named, ce processus a abouti \u00e0 l&rsquo;utilisation d&rsquo;huiles de base sp\u00e9ciales pour une stabilit\u00e9 \u00e0 l&rsquo;oxydation exceptionnelle, ainsi qu&rsquo;une combinaison d&rsquo;additifs unique pour garantir l&rsquo;excellente et large gamme de performances de ces huiles. Un aper\u00e7u des caract\u00e9ristiques, des avantages et des avantages potentiels du produit est pr\u00e9sent\u00e9 ci-dessous.<\/p>\n<table class=\"table table-striped\">\n <t\u00eate><\/p>\n<tr>\n<th>Fonctionnalit\u00e9s<\/th>\n<th>Avantages et b\u00e9n\u00e9fices potentiels<\/th>\n<\/tr>\n<p> <\/t\u00eate><br \/>\n <corps><\/p>\n<tr>\n<td>Tr\u00e8s haut niveau de stabilit\u00e9 chimique et thermique et de r\u00e9sistance aux boues et au vernissage<\/td>\n<td>Longue dur\u00e9e de vie de la charge d&rsquo;huile dans les syst\u00e8mes de circulation et co\u00fbts de remplacement d&rsquo;huile r\u00e9duits, moins de temps d&rsquo;arr\u00eat impr\u00e9vus et co\u00fbts de maintenance r\u00e9duits<\/td>\n<\/tr>\n<tr>\n<td>Excellentes propri\u00e9t\u00e9s de lib\u00e9ration d&rsquo;eau<\/td>\n<td>Am\u00e9lioration de l&rsquo;efficacit\u00e9 op\u00e9rationnelle<\/td>\n<\/tr>\n<tr>\n<td>Tr\u00e8s bonne protection antiusure<\/td>\n<td>Dur\u00e9e de vie de l&rsquo;\u00e9quipement plus longue, maintenance et temps d&rsquo;arr\u00eat r\u00e9duits<\/td>\n<\/tr>\n<tr>\n<td>Protection \u00e0 long terme contre la rouille et la corrosion<\/td>\n<td>Dur\u00e9e de vie de l&rsquo;\u00e9quipement plus longue, maintenance et temps d&rsquo;arr\u00eat r\u00e9duits<\/td>\n<\/tr>\n<tr>\n<td>Haute r\u00e9sistance au moussage et excellente lib\u00e9ration de l&rsquo;air<\/td>\n<td>\u00c9vite la cavitation de la pompe, ainsi que le fonctionnement bruyant et irr\u00e9gulier<\/td>\n<\/tr>\n<tr>\n<td>Tr\u00e8s polyvalent\u00a0\u2013\u00a0applications multiples<\/td>\n<td>Rationnalisez les stocks et r\u00e9duisez les co\u00fbts d&rsquo;inventaire<\/td>\n<\/tr>\n<\/tbody>\n<\/table>\n<h2>Applications<\/h2>\n<p> La s\u00e9rie de lubrifiants Mobil DTE Oil Named est constitu\u00e9e de lubrifiants \u00e0 circulation de performances haut de gamme con\u00e7us pour les applications o\u00f9 une longue dur\u00e9e de vie du lubrifiant est requise. Les applications sp\u00e9cifiques incluent\u00a0:<\/p>\n<ul>\n<li>Turbines \u00e0 vapeur terrestres et marines, turbines hydrauliques et certains syst\u00e8mes de circulation de turbines \u00e0 gaz, y compris pompes, vannes et autres \u00e9quipements auxiliaires<\/li>\n<li>Service continu pour les roulements lisses et \u00e0 rouleaux et les engrenages \u00e0 arbres parall\u00e8les<\/li>\n<li>Turbines aliment\u00e9es en huile par \u00e9claboussures, par bain, par graissage annulaire ou par d&rsquo;autres moyens m\u00e9caniques<\/li>\n<li>Pompes hydrauliques de s\u00e9v\u00e9rit\u00e9 mod\u00e9r\u00e9e<\/li>\n<li>Compresseurs et pompes \u00e0 vide traitant de l&rsquo;air, du gaz naturel et des gaz inertes, et dont la temp\u00e9rature de refoulement ne d\u00e9passe pas 150\u00a0\u00b0C<\/li>\n<\/ul>\n<h2>Sp\u00e9cifications et homologations<\/h2>\n<h3>Satisfait ou d\u00e9passe les exigences de<\/h3>\n<ul>\n<li>DIN 51515-1\u00a0:\u00a02010-02<\/li>\n<li>DIN 51517-2\u00a0:\u00a02009-06<\/li>\n<li>DIN 51524-1\u00a0:\u00a02006-09<\/li>\n<\/ul>\n","protected":false},"excerpt":{"rendered":"<p>Les lubrifiants de la gamme de produits Mobil DTE\u2122 Oil Name Series sont des huiles de circulation haute performance d\u00e9velopp\u00e9es pour des applications o\u00f9 de longs intervalles de vidange sont souhait\u00e9s, notamment les turbines \u00e0 vapeur et les centrales hydro\u00e9lectriques.<\/p>\n","protected":false},"featured_media":10102,"template":"","meta":{"_acf_changed":false,"inline_featured_image":false},"product_brand":[],"product_cat":[221],"product_tag":[],"class_list":{"0":"post-9712","1":"product","2":"type-product","3":"status-publish","4":"has-post-thumbnail","6":"product_cat-huiles-pour-turbines-et-huiles-de-circulation","8":"first","9":"instock","10":"taxable","11":"shipping-taxable","12":"purchasable","13":"product-type-simple"},"acf":[],"_links":{"self":[{"href":"https:\/\/webshop.ingelbeen.be\/fr\/wp-json\/wp\/v2\/product\/9712","targetHints":{"allow":["GET"]}}],"collection":[{"href":"https:\/\/webshop.ingelbeen.be\/fr\/wp-json\/wp\/v2\/product"}],"about":[{"href":"https:\/\/webshop.ingelbeen.be\/fr\/wp-json\/wp\/v2\/types\/product"}],"wp:featuredmedia":[{"embeddable":true,"href":"https:\/\/webshop.ingelbeen.be\/fr\/wp-json\/wp\/v2\/media\/10102"}],"wp:attachment":[{"href":"https:\/\/webshop.ingelbeen.be\/fr\/wp-json\/wp\/v2\/media?parent=9712"}],"wp:term":[{"taxonomy":"product_brand","embeddable":true,"href":"https:\/\/webshop.ingelbeen.be\/fr\/wp-json\/wp\/v2\/product_brand?post=9712"},{"taxonomy":"product_cat","embeddable":true,"href":"https:\/\/webshop.ingelbeen.be\/fr\/wp-json\/wp\/v2\/product_cat?post=9712"},{"taxonomy":"product_tag","embeddable":true,"href":"https:\/\/webshop.ingelbeen.be\/fr\/wp-json\/wp\/v2\/product_tag?post=9712"}],"curies":[{"name":"wp","href":"https:\/\/api.w.org\/{rel}","templated":true}]}}