{"id":9720,"date":"2024-04-30T13:10:28","date_gmt":"2024-04-30T12:10:28","guid":{"rendered":"https:\/\/ingelbeen.kneet.be\/product\/mobil-dte-pm-220\/"},"modified":"2024-06-26T16:13:56","modified_gmt":"2024-06-26T15:13:56","slug":"mobil-dte-pm-220","status":"publish","type":"product","link":"https:\/\/webshop.ingelbeen.be\/fr\/produit\/mobil-dte-pm-220\/","title":{"rendered":"Mobil DTE PM 220"},"content":{"rendered":"<div class=\"compensation des d\u00e9tails du produit\">\n<div class=\"description de l'attribut du produit\">\n<div class=\"description de la valeur\">\n<p> Les produits Mobil DTE\u2122 s\u00e9rie PM sont des lubrifiants de haute qualit\u00e9 et hautes performances sp\u00e9cialement con\u00e7us pour les syst\u00e8mes de circulation exigeants des machines \u00e0 papier industrielles. Ils sont con\u00e7us pour fournir des qualit\u00e9s de lubrification exceptionnelles tout en prot\u00e9geant les composants du syst\u00e8me de la rouille et de la corrosion. Ceci est particuli\u00e8rement important dans la partie humide o\u00f9 l&rsquo;eau et les contaminants chimiques peuvent p\u00e9n\u00e9trer dans le syst\u00e8me de lubrification. Les huiles Mobil DTE PM Series sont formul\u00e9es pour offrir une protection maximale des engrenages et des roulements fonctionnant dans des conditions difficiles. Ils pr\u00e9sentent de bonnes caract\u00e9ristiques de viscosit\u00e9 permettant de r\u00e9duire les temps de d\u00e9marrage de la production tout en conservant d&rsquo;excellentes caract\u00e9ristiques de viscosit\u00e9 \u00e0 haute temp\u00e9rature. Les huiles DTE s\u00e9rie PM offrent une excellente r\u00e9sistance \u00e0 l&rsquo;oxydation et \u00e0 la d\u00e9gradation thermique, une protection exceptionnelle contre la rouille et la corrosion et un haut niveau de performance anti-usure.<\/p>\n<p> Les huiles Mobil DTE PM Series sont formul\u00e9es avec des huiles de base s\u00e9lectionn\u00e9es de haute qualit\u00e9 et un syst\u00e8me d&rsquo;additifs de technologie avanc\u00e9e exclusif soigneusement \u00e9quilibr\u00e9 pour atteindre des normes de performance \u00e9lev\u00e9es. Ces fluides permettent l&rsquo;utilisation de pressions de vapeur, de temp\u00e9ratures et de vitesses de machine \u00e9lev\u00e9es, courantes dans les machines \u00e0 papier \u00e0 haut rendement. Leur d\u00e9s\u00e9mulsibilit\u00e9 et leur filtrabilit\u00e9 exceptionnelles assurent d&rsquo;excellentes performances en pr\u00e9sence d&rsquo;eau et la capacit\u00e9 de conserver une filtration efficace m\u00eame \u00e0 des niveaux de filtration tr\u00e8s fins. Ils s\u00e9parent facilement l&rsquo;eau et conservent leurs caract\u00e9ristiques de couleur pendant de longues p\u00e9riodes de fonctionnement.<\/p><\/div><\/div><\/div>\n<h2>Fonctionnalit\u00e9 et avantages potentiels<\/h2>\n<p> Les huiles Mobil DTE PM Series ont prouv\u00e9 leurs performances dans la lubrification des machines \u00e0 papier modernes \u00e0 haut rendement. Leurs excellentes propri\u00e9t\u00e9s de performance dans les domaines de la protection contre l&rsquo;usure, de la stabilit\u00e9 am\u00e9lior\u00e9e \u00e0 l&rsquo;oxydation, de la stabilit\u00e9 chimique, de la protection efficace contre la rouille et la corrosion, de la stabilit\u00e9 des couleurs et de la filtrabilit\u00e9 contribuent \u00e0 prolonger les intervalles d&rsquo;entretien. Cela se traduit par une maintenance moindre, une dur\u00e9e de vie plus longue de l\u2019\u00e9quipement et une capacit\u00e9 de production accrue.<\/p>\n<table class=\"table table-striped\">\n <t\u00eate><\/p>\n<tr>\n<th>Fonctionnalit\u00e9s<\/th>\n<th>Avantages et b\u00e9n\u00e9fices potentiels<\/th>\n<\/tr>\n<p> <\/t\u00eate><br \/>\n <corps><\/p>\n<tr>\n<td>Protection exceptionnelle contre l&rsquo;usure<\/td>\n<td>Performances am\u00e9lior\u00e9es des roulements et des engrenages<\/td>\n<\/tr>\n<tr>\n<td>Oxydation et stabilit\u00e9 thermique exceptionnelles<\/td>\n<td>Dur\u00e9e de vie de l&rsquo;huile plus longue<\/td>\n<\/tr>\n<tr>\n<td><\/td>\n<td>Co\u00fbts de remplacement des filtres r\u00e9duits<\/td>\n<\/tr>\n<tr>\n<td><\/td>\n<td>Syst\u00e8mes de nettoyage<\/td>\n<\/tr>\n<tr>\n<td><\/td>\n<td>D\u00e9p\u00f4ts syst\u00e8me r\u00e9duits<\/td>\n<\/tr>\n<tr>\n<td>Propri\u00e9t\u00e9s efficaces de s\u00e9paration de l&rsquo;eau<\/td>\n<td>Permet une \u00e9limination plus facile de l&rsquo;eau<\/td>\n<\/tr>\n<tr>\n<td><\/td>\n<td>R\u00e9duit la formation d&rsquo;\u00e9mulsions dans les syst\u00e8mes<\/td>\n<\/tr>\n<tr>\n<td>Bonnes performances anti-fatigue<\/td>\n<td>R\u00e9duit les ruptures de fatigue des roulements et des engrenages<\/td>\n<\/tr>\n<tr>\n<td>Excellente filtrabilit\u00e9<\/td>\n<td>Maintient les conduites d&rsquo;huile et les m\u00e9canismes de contr\u00f4le de d\u00e9bit exempts de d\u00e9p\u00f4ts<\/td>\n<\/tr>\n<tr>\n<td><\/td>\n<td>Am\u00e9lioration du d\u00e9bit d&rsquo;huile et des performances de refroidissement<\/td>\n<\/tr>\n<tr>\n<td><\/td>\n<td>R\u00e9duit les co\u00fbts de remplacement des filtres<\/td>\n<\/tr>\n<tr>\n<td>Protection de haut niveau contre la rouille et la corrosion<\/td>\n<td>Prot\u00e8ge les engrenages et les roulements dans les environnements humides<\/td>\n<\/tr>\n<tr>\n<td><\/td>\n<td>Fournit une protection contre la corrosion dans un environnement mouill\u00e9 et humide<\/td>\n<\/tr>\n<\/tbody>\n<\/table>\n<h2>Applications<\/h2>\n<ul>\n<li>Lubrification des syst\u00e8mes de circulation des machines \u00e0 papier industrielles<\/li>\n<li>Application impliquant des syst\u00e8mes de circulation fonctionnant sur une large plage de temp\u00e9ratures<\/li>\n<li>Syst\u00e8mes qui doivent \u00eatre d\u00e9marr\u00e9s et mis en ligne rapidement<\/li>\n<li>Engrenages et roulements lubrifiants des syst\u00e8mes de circulation<\/li>\n<\/ul>\n","protected":false},"excerpt":{"rendered":"<p>La s\u00e9rie Mobil DTE\u2122 PM est une s\u00e9rie d&rsquo;huiles de lubrification de haute qualit\u00e9 avec de bonnes performances, sp\u00e9cialement formul\u00e9e pour la lubrification des machines \u00e0 papier industrielles exigeantes. Elles sont con\u00e7ues pour fournir une lubrification optimale et prot\u00e9ger les composants du syst\u00e8me contre la rouille et la corrosion. Cela est particuli\u00e8rement important dans la section humide o\u00f9 l&rsquo;eau et les contaminants chimiques infiltrent le syst\u00e8me de lubrification.<\/p>\n","protected":false},"featured_media":10102,"template":"","meta":{"_acf_changed":false,"inline_featured_image":false},"product_brand":[],"product_cat":[221],"product_tag":[],"class_list":{"0":"post-9720","1":"product","2":"type-product","3":"status-publish","4":"has-post-thumbnail","6":"product_cat-huiles-pour-turbines-et-huiles-de-circulation","8":"first","9":"instock","10":"taxable","11":"shipping-taxable","12":"purchasable","13":"product-type-simple"},"acf":[],"_links":{"self":[{"href":"https:\/\/webshop.ingelbeen.be\/fr\/wp-json\/wp\/v2\/product\/9720","targetHints":{"allow":["GET"]}}],"collection":[{"href":"https:\/\/webshop.ingelbeen.be\/fr\/wp-json\/wp\/v2\/product"}],"about":[{"href":"https:\/\/webshop.ingelbeen.be\/fr\/wp-json\/wp\/v2\/types\/product"}],"wp:featuredmedia":[{"embeddable":true,"href":"https:\/\/webshop.ingelbeen.be\/fr\/wp-json\/wp\/v2\/media\/10102"}],"wp:attachment":[{"href":"https:\/\/webshop.ingelbeen.be\/fr\/wp-json\/wp\/v2\/media?parent=9720"}],"wp:term":[{"taxonomy":"product_brand","embeddable":true,"href":"https:\/\/webshop.ingelbeen.be\/fr\/wp-json\/wp\/v2\/product_brand?post=9720"},{"taxonomy":"product_cat","embeddable":true,"href":"https:\/\/webshop.ingelbeen.be\/fr\/wp-json\/wp\/v2\/product_cat?post=9720"},{"taxonomy":"product_tag","embeddable":true,"href":"https:\/\/webshop.ingelbeen.be\/fr\/wp-json\/wp\/v2\/product_tag?post=9720"}],"curies":[{"name":"wp","href":"https:\/\/api.w.org\/{rel}","templated":true}]}}