{"id":9722,"date":"2024-04-30T13:10:28","date_gmt":"2024-04-30T12:10:28","guid":{"rendered":"https:\/\/ingelbeen.kneet.be\/product\/mobil-e-somentor-ah-70\/"},"modified":"2024-06-26T16:13:56","modified_gmt":"2024-06-26T15:13:56","slug":"mobil-e-somentor-ah-70","status":"publish","type":"product","link":"https:\/\/webshop.ingelbeen.be\/fr\/produit\/mobil-e-somentor-ah-70\/","title":{"rendered":"Mobil E Somentor AH 70"},"content":{"rendered":"<p>Somentor AH 45, AH 70 et AL 70 sont des huiles enti\u00e8rement compos\u00e9es de premi\u00e8re qualit\u00e9, adapt\u00e9es au laminage \u00e0 froid des m\u00e9taux ferreux et non ferreux.\u00a0Ces huiles sont formul\u00e9es avec des huiles de base de haute qualit\u00e9 et des additifs pour huiles de rouleaux sp\u00e9cialement s\u00e9lectionn\u00e9s pour r\u00e9pondre aux exigences de performance exigeantes de ces applications.<\/p>\n<h2>Caract\u00e9ristiques et avantages<\/h2>\n<p> Les huiles Somentor s\u00e9rie A sont formul\u00e9es pour assurer efficacement une production de qualit\u00e9 de pi\u00e8ces lamin\u00e9es \u00e0 froid en acier ou en m\u00e9taux non ferreux.\u00a0 Les caract\u00e9ristiques et avantages incluent\u00a0:<\/p>\n<ul>\n<li>D\u00e9livrance d&rsquo;un \u00e9tat de surface brillant sur m\u00e9tal lamin\u00e9<\/li>\n<li>\u00c9vaporation propre lors du processus de recuit pour \u00e9viter les r\u00e9sidus\/d\u00e9p\u00f4ts<\/li>\n<li>Filtration facile pour prolonger la dur\u00e9e de vie de l&rsquo;huile<\/li>\n<li>Convient \u00e0 une large gamme de m\u00e9taux<\/li>\n<li>La faible viscosit\u00e9 de Somentor AH45 am\u00e9liore l&rsquo;efficacit\u00e9 du refroidissement et peut \u00eatre m\u00e9lang\u00e9e pour ajuster de mani\u00e8re rentable la viscosit\u00e9 des huiles de laminage \u00e0 froid AH 70 et AL 70.<\/li>\n<\/ul>\n<h2>Applications<\/h2>\n<p> La s\u00e9rie Somentor A offre une lubrification et un refroidissement fiables et efficaces lors d&rsquo;une grande vari\u00e9t\u00e9 d&rsquo;applications de laminage \u00e0 froid.<\/p>\n<ul>\n<li>Adapt\u00e9s \u00e0 une large gamme de m\u00e9taux ferreux et non ferreux, les produits Somentor de la s\u00e9rie A peuvent \u00eatre utilis\u00e9s pour laminer \u00e0 froid l&rsquo;acier inoxydable \u00e0 haute teneur en carbone, aust\u00e9nitique et ferritique, ainsi que le cuivre et ses alliages.<\/li>\n<li>La s\u00e9rie Somentor\u00a0A peut \u00eatre utilis\u00e9e sur toutes les configurations de broyeurs, y compris les broyeurs 4\u00a0hauts jusqu&rsquo;aux broyeurs multi-cylindres 20\u00a0hauts.<\/li>\n<li>Les produits Somentor de la s\u00e9rie A conviennent \u00e0 la lubrification des roulements de secours dans les broyeurs multi-hi.<\/li>\n<li>Peut \u00eatre utilis\u00e9 dans les applications o\u00f9 les syst\u00e8mes de filtrage utilisent un m\u00e9dia filtrant terrestre actif et\/ou inactif.<\/li>\n<li>Les qualit\u00e9s Somentor de la s\u00e9rie A conviennent \u00e0 une utilisation dans les syst\u00e8mes hydrauliques des laminoirs afin de r\u00e9duire les effets de contamination, en fonction de l&rsquo;ad\u00e9quation de la pompe aux huiles \u00e0 faible viscosit\u00e9.<\/li>\n<\/ul>\n","protected":false},"excerpt":{"rendered":"<p>Somentor AH 45, AH 70 et AL 70 sont des huiles de qualit\u00e9 sup\u00e9rieure, enti\u00e8rement formul\u00e9es, adapt\u00e9es au laminage \u00e0 froid des m\u00e9taux ferreux et non ferreux. Ces huiles sont formul\u00e9es avec des huiles de base de haute qualit\u00e9 et des additifs de laminage sp\u00e9cialement s\u00e9lectionn\u00e9s pour r\u00e9pondre aux exigences de performance rigoureuses de ces applications.<\/p>\n","protected":false},"featured_media":10102,"template":"","meta":{"_acf_changed":false,"inline_featured_image":false},"product_brand":[],"product_cat":[183],"product_tag":[],"class_list":{"0":"post-9722","1":"product","2":"type-product","3":"status-publish","4":"has-post-thumbnail","6":"product_cat-divers","8":"first","9":"instock","10":"taxable","11":"shipping-taxable","12":"purchasable","13":"product-type-simple"},"acf":[],"_links":{"self":[{"href":"https:\/\/webshop.ingelbeen.be\/fr\/wp-json\/wp\/v2\/product\/9722","targetHints":{"allow":["GET"]}}],"collection":[{"href":"https:\/\/webshop.ingelbeen.be\/fr\/wp-json\/wp\/v2\/product"}],"about":[{"href":"https:\/\/webshop.ingelbeen.be\/fr\/wp-json\/wp\/v2\/types\/product"}],"wp:featuredmedia":[{"embeddable":true,"href":"https:\/\/webshop.ingelbeen.be\/fr\/wp-json\/wp\/v2\/media\/10102"}],"wp:attachment":[{"href":"https:\/\/webshop.ingelbeen.be\/fr\/wp-json\/wp\/v2\/media?parent=9722"}],"wp:term":[{"taxonomy":"product_brand","embeddable":true,"href":"https:\/\/webshop.ingelbeen.be\/fr\/wp-json\/wp\/v2\/product_brand?post=9722"},{"taxonomy":"product_cat","embeddable":true,"href":"https:\/\/webshop.ingelbeen.be\/fr\/wp-json\/wp\/v2\/product_cat?post=9722"},{"taxonomy":"product_tag","embeddable":true,"href":"https:\/\/webshop.ingelbeen.be\/fr\/wp-json\/wp\/v2\/product_tag?post=9722"}],"curies":[{"name":"wp","href":"https:\/\/api.w.org\/{rel}","templated":true}]}}