{"id":9732,"date":"2024-04-30T13:10:27","date_gmt":"2024-04-30T12:10:27","guid":{"rendered":"https:\/\/ingelbeen.kneet.be\/product\/mobil-dte-24-2\/"},"modified":"2024-06-26T16:13:53","modified_gmt":"2024-06-26T15:13:53","slug":"mobil-dte-24-2","status":"publish","type":"product","link":"https:\/\/webshop.ingelbeen.be\/fr\/produit\/mobil-dte-24-2\/","title":{"rendered":"Mobil DTE 24"},"content":{"rendered":"<div class=\"compensation des d\u00e9tails du produit\">\n<div class=\"description de l'attribut du produit\">\n<div class=\"description de la valeur\">\n<p> Les huiles Mobil DTE\u2122 s\u00e9rie 20 sont des huiles hydrauliques anti-usure hautes performances.<\/p>\n<p> Ils r\u00e9pondent aux exigences strictes des syst\u00e8mes hydrauliques utilisant des pompes haute pression et \u00e0 haut d\u00e9bit ainsi que d&rsquo;autres composants du syst\u00e8me hydraulique tels que des servovalves \u00e0 jeu r\u00e9duit et des machines-outils \u00e0 commande num\u00e9rique (NC).<\/p>\n<p> Ces produits r\u00e9pondaient aux exigences de performance les plus rigoureuses d&rsquo;un large \u00e9ventail de fabricants de syst\u00e8mes et de composants hydrauliques, permettant l&rsquo;utilisation d&rsquo;un seul produit dot\u00e9 d&rsquo;excellentes caract\u00e9ristiques de performance.<\/p><\/div><\/div><\/div>\n<h2>Fonctionnalit\u00e9 et avantages potentiels<\/h2>\n<ul>\n<li>L&rsquo;excellente stabilit\u00e9 \u00e0 l&rsquo;oxydation permet de r\u00e9duire les temps d&rsquo;arr\u00eat et les co\u00fbts de maintenance en contribuant \u00e0 la propret\u00e9 du syst\u00e8me et \u00e0 la r\u00e9duction des d\u00e9p\u00f4ts, et permet une longue dur\u00e9e de vie de l&rsquo;huile et du filtre<\/li>\n<li>Une protection am\u00e9lior\u00e9e contre l&rsquo;usure et la corrosion des composants du syst\u00e8me gr\u00e2ce \u00e0 diverses m\u00e9tallurgies permet de prolonger la dur\u00e9e de vie des composants et d&rsquo;am\u00e9liorer la capacit\u00e9 de production<\/li>\n<li>La d\u00e9s\u00e9mulsibilit\u00e9 contr\u00f4l\u00e9e prot\u00e8ge les syst\u00e8mes des petites et grandes quantit\u00e9s d&rsquo;eau<\/li>\n<li>Garder les propri\u00e9t\u00e9s propres, r\u00e9duire les d\u00e9p\u00f4ts et les boues du syst\u00e8me, contribuer \u00e0 prot\u00e9ger les \u00e9quipements et \u00e0 prolonger leur dur\u00e9e de vie, \u00e0 r\u00e9duire les co\u00fbts de maintenance et \u00e0 am\u00e9liorer les performances globales du syst\u00e8me.<\/li>\n<li>La r\u00e9serve de qualit\u00e9 maintient les performances m\u00eame dans des conditions de service difficiles et des intervalles de vidange prolong\u00e9s<\/li>\n<\/ul>\n<h2>Applications<\/h2>\n<ul>\n<li>Syst\u00e8mes hydrauliques essentiels \u00e0 l&rsquo;accumulation de d\u00e9p\u00f4ts ou \u00e0 la formation de boues et de d\u00e9p\u00f4ts avec des produits conventionnels<\/li>\n<li>Syst\u00e8mes hydrauliques n\u00e9cessitant une capacit\u00e9 de charge \u00e9lev\u00e9e et une protection anti-usure, et lorsqu&rsquo;une fine couche d&rsquo;huile contre la corrosion est un atout<\/li>\n<li>Lorsque de petites quantit\u00e9s d&rsquo;eau sont in\u00e9vitables<\/li>\n<li>Syst\u00e8mes contenant des engrenages et des roulements<\/li>\n<li>Machines utilisant une large gamme de composants utilisant diverses m\u00e9tallurgies<\/li>\n<\/ul>\n<h2>Sp\u00e9cifications et homologations<\/h2>\n<h3>Satisfait ou d\u00e9passe les exigences de<\/h3>\n<ul>\n<li>DIN 51524-2\u00a0:\u00a02006-09<\/li>\n<\/ul>\n","protected":false},"excerpt":{"rendered":"<p>La s\u00e9rie Mobil DTE\u2122 20 se compose d&rsquo;huiles hydrauliques anti-usure hautes performances con\u00e7ues pour r\u00e9pondre aux exigences d&rsquo;une large gamme d&rsquo;\u00e9quipements hydrauliques.<\/p>\n","protected":false},"featured_media":10102,"template":"","meta":{"_acf_changed":false,"inline_featured_image":false},"product_brand":[],"product_cat":[219],"product_tag":[],"class_list":{"0":"post-9732","1":"product","2":"type-product","3":"status-publish","4":"has-post-thumbnail","6":"product_cat-huiles-hydrauliques","8":"first","9":"instock","10":"taxable","11":"shipping-taxable","12":"purchasable","13":"product-type-simple"},"acf":[],"_links":{"self":[{"href":"https:\/\/webshop.ingelbeen.be\/fr\/wp-json\/wp\/v2\/product\/9732","targetHints":{"allow":["GET"]}}],"collection":[{"href":"https:\/\/webshop.ingelbeen.be\/fr\/wp-json\/wp\/v2\/product"}],"about":[{"href":"https:\/\/webshop.ingelbeen.be\/fr\/wp-json\/wp\/v2\/types\/product"}],"wp:featuredmedia":[{"embeddable":true,"href":"https:\/\/webshop.ingelbeen.be\/fr\/wp-json\/wp\/v2\/media\/10102"}],"wp:attachment":[{"href":"https:\/\/webshop.ingelbeen.be\/fr\/wp-json\/wp\/v2\/media?parent=9732"}],"wp:term":[{"taxonomy":"product_brand","embeddable":true,"href":"https:\/\/webshop.ingelbeen.be\/fr\/wp-json\/wp\/v2\/product_brand?post=9732"},{"taxonomy":"product_cat","embeddable":true,"href":"https:\/\/webshop.ingelbeen.be\/fr\/wp-json\/wp\/v2\/product_cat?post=9732"},{"taxonomy":"product_tag","embeddable":true,"href":"https:\/\/webshop.ingelbeen.be\/fr\/wp-json\/wp\/v2\/product_tag?post=9732"}],"curies":[{"name":"wp","href":"https:\/\/api.w.org\/{rel}","templated":true}]}}