{"id":9764,"date":"2024-04-30T13:10:26","date_gmt":"2024-04-30T12:10:26","guid":{"rendered":"https:\/\/ingelbeen.kneet.be\/product\/mobil-delvac-xhp-extra-10w-40-4\/"},"modified":"2024-06-26T16:13:51","modified_gmt":"2024-06-26T15:13:51","slug":"mobil-delvac-xhp-extra-10w-40-4","status":"publish","type":"product","link":"https:\/\/webshop.ingelbeen.be\/fr\/produit\/mobil-delvac-xhp-extra-10w-40-4\/","title":{"rendered":"Mobil Delvac XHP Extra 10W-40"},"content":{"rendered":"<div class=\"compensation des d\u00e9tails du produit\">\n<div class=\"description de l'attribut du produit\">\n<div class=\"description de la valeur\">\n<p> Mobil Delvac XHP Extra 10W-40 est une huile synth\u00e9tique pour moteur diesel \u00e0 tr\u00e8s hautes performances con\u00e7ue pour fournir une lubrification exceptionnelle aux moteurs diesel modernes \u00e0 hautes performances utilis\u00e9s dans des applications s\u00e9v\u00e8res sur et hors route. Cette huile pour moteur diesel est con\u00e7ue \u00e0 partir d&rsquo;huiles de base hautes performances qui offrent une excellente fluidit\u00e9 \u00e0 basse temp\u00e9rature, une r\u00e9tention de viscosit\u00e9 \u00e0 haute temp\u00e9rature, un contr\u00f4le de la volatilit\u00e9 et une am\u00e9lioration de l&rsquo;\u00e9conomie de carburant. Ces huiles de base sont enrichies d&rsquo;un syst\u00e8me d&rsquo;additifs avanc\u00e9, qui offre un haut niveau de protection \u00e0 toutes les pi\u00e8ces du moteur. Mobil Delvac XHP Extra 10W-40 est con\u00e7u pour fournir de longs intervalles de vidange d&rsquo;huile dans les moteurs diesel modernes.<\/p><\/div><\/div><\/div>\n<h2>Fonctionnalit\u00e9 et avantages potentiels<\/h2>\n<p> Les moteurs \u00e0 haut rendement et \u00e0 faibles \u00e9missions ont consid\u00e9rablement accru les exigences en mati\u00e8re de lubrifiants moteur. Des conceptions de moteur plus strictes r\u00e9duisent la consommation d&rsquo;huile, ce qui entra\u00eene moins d&rsquo;huile fra\u00eeche pour reconstituer les additifs \u00e9puis\u00e9s. Les contraintes thermiques sur le lubrifiant sont augment\u00e9es avec l&rsquo;utilisation de refroidisseurs interm\u00e9diaires et de turbocompresseurs. Une pression d&rsquo;injection de carburant plus \u00e9lev\u00e9e et un calage retard\u00e9 am\u00e9liorent l&rsquo;efficacit\u00e9 de la combustion, mais augmentent \u00e9galement la temp\u00e9rature du moteur, la volatilit\u00e9 et la charge de suie de l&rsquo;huile. La technologie avanc\u00e9e de Mobil Delvac XHP Extra 10W-40 offre des performances exceptionnelles dans les moteurs diesel modernes ainsi que dans les mod\u00e8les plus anciens. Les principaux avantages comprennent\u00a0:<\/p>\n<table class=\"table table-striped\">\n <t\u00eate><\/p>\n<tr>\n<th>Fonctionnalit\u00e9s<\/th>\n<th>Avantages et b\u00e9n\u00e9fices potentiels<\/th>\n<\/tr>\n<p> <\/t\u00eate><br \/>\n <corps><\/p>\n<tr>\n<td>Protection exceptionnelle contre l&rsquo;\u00e9paississement de l&rsquo;huile, les d\u00e9p\u00f4ts \u00e0 haute temp\u00e9rature, l&rsquo;accumulation de boues, la d\u00e9gradation de l&rsquo;huile et la corrosion<\/td>\n<td>Usure r\u00e9duite et longue dur\u00e9e de vie du moteur, Contr\u00f4le exceptionnel des d\u00e9p\u00f4ts \u00e0 haute temp\u00e9rature<\/td>\n<\/tr>\n<tr>\n<td>R\u00e9duction des \u00e9raflures du moteur et protection contre le polissage de l&rsquo;al\u00e9sage<\/td>\n<td>Excellente protection contre le collage des anneaux<\/td>\n<\/tr>\n<tr>\n<td>R\u00e9serve TBN \u00e9tendue<\/td>\n<td>Contr\u00f4le des d\u00e9p\u00f4ts\/usure \u00e0 long terme, potentiel de vidange d&rsquo;huile \u00e9tendu<\/td>\n<\/tr>\n<tr>\n<td>Excellentes propri\u00e9t\u00e9s \u00e0 basse temp\u00e9rature<\/td>\n<td>Pomposabilit\u00e9 et circulation d&rsquo;huile am\u00e9lior\u00e9es, protection contre l&rsquo;usure au d\u00e9marrage<\/td>\n<\/tr>\n<tr>\n<td>Stabilit\u00e9 au cisaillement stable, faible volatilit\u00e9<\/td>\n<td>Contribue \u00e0 r\u00e9duire la d\u00e9gradation de la viscosit\u00e9 et la consommation d&rsquo;huile dans des conditions de fonctionnement intensives et \u00e0 haute temp\u00e9rature<\/td>\n<\/tr>\n<tr>\n<td>Excellent indice de viscosit\u00e9<\/td>\n<td>Large gamme d&rsquo;applications de moteurs et de temp\u00e9ratures<\/td>\n<\/tr>\n<\/tbody>\n<\/table>\n<h2>Applications<\/h2>\n<p> <strong>Recommand\u00e9 par ExxonMobil pour une utilisation dans\u00a0:<\/strong><\/p>\n<ul>\n<li>Moteurs diesel \u00e0 aspiration naturelle et turbocompress\u00e9s fabriqu\u00e9s par des constructeurs europ\u00e9ens et japonais<\/li>\n<li>Camionnage l\u00e9ger et lourd sur route<\/li>\n<li>Industries hors route, notamment\u00a0: construction, mines, carri\u00e8res et agriculture<\/li>\n<\/ul>\n<h2>Sp\u00e9cifications et homologations<\/h2>\n<h3>Satisfait ou d\u00e9passe les exigences de<\/h3>\n<ul>\n<li>ACEA\u00a0E7\/E4<\/li>\n<li>Renault Trucks RXD<\/li>\n<\/ul>\n<h3>Ce produit r\u00e9pond aux exigences selon Exxonmobil<\/h3>\n<ul>\n<li>Cummins CES 20072<\/li>\n<li>API\u00a0CF<\/li>\n<li>Scania LDF-2<\/li>\n<\/ul>\n<h3>Ce produit poss\u00e8de les approbations de constructeur suivantes<\/h3>\n<ul>\n<li>HOMME M 3277<\/li>\n<li>Approbation MB 228.5<\/li>\n<li>Approbation MB 235.27<\/li>\n<li>Volvo VDS-3\/VDS-2<\/li>\n<li>Huile MTU de cat\u00e9gorie\u00a03<\/li>\n<li>Scania LDF-3<\/li>\n<li>ZF TE-ML 04C<\/li>\n<li>Huile retardatrice Voith de classe A<\/li>\n<\/ul>\n","protected":false},"excerpt":{"rendered":"<p>Mobil Delvac XHP Extra 10W-40 est une huile moteur synth\u00e9tique extra haute performance pour moteurs diesel, con\u00e7ue pour offrir une lubrification excellente des moteurs diesel modernes dans des applications lourdes dans le transport et la construction.<\/p>\n","protected":false},"featured_media":10353,"template":"","meta":{"_acf_changed":false,"inline_featured_image":false},"product_brand":[],"product_cat":[214],"product_tag":[],"class_list":{"0":"post-9764","1":"product","2":"type-product","3":"status-publish","4":"has-post-thumbnail","6":"product_cat-huiles-moteurs","8":"first","9":"instock","10":"taxable","11":"shipping-taxable","12":"purchasable","13":"product-type-simple"},"acf":[],"_links":{"self":[{"href":"https:\/\/webshop.ingelbeen.be\/fr\/wp-json\/wp\/v2\/product\/9764","targetHints":{"allow":["GET"]}}],"collection":[{"href":"https:\/\/webshop.ingelbeen.be\/fr\/wp-json\/wp\/v2\/product"}],"about":[{"href":"https:\/\/webshop.ingelbeen.be\/fr\/wp-json\/wp\/v2\/types\/product"}],"wp:featuredmedia":[{"embeddable":true,"href":"https:\/\/webshop.ingelbeen.be\/fr\/wp-json\/wp\/v2\/media\/10353"}],"wp:attachment":[{"href":"https:\/\/webshop.ingelbeen.be\/fr\/wp-json\/wp\/v2\/media?parent=9764"}],"wp:term":[{"taxonomy":"product_brand","embeddable":true,"href":"https:\/\/webshop.ingelbeen.be\/fr\/wp-json\/wp\/v2\/product_brand?post=9764"},{"taxonomy":"product_cat","embeddable":true,"href":"https:\/\/webshop.ingelbeen.be\/fr\/wp-json\/wp\/v2\/product_cat?post=9764"},{"taxonomy":"product_tag","embeddable":true,"href":"https:\/\/webshop.ingelbeen.be\/fr\/wp-json\/wp\/v2\/product_tag?post=9764"}],"curies":[{"name":"wp","href":"https:\/\/api.w.org\/{rel}","templated":true}]}}