{"id":9774,"date":"2024-04-30T13:10:26","date_gmt":"2024-04-30T12:10:26","guid":{"rendered":"https:\/\/ingelbeen.kneet.be\/product\/mobil-dexron-vi-atf\/"},"modified":"2024-06-26T16:13:51","modified_gmt":"2024-06-26T15:13:51","slug":"mobil-dexron-vi-atf","status":"publish","type":"product","link":"https:\/\/webshop.ingelbeen.be\/fr\/produit\/mobil-dexron-vi-atf\/","title":{"rendered":"Mobil Dexron VI ATF"},"content":{"rendered":"<p>Avantages offerts par Mobil DEXRON-VI ATF par rapport aux fluides de transmission de type Dexron\/Mercon\u00a0:<\/p>\n<ul>\n<li>Dur\u00e9e de vie prolong\u00e9e du fluide<\/li>\n<li>Am\u00e9lioration de l&rsquo;oxydation et de la stabilit\u00e9 thermique<\/li>\n<li>Propri\u00e9t\u00e9s de friction optimis\u00e9es qui assurent un changement de vitesse fluide lors d&rsquo;un fonctionnement \u00e0 basse temp\u00e9rature et aident \u00e0 pr\u00e9venir les vibrations de la transmission<\/li>\n<li>R\u00e9sistance exceptionnelle \u00e0 la formation de boues et de d\u00e9p\u00f4ts<\/li>\n<li>Protection anti-usure am\u00e9lior\u00e9e qui contribue \u00e0 prolonger la dur\u00e9e de vie de la transmission<\/li>\n<li>Performances exceptionnelles \u00e0 basse temp\u00e9rature<\/li>\n<\/ul>\n<h2>Applications<\/h2>\n<p> Mobil DEXRON-VI ATF offre une protection de garantie pour les v\u00e9hicules GM 2006 et plus r\u00e9cents.<\/p>\n<h2>Sp\u00e9cifications et homologations<\/h2>\n<h3>Satisfait ou d\u00e9passe les exigences de<\/h3>\n<ul>\n<li>DEXRON-VI de General Motors<\/li>\n<\/ul>\n","protected":false},"excerpt":{"rendered":"<p>Mobil DEXRON-VI ATF est une formulation de m\u00e9lange synth\u00e9tique haute performance qui r\u00e9pond ou d\u00e9passe les exigences strictes de la sp\u00e9cification DEXRON-VI de GM et offre une protection de garantie pour les v\u00e9hicules GM 2006 et plus r\u00e9cents. Il offre \u00e9galement des performances am\u00e9lior\u00e9es dans les anciens v\u00e9hicules GM, partout o\u00f9 DEXRON est sp\u00e9cifi\u00e9. <\/p>\n","protected":false},"featured_media":10108,"template":"","meta":{"_acf_changed":false,"inline_featured_image":false},"product_brand":[],"product_cat":[220],"product_tag":[],"class_list":{"0":"post-9774","1":"product","2":"type-product","3":"status-publish","4":"has-post-thumbnail","6":"product_cat-huiles-pour-transmissions-et-atf","8":"first","9":"instock","10":"taxable","11":"shipping-taxable","12":"purchasable","13":"product-type-simple"},"acf":[],"_links":{"self":[{"href":"https:\/\/webshop.ingelbeen.be\/fr\/wp-json\/wp\/v2\/product\/9774","targetHints":{"allow":["GET"]}}],"collection":[{"href":"https:\/\/webshop.ingelbeen.be\/fr\/wp-json\/wp\/v2\/product"}],"about":[{"href":"https:\/\/webshop.ingelbeen.be\/fr\/wp-json\/wp\/v2\/types\/product"}],"wp:featuredmedia":[{"embeddable":true,"href":"https:\/\/webshop.ingelbeen.be\/fr\/wp-json\/wp\/v2\/media\/10108"}],"wp:attachment":[{"href":"https:\/\/webshop.ingelbeen.be\/fr\/wp-json\/wp\/v2\/media?parent=9774"}],"wp:term":[{"taxonomy":"product_brand","embeddable":true,"href":"https:\/\/webshop.ingelbeen.be\/fr\/wp-json\/wp\/v2\/product_brand?post=9774"},{"taxonomy":"product_cat","embeddable":true,"href":"https:\/\/webshop.ingelbeen.be\/fr\/wp-json\/wp\/v2\/product_cat?post=9774"},{"taxonomy":"product_tag","embeddable":true,"href":"https:\/\/webshop.ingelbeen.be\/fr\/wp-json\/wp\/v2\/product_tag?post=9774"}],"curies":[{"name":"wp","href":"https:\/\/api.w.org\/{rel}","templated":true}]}}