{"id":9782,"date":"2024-04-30T13:10:26","date_gmt":"2024-04-30T12:10:26","guid":{"rendered":"https:\/\/ingelbeen.kneet.be\/product\/mobil-dte-10-excel-15-2\/"},"modified":"2024-06-26T16:13:52","modified_gmt":"2024-06-26T15:13:52","slug":"mobil-dte-10-excel-15-2","status":"publish","type":"product","link":"https:\/\/webshop.ingelbeen.be\/fr\/produit\/mobil-dte-10-excel-15-2\/","title":{"rendered":"Mobil DTE 10 Excel 15"},"content":{"rendered":"<div class=\"compensation des d\u00e9tails du produit\">\n<div class=\"description de l'attribut du produit\">\n<div class=\"description de la valeur\">\n<div class=\"description de la valeur\">\n<p> La s\u00e9rie Mobil DTE 10 Excel\u2122 est compos\u00e9e d&rsquo;huiles hydrauliques anti-usure hautes performances sp\u00e9cialement con\u00e7ues pour r\u00e9pondre aux besoins des syst\u00e8mes hydrauliques modernes, haute pression, des \u00e9quipements industriels et mobiles.<\/p>\n<p> La s\u00e9rie Mobil DTE 10 Excel est construite \u00e0 partir d&rsquo;huiles de base s\u00e9lectionn\u00e9es et d&rsquo;un syst\u00e8me d&rsquo;additifs exclusif pour offrir des performances bien \u00e9quilibr\u00e9es dans une gamme d&rsquo;applications.\u00a0 Les produits pr\u00e9sentent une stabilit\u00e9 exceptionnelle \u00e0 l&rsquo;oxydation et \u00e0 la chaleur, permettant une longue dur\u00e9e de vie de l&rsquo;huile et une formation de d\u00e9p\u00f4ts minimis\u00e9e dans les syst\u00e8mes hydrauliques s\u00e9v\u00e8res utilisant des pompes haute pression et haut d\u00e9bit.\u00a0 La performance innovante ultra-propre prot\u00e8ge les composants critiques du syst\u00e8me hydraulique contre les dysfonctionnements, tels que les servomoteurs \u00e0 tol\u00e9rance serr\u00e9e et les vannes proportionnelles que l&rsquo;on trouve dans de nombreux syst\u00e8mes hydrauliques modernes.\u00a0 L&rsquo;indice de viscosit\u00e9 \u00e9lev\u00e9 et stable au cisaillement permet une large plage de temp\u00e9ratures de fonctionnement, maintenant une efficacit\u00e9 hydraulique maximale et une protection des composants \u00e0 basse et haute temp\u00e9rature.\u00a0 Les propri\u00e9t\u00e9s exceptionnelles de lib\u00e9ration d&rsquo;air offrent une mesure suppl\u00e9mentaire de protection dans les syst\u00e8mes \u00e0 faible temps de s\u00e9jour, aidant ainsi \u00e0 pr\u00e9venir les dommages par cavitation et le microdiesel.\u00a0 L&rsquo;huile de base et les additifs soigneusement s\u00e9lectionn\u00e9s permettent de passer les r\u00e9sultats des tests de toxicit\u00e9 aquatique aigu\u00eb (LC-50, OCDE 203) et le syst\u00e8me anti-usure sans zinc offre un degr\u00e9 \u00e9lev\u00e9 de protection dans les pompes \u00e0 engrenages, \u00e0 palettes et \u00e0 pistons tout en minimisant la formation de d\u00e9p\u00f4ts.<\/p>\n<p> Formul\u00e9e \u00e0 partir de tests approfondis en laboratoire et sur le terrain, la s\u00e9rie Mobil DTE 10 Excel peut contribuer \u00e0 fournir des augmentations quantifiables de l&rsquo;efficacit\u00e9 hydraulique par rapport aux autres huiles hydrauliques Mobil\u2122.\u00a0 Cela peut se traduire par une consommation d\u2019\u00e9nergie r\u00e9duite ou une augmentation du rendement de la machine, ce qui se traduit par des \u00e9conomies mon\u00e9taires.<\/p>\n<p> Lors de tests d&rsquo;efficacit\u00e9 contr\u00f4l\u00e9s en laboratoire, Mobil DTE 10 Excel a \u00e9t\u00e9 mesur\u00e9 pour fournir jusqu&rsquo;\u00e0 six pour cent d&rsquo;am\u00e9lioration de l&rsquo;efficacit\u00e9 de la pompe hydraulique par rapport \u00e0 Mobil DTE 20 lorsqu&rsquo;il fonctionne dans des applications hydrauliques standard.<\/p>\n<p> Lors de d\u00e9monstrations suppl\u00e9mentaires en laboratoire et sur le terrain men\u00e9es sur une large gamme de syst\u00e8mes hydrauliques modernes, la s\u00e9rie Mobil DTE 10 Excel a d\u00e9montr\u00e9, par rapport aux fluides hydrauliques conventionnels Mobil, une dur\u00e9e de vie exceptionnelle de l&rsquo;huile, d\u00e9passant ces fluides jusqu&rsquo;\u00e0 trois fois, tout en conservant une dur\u00e9e de vie exceptionnelle. propret\u00e9 du syst\u00e8me hydraulique et protection des composants.\u00a0 Mobil DTE 10 Excel a \u00e9galement d\u00e9montr\u00e9 la valeur de son indice de viscosit\u00e9 \u00e9lev\u00e9 et de sa stabilit\u00e9 exceptionnelle au cisaillement en fonctionnant avec succ\u00e8s \u00e0 des temp\u00e9ratures aussi basses que -34\u00b0C et en maintenant le niveau de viscosit\u00e9 ISO.<\/p>\n<p> Mobil DTE 10 Excel a \u00e9galement \u00e9t\u00e9 test\u00e9 sur des pompes \u00e0 palettes standard dans des conditions contr\u00f4l\u00e9es directement par rapport \u00e0 des produits concurrents.\u00a0 \u00c0 la fin du test de 30 minutes, Mobil DTE 10 Excel a g\u00e9n\u00e9r\u00e9 moins de chaleur dans le syst\u00e8me et les temp\u00e9ratures du syst\u00e8me ont \u00e9t\u00e9 mesur\u00e9es comme \u00e9tant de 6\u00b0C \u00e0 7\u00b0C inf\u00e9rieures \u00e0 celles de certains produits concurrents fonctionnant dans des conditions identiques.<\/p>\n<p> L&rsquo;efficacit\u00e9 \u00e9nerg\u00e9tique de Mobil DTE 10 Excel concerne uniquement les performances du fluide par rapport aux fluides hydrauliques conventionnels de marque Mobil. La technologie utilis\u00e9e permet une augmentation jusqu&rsquo;\u00e0 6\u00a0% de l&rsquo;efficacit\u00e9 de la pompe hydraulique par rapport \u00e0 la s\u00e9rie Mobil DTE 20 lorsqu&rsquo;elle est test\u00e9e dans des applications hydrauliques standard dans des conditions contr\u00f4l\u00e9es. L&rsquo;all\u00e9gation d&rsquo;efficacit\u00e9 \u00e9nerg\u00e9tique de ce produit est bas\u00e9e sur les r\u00e9sultats de tests sur l&rsquo;utilisation du fluide effectu\u00e9s conform\u00e9ment \u00e0 toutes les normes et protocoles industriels applicables.<\/p><\/div><\/div><\/div><\/div>\n<h2>Fonctionnalit\u00e9 et avantages potentiels<\/h2>\n<p> Les huiles hydrauliques Mobil DTE 10 Excel Series offrent une efficacit\u00e9 exceptionnelle du syst\u00e8me hydraulique ; des performances ultra propres et un degr\u00e9 \u00e9lev\u00e9 de durabilit\u00e9 des fluides. La fonction d&rsquo;efficacit\u00e9 hydraulique peut conduire \u00e0 une r\u00e9duction de la consommation d&rsquo;\u00e9nergie pour les \u00e9quipements industriels et mobiles, r\u00e9duisant ainsi les co\u00fbts d&rsquo;exploitation et am\u00e9liorant la productivit\u00e9. Leur excellente stabilit\u00e9 \u00e0 l\u2019oxydation et thermique peut contribuer \u00e0 prolonger les intervalles de changement d\u2019huile et de filtre tout en contribuant \u00e0 garantir la propret\u00e9 des syst\u00e8mes. Leur niveau \u00e9lev\u00e9 de propri\u00e9t\u00e9s anti-usure et leurs excellentes caract\u00e9ristiques de r\u00e9sistance du film se traduisent par un degr\u00e9 \u00e9lev\u00e9 de protection des \u00e9quipements, ce qui non seulement entra\u00eene moins de pannes, mais contribue \u00e9galement \u00e0 am\u00e9liorer la capacit\u00e9 de production.<\/p>\n<table class=\"table table-striped\">\n <t\u00eate><\/p>\n<tr>\n<th>Fonctionnalit\u00e9s<\/th>\n<th>Avantages et b\u00e9n\u00e9fices potentiels<\/th>\n<\/tr>\n<p> <\/t\u00eate><br \/>\n <corps><\/p>\n<tr>\n<td>Excellente efficacit\u00e9 hydraulique<\/td>\n<td>Consommation d&rsquo;\u00e9nergie potentiellement r\u00e9duite ou r\u00e9activit\u00e9 accrue du syst\u00e8me<\/td>\n<\/tr>\n<tr>\n<td>Performance Ultra Keep Clean<\/td>\n<td>R\u00e9duction des d\u00e9p\u00f4ts dans le syst\u00e8me entra\u00eenant une maintenance r\u00e9duite de la machine et une dur\u00e9e de vie accrue des composants<\/td>\n<\/tr>\n<tr>\n<td>Stable au cisaillement, indice de viscosit\u00e9 \u00e9lev\u00e9<\/td>\n<td>Protection durable des composants sur une large plage de temp\u00e9ratures<\/td>\n<\/tr>\n<tr>\n<td>Oxydation et stabilit\u00e9 thermique<\/td>\n<td>Prolonge la dur\u00e9e de vie du fluide m\u00eame dans des conditions de fonctionnement difficiles<\/td>\n<\/tr>\n<tr>\n<td>Bonne compatibilit\u00e9 avec les \u00e9lastom\u00e8res et les joints<\/td>\n<td>Longue dur\u00e9e de vie du joint et maintenance r\u00e9duite<\/td>\n<\/tr>\n<tr>\n<td>Propri\u00e9t\u00e9s anti-usure<\/td>\n<td>Contribue \u00e0 r\u00e9duire l&rsquo;usure et prot\u00e8ge les pompes et les composants pour prolonger la dur\u00e9e de vie de l&rsquo;\u00e9quipement<\/td>\n<\/tr>\n<tr>\n<td>Excellentes caract\u00e9ristiques de s\u00e9paration de l&rsquo;air<\/td>\n<td>Aide \u00e0 pr\u00e9venir les dommages caus\u00e9s par l&rsquo;a\u00e9ration et la cavitation dans les syst\u00e8mes \u00e0 faible temps de s\u00e9jour<\/td>\n<\/tr>\n<tr>\n<td>Compatibilit\u00e9 multi-m\u00e9taux<\/td>\n<td>Contribue \u00e0 garantir d&rsquo;excellentes performances et protection avec une grande vari\u00e9t\u00e9 de composants m\u00e9tallurgiques<\/td>\n<\/tr>\n<\/tbody>\n<\/table>\n<h2>Applications<\/h2>\n<ul>\n<li>Syst\u00e8mes hydrauliques pour \u00e9quipements industriels et mobiles fonctionnant \u00e0 des pressions et des temp\u00e9ratures \u00e9lev\u00e9es dans des applications critiques<\/li>\n<\/ul>\n<p> \u2022\u00a0\u00a0Syst\u00e8mes hydrauliques sujets \u00e0 l&rsquo;accumulation de d\u00e9p\u00f4ts, tels que les machines sophistiqu\u00e9es \u00e0 commande num\u00e9rique (CNC), en particulier lorsque des servovalves \u00e0 jeu r\u00e9duit sont utilis\u00e9es.<\/p>\n<p> \u2022\u00a0Syst\u00e8mes caract\u00e9ris\u00e9s par un d\u00e9marrage \u00e0 froid et des temp\u00e9ratures de fonctionnement \u00e9lev\u00e9es.<\/p>\n<p> \u2022\u00a0Syst\u00e8mes n\u00e9cessitant un haut degr\u00e9 de capacit\u00e9 de charge et une protection anti-usure<\/p>\n<p> \u2022\u00a0Machines employant une large gamme de composants utilisant diverses m\u00e9tallurgies<\/p>\n<h2>Sp\u00e9cifications et homologations<\/h2>\n<h3>Satisfait ou d\u00e9passe les exigences de<\/h3>\n<ul>\n<li>DIN 51524-2\u00a0:\u00a02006-09<\/li>\n<li>DIN 51524-3\u00a0:\u00a02006-09<\/li>\n<li>ISO L-HV (ISO\u00a011158:1997)<\/li>\n<li>HOCNF Norv\u00e8ge\/NEMS<\/li>\n<\/ul>\n","protected":false},"excerpt":{"rendered":"<p>La s\u00e9rie Mobil DTE 10 Excel\u2122 se compose d&rsquo;huiles hydrauliques anti-usure de haute qualit\u00e9 sp\u00e9cialement con\u00e7ues pour r\u00e9pondre aux besoins des syst\u00e8mes hydrauliques industriels et mobiles modernes et fortement charg\u00e9s<\/p>\n","protected":false},"featured_media":10105,"template":"","meta":{"_acf_changed":false,"inline_featured_image":false},"product_brand":[],"product_cat":[219],"product_tag":[],"class_list":{"0":"post-9782","1":"product","2":"type-product","3":"status-publish","4":"has-post-thumbnail","6":"product_cat-huiles-hydrauliques","8":"first","9":"instock","10":"taxable","11":"shipping-taxable","12":"purchasable","13":"product-type-simple"},"acf":[],"_links":{"self":[{"href":"https:\/\/webshop.ingelbeen.be\/fr\/wp-json\/wp\/v2\/product\/9782","targetHints":{"allow":["GET"]}}],"collection":[{"href":"https:\/\/webshop.ingelbeen.be\/fr\/wp-json\/wp\/v2\/product"}],"about":[{"href":"https:\/\/webshop.ingelbeen.be\/fr\/wp-json\/wp\/v2\/types\/product"}],"wp:featuredmedia":[{"embeddable":true,"href":"https:\/\/webshop.ingelbeen.be\/fr\/wp-json\/wp\/v2\/media\/10105"}],"wp:attachment":[{"href":"https:\/\/webshop.ingelbeen.be\/fr\/wp-json\/wp\/v2\/media?parent=9782"}],"wp:term":[{"taxonomy":"product_brand","embeddable":true,"href":"https:\/\/webshop.ingelbeen.be\/fr\/wp-json\/wp\/v2\/product_brand?post=9782"},{"taxonomy":"product_cat","embeddable":true,"href":"https:\/\/webshop.ingelbeen.be\/fr\/wp-json\/wp\/v2\/product_cat?post=9782"},{"taxonomy":"product_tag","embeddable":true,"href":"https:\/\/webshop.ingelbeen.be\/fr\/wp-json\/wp\/v2\/product_tag?post=9782"}],"curies":[{"name":"wp","href":"https:\/\/api.w.org\/{rel}","templated":true}]}}