{"id":9802,"date":"2024-04-30T13:10:25","date_gmt":"2024-04-30T12:10:25","guid":{"rendered":"https:\/\/ingelbeen.kneet.be\/product\/mobil-delvac-1340-2\/"},"modified":"2024-06-26T16:13:49","modified_gmt":"2024-06-26T15:13:49","slug":"mobil-delvac-1340-2","status":"publish","type":"product","link":"https:\/\/webshop.ingelbeen.be\/fr\/produit\/mobil-delvac-1340-2\/","title":{"rendered":"Mobil Delvac 1340"},"content":{"rendered":"<div class=\"compensation des d\u00e9tails du produit\">\n<div class=\"description de l'attribut du produit\">\n<div class=\"description de la valeur\">\n<p> Mobil Delvac 1320, 1330, 1340 et 1350 sont des huiles pour moteurs diesel robustes et hautes performances formul\u00e9es \u00e0 partir d&rsquo;huiles de base de technologie avanc\u00e9e et d&rsquo;un syst\u00e8me d&rsquo;additifs \u00e9quilibr\u00e9. \u00a0Ils sont sp\u00e9cialement con\u00e7us pour les performances des moteurs turbocompress\u00e9s \u00e0 refroidissement interm\u00e9diaire fonctionnant dans des conditions difficiles sur et hors autoroute. \u00a0Les monogrades Mobil Delvac 1300 sont utilis\u00e9s dans une large gamme d&rsquo;applications o\u00f9 un lubrifiant monograde est recommand\u00e9.<\/p><\/div><\/div><\/div>\n<h2>Fonctionnalit\u00e9 et avantages potentiels<\/h2>\n<table class=\"table table-striped\">\n <t\u00eate><\/p>\n<tr>\n<th>Fonctionnalit\u00e9s<\/th>\n<th>Avantages et b\u00e9n\u00e9fices potentiels<\/th>\n<\/tr>\n<p> <\/t\u00eate><br \/>\n <corps><\/p>\n<tr>\n<td>Excellente protection contre l&rsquo;\u00e9paississement de l&rsquo;huile, les d\u00e9p\u00f4ts \u00e0 haute temp\u00e9rature, l&rsquo;accumulation de boues, la d\u00e9gradation de l&rsquo;huile et la corrosion<\/td>\n<td>Dur\u00e9e de vie du moteur prolong\u00e9e, moins d&rsquo;usure, excellente protection contre le collage des segments<\/td>\n<\/tr>\n<tr>\n<td>R\u00e9serve TBN \u00e9tendue<\/td>\n<td>Contr\u00f4le des d\u00e9p\u00f4ts\/usures \u00e0 long terme<\/td>\n<\/tr>\n<\/tbody>\n<\/table>\n<h2>Applications<\/h2>\n<ul>\n<li>\u00c9quipement diesel \u00e0 aspiration naturelle et turbocompress\u00e9<\/li>\n<li>Sur route, camionnage l\u00e9ger et lourd<\/li>\n<li>Industries hors autoroute, notamment\u00a0: construction, mines, carri\u00e8res et agriculture<\/li>\n<\/ul>\n<h2>Sp\u00e9cifications et homologations<\/h2>\n<h3>Ce produit r\u00e9pond aux exigences selon Exxonmobil<\/h3>\n<ul>\n<li>API CF\/SF<\/li>\n<\/ul>\n","protected":false},"excerpt":{"rendered":"<p>Mobil Delvac 1320, 1330, 1340 et 1350 sont des huiles moteur monogrades hautes performances pour moteurs diesel, formul\u00e9es \u00e0 partir d&rsquo;huiles de base avanc\u00e9es et d&rsquo;un syst\u00e8me d&rsquo;additifs \u00e9quilibr\u00e9. Ils sont sp\u00e9cialement con\u00e7us pour les performances des moteurs turbocompress\u00e9s \u00e0 refroidissement interm\u00e9diaire fonctionnant dans des conditions d&rsquo;utilisation difficiles sur route et sur chantier. Les monogrades Mobil Delvac 1300 sont recommand\u00e9s pour les applications o\u00f9 un lubrifiant monograde est sp\u00e9cifi\u00e9.<\/p>\n","protected":false},"featured_media":10132,"template":"","meta":{"_acf_changed":false,"inline_featured_image":false},"product_brand":[],"product_cat":[214],"product_tag":[],"class_list":{"0":"post-9802","1":"product","2":"type-product","3":"status-publish","4":"has-post-thumbnail","6":"product_cat-huiles-moteurs","8":"first","9":"instock","10":"taxable","11":"shipping-taxable","12":"purchasable","13":"product-type-simple"},"acf":[],"_links":{"self":[{"href":"https:\/\/webshop.ingelbeen.be\/fr\/wp-json\/wp\/v2\/product\/9802","targetHints":{"allow":["GET"]}}],"collection":[{"href":"https:\/\/webshop.ingelbeen.be\/fr\/wp-json\/wp\/v2\/product"}],"about":[{"href":"https:\/\/webshop.ingelbeen.be\/fr\/wp-json\/wp\/v2\/types\/product"}],"wp:featuredmedia":[{"embeddable":true,"href":"https:\/\/webshop.ingelbeen.be\/fr\/wp-json\/wp\/v2\/media\/10132"}],"wp:attachment":[{"href":"https:\/\/webshop.ingelbeen.be\/fr\/wp-json\/wp\/v2\/media?parent=9802"}],"wp:term":[{"taxonomy":"product_brand","embeddable":true,"href":"https:\/\/webshop.ingelbeen.be\/fr\/wp-json\/wp\/v2\/product_brand?post=9802"},{"taxonomy":"product_cat","embeddable":true,"href":"https:\/\/webshop.ingelbeen.be\/fr\/wp-json\/wp\/v2\/product_cat?post=9802"},{"taxonomy":"product_tag","embeddable":true,"href":"https:\/\/webshop.ingelbeen.be\/fr\/wp-json\/wp\/v2\/product_tag?post=9802"}],"curies":[{"name":"wp","href":"https:\/\/api.w.org\/{rel}","templated":true}]}}