{"id":9808,"date":"2024-04-30T13:10:25","date_gmt":"2024-04-30T12:10:25","guid":{"rendered":"https:\/\/ingelbeen.kneet.be\/product\/mobil-delvac-lcv-e-10w-40\/"},"modified":"2024-06-26T16:13:49","modified_gmt":"2024-06-26T15:13:49","slug":"mobil-delvac-lcv-e-10w-40","status":"publish","type":"product","link":"https:\/\/webshop.ingelbeen.be\/fr\/produit\/mobil-delvac-lcv-e-10w-40\/","title":{"rendered":"Mobil Delvac LCV E 10W-40"},"content":{"rendered":"<div class=\"compensation des d\u00e9tails du produit\">\n<div class=\"description de l'attribut du produit\">\n<div class=\"description de la valeur\">\n<p> Mobil Delvac\u2122 Light Commercial Vehicle E 10W-40 est une huile moteur semi-synth\u00e9tique qui offre une longue dur\u00e9e de vie du moteur et une excellente protection du moteur contre les boues et les salet\u00e9s. porter.<\/p>\n<p> Mobil Delvac\u2122 Light Commercial Vehicle E 10W-40 offre une excellente lubrification des moteurs diesel et essence fonctionnant dans des conditions de conduite difficiles g\u00e9n\u00e9ralement rencontr\u00e9es dans les op\u00e9rations urbaines. Ce produit est recommand\u00e9 par ExxonMobil pour les moteurs europ\u00e9ens destin\u00e9s \u00e0 \u00eatre utilis\u00e9s dans une large gamme de v\u00e9hicules utilitaires l\u00e9gers traditionnels.<\/p><\/div><\/div><\/div>\n<h2>Fonctionnalit\u00e9 et avantages potentiels<\/h2>\n<p> Mobil Delvac\u2122 Light Commercial Vehicle E 10W-40 est formul\u00e9e \u00e0 partir d\u2019huiles de base hautes performances et d\u2019un syst\u00e8me d\u2019additifs \u00e9quilibr\u00e9 sup\u00e9rieur pour fournir des performances moteur optimales dans les moteurs diesel et essence r\u00e9cents ainsi que dans les mod\u00e8les plus anciens. Les principaux avantages comprennent\u00a0:<\/p>\n<table class=\"table table-striped\">\n <t\u00eate><\/p>\n<tr>\n<th>Fonctionnalit\u00e9s<\/th>\n<th>Avantages et b\u00e9n\u00e9fices potentiels<\/th>\n<\/tr>\n<p> <\/t\u00eate><br \/>\n <corps><\/p>\n<tr>\n<td>Stabilit\u00e9 thermique et \u00e0 l&rsquo;oxydation accrue<\/td>\n<td>Contribue \u00e0 r\u00e9duire l&rsquo;accumulation de boues et les d\u00e9p\u00f4ts et \u00e0 prolonger la dur\u00e9e de vie de l&rsquo;huile et du moteur<\/td>\n<\/tr>\n<tr>\n<td>Protection am\u00e9lior\u00e9e contre l&rsquo;usure<\/td>\n<td>Contribue \u00e0 prolonger la dur\u00e9e de vie des composants et du moteur<\/td>\n<\/tr>\n<tr>\n<td>Contr\u00f4le avanc\u00e9 des d\u00e9p\u00f4ts de piston<\/td>\n<td>Aide \u00e0 garder les moteurs propres avec des co\u00fbts de maintenance r\u00e9duits et une longue dur\u00e9e de vie du moteur<\/td>\n<\/tr>\n<tr>\n<td>Gestion avanc\u00e9e de la suie pour contr\u00f4ler l&rsquo;augmentation de la viscosit\u00e9, l&rsquo;accumulation de boues et la pression du filtre<\/td>\n<td>Contribue \u00e0 am\u00e9liorer la protection du moteur pour une longue dur\u00e9e de vie du moteur<\/td>\n<\/tr>\n<tr>\n<td>Pombilit\u00e9 am\u00e9lior\u00e9e \u00e0 basse temp\u00e9rature<\/td>\n<td>D\u00e9marrage rapide avec une usure r\u00e9duite, fonctionnant dans des climats \u00e0 basse temp\u00e9rature<\/td>\n<\/tr>\n<\/tbody>\n<\/table>\n<h2>Applications<\/h2>\n<p> ExxonMobil recommande Mobil Delvac\u2122 Light Commercial Vehicle E 10W-40 pour les conditions de conduite exigeantes\u00a0:<\/p>\n<ul>\n<li>Technologies de moteur plus anciennes<\/li>\n<li>Essence et diesel sans filtres \u00e0 particules diesel (DPF)<\/li>\n<li>Camions l\u00e9gers et fourgonnettes<\/li>\n<li>Conditions de fonctionnement normales \u00e0 parfois s\u00e9v\u00e8res<\/li>\n<\/ul>\n<p> Consultez toujours votre manuel du propri\u00e9taire pour v\u00e9rifier le degr\u00e9 de viscosit\u00e9 recommand\u00e9 et les sp\u00e9cifications de votre v\u00e9hicule particulier.<\/p>\n<h2>Sp\u00e9cifications et homologations<\/h2>\n<h3>Satisfait ou d\u00e9passe les exigences de<\/h3>\n<ul>\n<li>API SL<\/li>\n<\/ul>\n<h3>Ce produit r\u00e9pond aux exigences selon Exxonmobil<\/h3>\n<ul>\n<li>VW 501 01 \/ 505 00<\/li>\n<\/ul>\n<h3>Ce produit poss\u00e8de les approbations de constructeur suivantes<\/h3>\n<ul>\n<li>Approbation MB 229.1<\/li>\n<\/ul>\n","protected":false},"excerpt":{"rendered":"<p>Mobil Delvac\u2122 Light Commercial Vehicle E 10W-40 est une huile moteur qui offre une longue dur\u00e9e de vie au moteur et une excellente protection contre la formation de boues et l&rsquo;usure.<\/p>\n","protected":false},"featured_media":10108,"template":"","meta":{"_acf_changed":false,"inline_featured_image":false},"product_brand":[],"product_cat":[214],"product_tag":[],"class_list":{"0":"post-9808","1":"product","2":"type-product","3":"status-publish","4":"has-post-thumbnail","6":"product_cat-huiles-moteurs","8":"first","9":"instock","10":"taxable","11":"shipping-taxable","12":"purchasable","13":"product-type-simple"},"acf":[],"_links":{"self":[{"href":"https:\/\/webshop.ingelbeen.be\/fr\/wp-json\/wp\/v2\/product\/9808","targetHints":{"allow":["GET"]}}],"collection":[{"href":"https:\/\/webshop.ingelbeen.be\/fr\/wp-json\/wp\/v2\/product"}],"about":[{"href":"https:\/\/webshop.ingelbeen.be\/fr\/wp-json\/wp\/v2\/types\/product"}],"wp:featuredmedia":[{"embeddable":true,"href":"https:\/\/webshop.ingelbeen.be\/fr\/wp-json\/wp\/v2\/media\/10108"}],"wp:attachment":[{"href":"https:\/\/webshop.ingelbeen.be\/fr\/wp-json\/wp\/v2\/media?parent=9808"}],"wp:term":[{"taxonomy":"product_brand","embeddable":true,"href":"https:\/\/webshop.ingelbeen.be\/fr\/wp-json\/wp\/v2\/product_brand?post=9808"},{"taxonomy":"product_cat","embeddable":true,"href":"https:\/\/webshop.ingelbeen.be\/fr\/wp-json\/wp\/v2\/product_cat?post=9808"},{"taxonomy":"product_tag","embeddable":true,"href":"https:\/\/webshop.ingelbeen.be\/fr\/wp-json\/wp\/v2\/product_tag?post=9808"}],"curies":[{"name":"wp","href":"https:\/\/api.w.org\/{rel}","templated":true}]}}