{"id":9834,"date":"2024-04-30T13:10:24","date_gmt":"2024-04-30T12:10:24","guid":{"rendered":"https:\/\/ingelbeen.kneet.be\/product\/mobil-delvac-1-gear-oil-ls-75w-90\/"},"modified":"2024-06-26T16:13:47","modified_gmt":"2024-06-26T15:13:47","slug":"mobil-delvac-1-gear-oil-ls-75w-90","status":"publish","type":"product","link":"https:\/\/webshop.ingelbeen.be\/fr\/produit\/mobil-delvac-1-gear-oil-ls-75w-90\/","title":{"rendered":"Mobil Delvac 1 Gear Oil LS 75W-90"},"content":{"rendered":"<div class=\"compensation des d\u00e9tails du produit\">\n<div class=\"description de l'attribut du produit\">\n<div class=\"description de la valeur\">\n<p> Mobil Delvac\u2122 1 Gear Oil\u00a0LS 75W-90 est un lubrifiant pour engrenages enti\u00e8rement synth\u00e9tique \u00e0 glissement limit\u00e9 formul\u00e9 \u00e0 partir d&rsquo;huiles de base synth\u00e9tiques et d&rsquo;un syst\u00e8me d&rsquo;additifs avanc\u00e9. Elle est con\u00e7ue pour \u00eatre utilis\u00e9e dans les transmissions l\u00e9g\u00e8res et lourdes, elle offre une excellente capacit\u00e9 de charge dans les essieux et les transmissions finales o\u00f9 des pressions extr\u00eames et des chocs sont attendus. L&rsquo;huile pour engrenages Mobil Delvac 1 LS 75W-90 offre une stabilit\u00e9 thermique et \u00e0 l&rsquo;oxydation exceptionnelle, une viscosit\u00e9 \u00e9lev\u00e9e. Indice (VI), point d&rsquo;\u00e9coulement extr\u00eamement bas et fluidit\u00e9 \u00e0 basse temp\u00e9rature.\u00a0\u00a0L&rsquo;huile pour engrenages Mobil Delvac 1 LS 75W-90 convient au remplissage de service dans de nombreux diff\u00e9rentiels hypo\u00efdes \u00e0 glissement limit\u00e9.<\/p><\/div><\/div><\/div>\n<h2>Fonctionnalit\u00e9 et avantages potentiels<\/h2>\n<p> La technologie actuelle a consid\u00e9rablement am\u00e9lior\u00e9 les capacit\u00e9s de performance des \u00e9quipements routiers et hors route lourds en termes de charge, de couple, de vitesse, de contr\u00f4le et de fiabilit\u00e9 gr\u00e2ce \u00e0 des conceptions de transmission innovantes. \u00a0Ces conceptions ont modifi\u00e9 et augment\u00e9 les exigences en mati\u00e8re de fluides de transmission pour offrir des performances sup\u00e9rieures, notamment une capacit\u00e9 de glissement limit\u00e9, une productivit\u00e9 accrue et des co\u00fbts d&rsquo;exploitation r\u00e9duits. \u00a0Pour les transmissions finales \u00e0 usage intensif, le contr\u00f4le de friction, la protection contre l&rsquo;usure, la stabilit\u00e9 thermique, la stabilit\u00e9 au cisaillement, la protection contre la rouille et la corrosion et la protection des joints sont des caract\u00e9ristiques qui doivent \u00eatre \u00e9quilibr\u00e9es de mani\u00e8re optimale pour offrir une dur\u00e9e de vie prolong\u00e9e des engrenages et des joints, un fonctionnement en douceur, une \u00e9conomie de carburant et une charge \u00e9lev\u00e9e. capacit\u00e9 de couple sur une large gamme d\u2019applications.\u00a0L&rsquo;huile pour engrenages Mobil Delvac 1 LS 75W-90\u00a0est con\u00e7ue pour offrir des performances exceptionnelles et de faibles co\u00fbts d&rsquo;exploitation totaux li\u00e9s \u00e0 la lubrification dans de nombreuses transmissions finales modernes \u00e0 usage intensif n\u00e9cessitant une capacit\u00e9 de glissement limit\u00e9. Les principaux avantages potentiels comprennent\u00a0:<\/p>\n<table class=\"table table-striped\">\n <t\u00eate><\/p>\n<tr>\n<th>Fonctionnalit\u00e9s<\/th>\n<th>Avantages et b\u00e9n\u00e9fices potentiels<\/th>\n<\/tr>\n<p> <\/t\u00eate><br \/>\n <corps><\/p>\n<tr>\n<td>Stabilit\u00e9 thermique exceptionnelle et r\u00e9sistance \u00e0 l&rsquo;oxydation \u00e0 haute temp\u00e9rature<\/td>\n<td>Longue dur\u00e9e de vie des engrenages et des roulements gr\u00e2ce \u00e0 un minimum de d\u00e9p\u00f4ts, longue dur\u00e9e de vie des joints<\/td>\n<\/tr>\n<tr>\n<td>Protection exceptionnelle contre l&rsquo;usure \u00e0 basse vitesse\/couple \u00e9lev\u00e9 et les rayures \u00e0 haute vitesse<\/td>\n<td>Capacit\u00e9 de charge accrue, contribution \u00e0 la r\u00e9duction des co\u00fbts de maintenance et \u00e0 une longue dur\u00e9e de vie de l&rsquo;\u00e9quipement<\/td>\n<\/tr>\n<tr>\n<td>Stabilit\u00e9 exceptionnelle au cisaillement<\/td>\n<td>Conserve la viscosit\u00e9 et la r\u00e9sistance du film dans des conditions de fonctionnement s\u00e9v\u00e8res pour aider \u00e0 pr\u00e9venir l&rsquo;usure<\/td>\n<\/tr>\n<tr>\n<td>Propri\u00e9t\u00e9s de friction am\u00e9lior\u00e9es<\/td>\n<td>Aide \u00e0 am\u00e9liorer l&rsquo;\u00e9conomie de carburant et \u00e0 r\u00e9duire les co\u00fbts d&rsquo;exploitation<\/td>\n<\/tr>\n<tr>\n<td>Fluidit\u00e9 exceptionnelle \u00e0 basse temp\u00e9rature par rapport aux huiles min\u00e9rales<\/td>\n<td>Contribution \u00e0 la r\u00e9duction de l&rsquo;usure et \u00e0 la facilit\u00e9 de d\u00e9marrage<\/td>\n<\/tr>\n<tr>\n<td>Bonne r\u00e9sistance au moussage<\/td>\n<td>Maintient la r\u00e9sistance du film pour une lubrification fiable<\/td>\n<\/tr>\n<tr>\n<td>Compatible avec les joints et joints automobiles typiques<\/td>\n<td>Fuite minimale et contamination r\u00e9duite<\/td>\n<\/tr>\n<\/tbody>\n<\/table>\n<h2>Applications<\/h2>\n<ul>\n<li>Transmissions manuelles, essieux, transmissions finales et applications de remplissage d&rsquo;entretien robustes dans de nombreux diff\u00e9rentiels \u00e0 glissement limit\u00e9 n\u00e9cessitant des performances API GL-5<\/li>\n<li>Sur les autoroutes, camions l\u00e9gers et lourds, bus et fourgonnettes<\/li>\n<li>Industries hors autoroute, notamment\u00a0: construction, mines, carri\u00e8res et agriculture<\/li>\n<li>Autres entra\u00eenements \u00e0 engrenages industriels \u00e0 usage intensif, notamment les engrenages hypo\u00efdes et \u00e0 vis sans fin, fonctionnant dans des conditions caract\u00e9ris\u00e9es par une vitesse \u00e9lev\u00e9e\/une charge de choc, une vitesse \u00e9lev\u00e9e\/un couple faible et\/ou des conditions de vitesse faible\/de couple \u00e9lev\u00e9<\/li>\n<li>Remplissage initial, appoint ou recharge des diff\u00e9rentiels, des transmissions finales, des bo\u00eetes de transfert et d&rsquo;autres applications d&rsquo;engrenages pour lesquelles des lubrifiants conformes \u00e0 la norme API GL-5, des lubrifiants pour engrenages \u00e0 pression extr\u00eame polyvalents ou de type automobile sont recommand\u00e9s<\/li>\n<li>Recommand\u00e9 pour les \u00e9quipements tels que les r\u00e9ducteurs de treuil et les entra\u00eenements par engrenages de propulsion de v\u00e9hicules \u00e0 chenilles expos\u00e9s \u00e0 des temp\u00e9ratures inf\u00e9rieures \u00e0 z\u00e9ro.<\/li>\n<li>Non recommand\u00e9 pour les applications n\u00e9cessitant des performances de niveau API GL-4<\/li>\n<li>Non destin\u00e9 aux transmissions automatiques, manuelles ou semi-automatiques pour lesquelles de l&rsquo;huile moteur ou des liquides de transmission automatique sont recommand\u00e9s.<\/li>\n<li>Lorsque des intervalles d&rsquo;entretien et des garanties prolong\u00e9s sont requis.<\/li>\n<\/ul>\n<h2>Sp\u00e9cifications et homologations<\/h2>\n<h3>Satisfait ou d\u00e9passe les exigences de<\/h3>\n<ul>\n<li>API GL-5<\/li>\n<\/ul>\n<div class=\"li\u00e9 au bloc\" data-limit=\"0\" data-shuffle=\"0\"><\/div>\n","protected":false},"excerpt":{"rendered":"<p>Mobil Delvac\u2122 1 Gear Oil LS 75W-90 est une huile pour engrenages \u00e0 glissement limit\u00e9 enti\u00e8rement synth\u00e9tique compos\u00e9e d&rsquo;huiles de base synth\u00e9tiques et d&rsquo;un syst\u00e8me d&rsquo;additifs avanc\u00e9. Il est con\u00e7u pour \u00eatre utilis\u00e9 sur les essieux arri\u00e8re l\u00e9gers et fortement charg\u00e9s et poss\u00e8de une excellente capacit\u00e9 de charge dans les essieux et les transmissions finales o\u00f9 des pressions \u00e9lev\u00e9es et des charges de choc peuvent se produire.<\/p>\n","protected":false},"featured_media":10108,"template":"","meta":{"_acf_changed":false,"inline_featured_image":false},"product_brand":[],"product_cat":[220],"product_tag":[],"class_list":{"0":"post-9834","1":"product","2":"type-product","3":"status-publish","4":"has-post-thumbnail","6":"product_cat-huiles-pour-transmissions-et-atf","8":"first","9":"instock","10":"taxable","11":"shipping-taxable","12":"purchasable","13":"product-type-simple"},"acf":[],"_links":{"self":[{"href":"https:\/\/webshop.ingelbeen.be\/fr\/wp-json\/wp\/v2\/product\/9834","targetHints":{"allow":["GET"]}}],"collection":[{"href":"https:\/\/webshop.ingelbeen.be\/fr\/wp-json\/wp\/v2\/product"}],"about":[{"href":"https:\/\/webshop.ingelbeen.be\/fr\/wp-json\/wp\/v2\/types\/product"}],"wp:featuredmedia":[{"embeddable":true,"href":"https:\/\/webshop.ingelbeen.be\/fr\/wp-json\/wp\/v2\/media\/10108"}],"wp:attachment":[{"href":"https:\/\/webshop.ingelbeen.be\/fr\/wp-json\/wp\/v2\/media?parent=9834"}],"wp:term":[{"taxonomy":"product_brand","embeddable":true,"href":"https:\/\/webshop.ingelbeen.be\/fr\/wp-json\/wp\/v2\/product_brand?post=9834"},{"taxonomy":"product_cat","embeddable":true,"href":"https:\/\/webshop.ingelbeen.be\/fr\/wp-json\/wp\/v2\/product_cat?post=9834"},{"taxonomy":"product_tag","embeddable":true,"href":"https:\/\/webshop.ingelbeen.be\/fr\/wp-json\/wp\/v2\/product_tag?post=9834"}],"curies":[{"name":"wp","href":"https:\/\/api.w.org\/{rel}","templated":true}]}}