{"id":9846,"date":"2024-04-30T13:10:24","date_gmt":"2024-04-30T12:10:24","guid":{"rendered":"https:\/\/ingelbeen.kneet.be\/product\/mobil-delvac-1-shc-5w-40\/"},"modified":"2024-06-26T16:13:48","modified_gmt":"2024-06-26T15:13:48","slug":"mobil-delvac-1-shc-5w-40","status":"publish","type":"product","link":"https:\/\/webshop.ingelbeen.be\/fr\/produit\/mobil-delvac-1-shc-5w-40\/","title":{"rendered":"Mobil Delvac 1 SHC 5W-40"},"content":{"rendered":"","protected":false},"excerpt":{"rendered":"<p>Mobil Delvac 1 SHC 5W-40 est une huile pour moteur diesel synth\u00e9tique de tr\u00e8s hautes performances qui fournit une excellente lubrification, y compris une longue capacit\u00e9 de vidange, contribuant ainsi \u00e0 une longue dur\u00e9e de vie des moteurs diesel fonctionnant dans des applications s\u00e9v\u00e8res.<\/p>\n","protected":false},"featured_media":10108,"template":"","meta":{"_acf_changed":false,"inline_featured_image":false},"product_brand":[],"product_cat":[214],"product_tag":[],"class_list":{"0":"post-9846","1":"product","2":"type-product","3":"status-publish","4":"has-post-thumbnail","6":"product_cat-huiles-moteurs","8":"first","9":"instock","10":"taxable","11":"shipping-taxable","12":"purchasable","13":"product-type-simple"},"acf":[],"_links":{"self":[{"href":"https:\/\/webshop.ingelbeen.be\/fr\/wp-json\/wp\/v2\/product\/9846","targetHints":{"allow":["GET"]}}],"collection":[{"href":"https:\/\/webshop.ingelbeen.be\/fr\/wp-json\/wp\/v2\/product"}],"about":[{"href":"https:\/\/webshop.ingelbeen.be\/fr\/wp-json\/wp\/v2\/types\/product"}],"wp:featuredmedia":[{"embeddable":true,"href":"https:\/\/webshop.ingelbeen.be\/fr\/wp-json\/wp\/v2\/media\/10108"}],"wp:attachment":[{"href":"https:\/\/webshop.ingelbeen.be\/fr\/wp-json\/wp\/v2\/media?parent=9846"}],"wp:term":[{"taxonomy":"product_brand","embeddable":true,"href":"https:\/\/webshop.ingelbeen.be\/fr\/wp-json\/wp\/v2\/product_brand?post=9846"},{"taxonomy":"product_cat","embeddable":true,"href":"https:\/\/webshop.ingelbeen.be\/fr\/wp-json\/wp\/v2\/product_cat?post=9846"},{"taxonomy":"product_tag","embeddable":true,"href":"https:\/\/webshop.ingelbeen.be\/fr\/wp-json\/wp\/v2\/product_tag?post=9846"}],"curies":[{"name":"wp","href":"https:\/\/api.w.org\/{rel}","templated":true}]}}