{"id":9850,"date":"2024-04-30T13:10:24","date_gmt":"2024-04-30T12:10:24","guid":{"rendered":"https:\/\/ingelbeen.kneet.be\/product\/mobil-delvac-1-transmission-fluid-75w-80-2\/"},"modified":"2024-06-26T16:13:48","modified_gmt":"2024-06-26T15:13:48","slug":"mobil-delvac-1-transmission-fluid-75w-80-2","status":"publish","type":"product","link":"https:\/\/webshop.ingelbeen.be\/fr\/produit\/mobil-delvac-1-transmission-fluid-75w-80-2\/","title":{"rendered":"Mobil Delvac 1 Transmission Fluid 75W-80"},"content":{"rendered":"<div class=\"compensation des d\u00e9tails du produit\">\n<div class=\"description de l'attribut du produit\">\n<div class=\"description de la valeur\">\n<p> Mobil Delvac 1 Transmission Fluid 75W-80 est un lubrifiant pour transmission manuelle tr\u00e8s haute performance con\u00e7u pour les derni\u00e8res transmissions manuelles europ\u00e9ennes \u00e0 usage intensif utilis\u00e9es dans les v\u00e9hicules utilitaires routiers l\u00e9gers \u00e0 s\u00e9v\u00e8res. Ce lubrifiant de transmission est un m\u00e9lange synth\u00e9tique d&rsquo;huiles de base et d&rsquo;un syst\u00e8me d&rsquo;additifs avanc\u00e9 offrant d&rsquo;excellentes performances de changement de vitesse, une fluidit\u00e9 \u00e0 basse temp\u00e9rature et une r\u00e9tention de viscosit\u00e9 \u00e0 haute temp\u00e9rature. Mobil Delvac 1 Transmission Fluid 75W-80 est formul\u00e9 avec une r\u00e9serve de performances \u00e9tendue pour les applications n\u00e9cessitant un service API GL-4 et plus particuli\u00e8rement les transmissions modernes n\u00e9cessitant les approbations ZF TE-ML 02L et\/ou MAN 341 Typ Z4 qui remplacent d\u00e9sormais ZF TE-ML 02D et MAN 341 Typ Z3.<\/p><\/div><\/div><\/div>\n<h2>Fonctionnalit\u00e9 et avantages potentiels<\/h2>\n<p> La technologie actuelle a consid\u00e9rablement am\u00e9lior\u00e9 les capacit\u00e9s de performance en mati\u00e8re de charge, de vitesse et de contr\u00f4le des v\u00e9hicules routiers gr\u00e2ce \u00e0 des conceptions de transmission innovantes. Ces conceptions ont augment\u00e9 les exigences en mati\u00e8re de lubrifiants pour offrir un niveau de performance plus \u00e9lev\u00e9. Pour les transmissions manuelles \u00e0 usage intensif, le contr\u00f4le de la friction, la r\u00e9duction de l&rsquo;usure, la stabilit\u00e9 thermique, la stabilit\u00e9 au cisaillement, l&rsquo;inhibition de la rouille et de la corrosion et la protection des joints sont des caract\u00e9ristiques qui doivent \u00eatre \u00e9quilibr\u00e9es de mani\u00e8re optimale pour prolonger la dur\u00e9e de vie des engrenages et des synchroniseurs, un contr\u00f4le des changements de vitesse en douceur et une capacit\u00e9 de charge \u00e9lev\u00e9e. une large gamme d&rsquo;applications. Le fluide de transmission Mobil Delvac 1 75W-80 offre des performances exceptionnelles dans les transmissions manuelles actuelles et anciennes. Les principaux avantages comprennent\u00a0:<\/p>\n<table class=\"table table-striped\">\n <t\u00eate><\/p>\n<tr>\n<th>Fonctionnalit\u00e9s<\/th>\n<th>Avantages et b\u00e9n\u00e9fices potentiels<\/th>\n<\/tr>\n<p> <\/t\u00eate><br \/>\n <corps><\/p>\n<tr>\n<td>Excellentes performances de charge, anti-usure et extr\u00eame pression<\/td>\n<td>Aide \u00e0 prot\u00e9ger contre l&rsquo;usure dans des conditions de fonctionnement difficiles tout au long de la dur\u00e9e de vie de la transmission<\/td>\n<\/tr>\n<tr>\n<td>Excellente protection contre la formation de d\u00e9p\u00f4ts et de laques<\/td>\n<td>Contribue \u00e0 une longue dur\u00e9e de vie des joints et \u00e0 des intervalles de vidange et d&rsquo;entretien prolong\u00e9s<\/td>\n<\/tr>\n<tr>\n<td>Excellente protection contre la corrosion du cuivre et de ses alliages<\/td>\n<td>Aide \u00e0 prot\u00e9ger et \u00e0 prolonger la dur\u00e9e de vie des synchroniseurs tout en offrant des performances de changement de vitesse plus fluides<\/td>\n<\/tr>\n<tr>\n<td>Protection thermique et anti-oxydation efficace \u00e0 des temp\u00e9ratures de fonctionnement \u00e9lev\u00e9es<\/td>\n<td>Contribue \u00e0 prolonger les intervalles de vidange et d&rsquo;entretien pour des co\u00fbts de maintenance ma\u00eetris\u00e9s<\/td>\n<\/tr>\n<tr>\n<td>Excellente stabilit\u00e9 au cisaillement<\/td>\n<td>Aide \u00e0 maintenir une viscosit\u00e9 et une r\u00e9sistance de film efficaces pour une protection contre l&rsquo;usure lors d&rsquo;un fonctionnement intensif<\/td>\n<\/tr>\n<tr>\n<td>Fluidit\u00e9 exceptionnelle \u00e0 basse temp\u00e9rature<\/td>\n<td>Contribue \u00e0 un changement de vitesse facile et fluide et \u00e0 des d\u00e9marrages rapides<\/td>\n<\/tr>\n<tr>\n<td>Capacit\u00e9 de service \u00e9tendue<\/td>\n<td>Aide \u00e0 contr\u00f4ler les co\u00fbts d&rsquo;exploitation et \u00e0 contribuer \u00e0 la productivit\u00e9<\/td>\n<\/tr>\n<\/tbody>\n<\/table>\n<h2>Applications<\/h2>\n<p> <strong>Recommand\u00e9 par ExxonMobil pour une utilisation dans\u00a0:<\/strong><\/p>\n<ul>\n<li>Camions, bus et fourgonnettes l\u00e9gers et lourds sur route<\/li>\n<li>Transmissions manuelles et carters d&rsquo;engrenages robustes pour lesquels le niveau de service API GL-4 est souhait\u00e9 et pour lesquels les approbations ZF TE-ML 02L et\/ou MAN 341 Typ Z4 sont requises.<\/li>\n<li>Lorsqu&rsquo;un service et des garanties \u00e9tendus sont requis<\/li>\n<\/ul>\n<h2>Sp\u00e9cifications et homologations<\/h2>\n<h3>Satisfait ou d\u00e9passe les exigences de<\/h3>\n<ul>\n<li>API GL-4<\/li>\n<li>ZF TE-ML 08<\/li>\n<\/ul>\n<h3>Ce produit r\u00e9pond aux exigences selon Exxonmobil<\/h3>\n<ul>\n<li>MAN 341 type E3<\/li>\n<\/ul>\n<h3>Ce produit poss\u00e8de les approbations de constructeur suivantes<\/h3>\n<ul>\n<li>MAN 341 type Z4<\/li>\n<li>ZF TE-ML 01L<\/li>\n<li>ZF TE-ML 02L<\/li>\n<li>ZF TE-ML 16K<\/li>\n<\/ul>\n","protected":false},"excerpt":{"rendered":"<p>Mobil Delvac 1 Transmission Fluid 75W-80 est une huile de haute qualit\u00e9 pour transmissions manuelles et a \u00e9t\u00e9 d\u00e9velopp\u00e9e pour \u00eatre utilis\u00e9e dans les transmissions manuelles lourdes actuelles des fabricants europ\u00e9ens dans les v\u00e9hicules utilitaires l\u00e9gers \u00e0 lourds.<\/p>\n","protected":false},"featured_media":10108,"template":"","meta":{"_acf_changed":false,"inline_featured_image":false},"product_brand":[],"product_cat":[220],"product_tag":[],"class_list":{"0":"post-9850","1":"product","2":"type-product","3":"status-publish","4":"has-post-thumbnail","6":"product_cat-huiles-pour-transmissions-et-atf","8":"first","9":"instock","10":"taxable","11":"shipping-taxable","12":"purchasable","13":"product-type-simple"},"acf":[],"_links":{"self":[{"href":"https:\/\/webshop.ingelbeen.be\/fr\/wp-json\/wp\/v2\/product\/9850","targetHints":{"allow":["GET"]}}],"collection":[{"href":"https:\/\/webshop.ingelbeen.be\/fr\/wp-json\/wp\/v2\/product"}],"about":[{"href":"https:\/\/webshop.ingelbeen.be\/fr\/wp-json\/wp\/v2\/types\/product"}],"wp:featuredmedia":[{"embeddable":true,"href":"https:\/\/webshop.ingelbeen.be\/fr\/wp-json\/wp\/v2\/media\/10108"}],"wp:attachment":[{"href":"https:\/\/webshop.ingelbeen.be\/fr\/wp-json\/wp\/v2\/media?parent=9850"}],"wp:term":[{"taxonomy":"product_brand","embeddable":true,"href":"https:\/\/webshop.ingelbeen.be\/fr\/wp-json\/wp\/v2\/product_brand?post=9850"},{"taxonomy":"product_cat","embeddable":true,"href":"https:\/\/webshop.ingelbeen.be\/fr\/wp-json\/wp\/v2\/product_cat?post=9850"},{"taxonomy":"product_tag","embeddable":true,"href":"https:\/\/webshop.ingelbeen.be\/fr\/wp-json\/wp\/v2\/product_tag?post=9850"}],"curies":[{"name":"wp","href":"https:\/\/api.w.org\/{rel}","templated":true}]}}