{"id":9852,"date":"2024-04-30T13:10:24","date_gmt":"2024-04-30T12:10:24","guid":{"rendered":"https:\/\/ingelbeen.kneet.be\/product\/mobil-delvac-1-transmission-fluid-mbt-75w-90\/"},"modified":"2024-06-26T16:13:48","modified_gmt":"2024-06-26T15:13:48","slug":"mobil-delvac-1-transmission-fluid-mbt-75w-90","status":"publish","type":"product","link":"https:\/\/webshop.ingelbeen.be\/fr\/produit\/mobil-delvac-1-transmission-fluid-mbt-75w-90\/","title":{"rendered":"Mobil Delvac 1 Transmission Fluid MBT 75W-90"},"content":{"rendered":"<p>Le fluide de transmission Mobil Delvac 1 MBT est formul\u00e9 avec un syst\u00e8me d&rsquo;additifs avanc\u00e9 offrant une excellente stabilit\u00e9 thermique et r\u00e9sistance \u00e0 l&rsquo;usure.\u00a0Le fluide de transmission Mobil Delvac 1 MBT maintient des temp\u00e9ratures plus basses dans la transmission par rapport aux huiles de transmission conventionnelles.\u00a0Elle est recommand\u00e9e pour la plupart des transmissions manuelles, des bo\u00eetes-ponts et des essieux hypo\u00efdes doux pour lesquels une huile API GL-5 n&rsquo;est pas requise.\u00a0Mobil Delvac 1 Transmission Fluid MBT convient aux transmissions (bo\u00eetes de vitesses) o\u00f9 les lubrifiants sont expos\u00e9s \u00e0 des temp\u00e9ratures tr\u00e8s \u00e9lev\u00e9es en service \u00e0 pleine charge.<\/p>\n<h2>Applications<\/h2>\n<p> Le fluide de transmission Mobil Delvac 1 MBT est approuv\u00e9 selon la fiche technique Mercedes-Benz MB 235.11 couvrant les transmissions manuelles Actros, y compris celles avec bo\u00eetes de transfert.<\/p>\n<h2>Sp\u00e9cifications et homologations<\/h2>\n<h3>Ce produit poss\u00e8de les approbations de constructeur suivantes<\/h3>\n<ul>\n<li>Approbation MB 235.11<\/li>\n<\/ul>\n","protected":false},"excerpt":{"rendered":"<p>Le fluide de transmission Mobil Delvac\u2122 1 MBT 75W-90 est une huile SAE 75W-90 enti\u00e8rement synth\u00e9tique pour les transmissions manuelles. Le fluide de transmission Mobil Delvac 1 MBT 75W-90 poss\u00e8de d&rsquo;excellentes propri\u00e9t\u00e9s viscosit\u00e9\/temp\u00e9rature.<\/p>\n","protected":false},"featured_media":10108,"template":"","meta":{"_acf_changed":false,"inline_featured_image":false},"product_brand":[],"product_cat":[220],"product_tag":[],"class_list":{"0":"post-9852","1":"product","2":"type-product","3":"status-publish","4":"has-post-thumbnail","6":"product_cat-huiles-pour-transmissions-et-atf","8":"first","9":"instock","10":"taxable","11":"shipping-taxable","12":"purchasable","13":"product-type-simple"},"acf":[],"_links":{"self":[{"href":"https:\/\/webshop.ingelbeen.be\/fr\/wp-json\/wp\/v2\/product\/9852","targetHints":{"allow":["GET"]}}],"collection":[{"href":"https:\/\/webshop.ingelbeen.be\/fr\/wp-json\/wp\/v2\/product"}],"about":[{"href":"https:\/\/webshop.ingelbeen.be\/fr\/wp-json\/wp\/v2\/types\/product"}],"wp:featuredmedia":[{"embeddable":true,"href":"https:\/\/webshop.ingelbeen.be\/fr\/wp-json\/wp\/v2\/media\/10108"}],"wp:attachment":[{"href":"https:\/\/webshop.ingelbeen.be\/fr\/wp-json\/wp\/v2\/media?parent=9852"}],"wp:term":[{"taxonomy":"product_brand","embeddable":true,"href":"https:\/\/webshop.ingelbeen.be\/fr\/wp-json\/wp\/v2\/product_brand?post=9852"},{"taxonomy":"product_cat","embeddable":true,"href":"https:\/\/webshop.ingelbeen.be\/fr\/wp-json\/wp\/v2\/product_cat?post=9852"},{"taxonomy":"product_tag","embeddable":true,"href":"https:\/\/webshop.ingelbeen.be\/fr\/wp-json\/wp\/v2\/product_tag?post=9852"}],"curies":[{"name":"wp","href":"https:\/\/api.w.org\/{rel}","templated":true}]}}