{"id":9854,"date":"2024-04-30T13:10:24","date_gmt":"2024-04-30T12:10:24","guid":{"rendered":"https:\/\/ingelbeen.kneet.be\/product\/mobil-delvac-1-transmission-fluid-v30\/"},"modified":"2024-06-26T16:13:49","modified_gmt":"2024-06-26T15:13:49","slug":"mobil-delvac-1-transmission-fluid-v30","status":"publish","type":"product","link":"https:\/\/webshop.ingelbeen.be\/fr\/produit\/mobil-delvac-1-transmission-fluid-v30\/","title":{"rendered":"Mobil Delvac 1 Transmission Fluid V30"},"content":{"rendered":"<div class=\"compensation des d\u00e9tails du produit\">\n<div class=\"description de l'attribut du produit\">\n<div class=\"description de la valeur\">\n<p> Mobil Delvac\u2122 1 Transmission Fluid V30 est un lubrifiant pour transmission manuelle enti\u00e8rement synth\u00e9tique et robuste, con\u00e7u pour r\u00e9pondre \u00e0 des exigences exigeantes. Recommand\u00e9 pour la lubrification toute l&rsquo;ann\u00e9e des transmissions manuelles des \u00e9quipements routiers et hors route \u00e0 usage l\u00e9ger \u00e0 s\u00e9v\u00e8re fonctionnant dans une large gamme d&rsquo;environnements. Con\u00e7u pour offrir d&rsquo;excellentes performances, le fluide de transmission Mobil Delvac 1 V30 int\u00e8gre la derni\u00e8re technologie de lubrification bas\u00e9e sur des huiles de base synth\u00e9tiques et un syst\u00e8me d&rsquo;additifs avanc\u00e9 offrant des avantages significatifs par rapport aux huiles de transmission conventionnelles. Ce syst\u00e8me d&rsquo;additifs avanc\u00e9 offre un pouvoir d\u00e9tergent et dispersant exceptionnel avec une protection optimis\u00e9e contre la d\u00e9gradation thermique, l&rsquo;oxydation, l&rsquo;usure et la corrosion. En raison de son indice de viscosit\u00e9 \u00e9lev\u00e9 et de son m\u00e9lange d\u2019huiles de base synth\u00e9tiques, elle offre une r\u00e9sistance de film plus forte \u00e0 des temp\u00e9ratures plus \u00e9lev\u00e9es que les huiles conventionnelles. Cette technologie garantit \u00e9galement une lubrification efficace \u00e0 des temp\u00e9ratures extr\u00eamement basses sans canalisation d&rsquo;huile. Le fluide de transmission Mobil Delvac 1 V30 est recommand\u00e9 pour les transmissions manuelles et les applications de bo\u00eetes de vitesses non hypo\u00efdes.<\/p><\/div><\/div><\/div>\n<h2>Fonctionnalit\u00e9 et avantages potentiels<\/h2>\n<p> La technologie actuelle a consid\u00e9rablement am\u00e9lior\u00e9 les capacit\u00e9s de performance des camions lourds en termes de charge, de vitesse, de contr\u00f4le et de fiabilit\u00e9 gr\u00e2ce \u00e0 des conceptions innovantes de transmission. Ces conceptions ont consid\u00e9rablement chang\u00e9 et augment\u00e9 les exigences en mati\u00e8re de fluides de transmission pour offrir des niveaux de performances plus \u00e9lev\u00e9s, tout en prolongeant les intervalles de vidange. Pour les transmissions lourdes\u00a0; le contr\u00f4le de friction, la protection contre l&rsquo;usure, la stabilit\u00e9 thermique, la stabilit\u00e9 au cisaillement, la protection contre la rouille et la corrosion, ainsi que la protection des joints sont des caract\u00e9ristiques qui doivent \u00eatre \u00e9quilibr\u00e9es de mani\u00e8re optimale, pour prolonger la dur\u00e9e de vie de la transmission et du synchroniseur, un contr\u00f4le des changements de vitesse en douceur, une efficacit\u00e9 de transmission am\u00e9lior\u00e9e et une charge plus \u00e9lev\u00e9e. capacit\u00e9 sur une large gamme d\u2019applications et d\u2019environnements d\u2019exploitation. Par rapport aux huiles de transmission min\u00e9rales conventionnelles, les principaux avantages du fluide de transmission Mobil Delvac 1 V30 comprennent\u00a0:<\/p>\n<table class=\"table table-striped\">\n <t\u00eate><\/p>\n<tr>\n<th>Fonctionnalit\u00e9s<\/th>\n<th>Avantages et b\u00e9n\u00e9fices potentiels<\/th>\n<\/tr>\n<p> <\/t\u00eate><br \/>\n <corps><\/p>\n<tr>\n<td>Excellentes performances de charge, anti-usure et extr\u00eame pression (EP)<\/td>\n<td>Aide \u00e0 prot\u00e9ger contre l&rsquo;usure dans des conditions de fonctionnement difficiles tout au long de la dur\u00e9e de vie de la transmission<\/td>\n<\/tr>\n<tr>\n<td>Protection exceptionnelle contre la formation de d\u00e9p\u00f4ts<\/td>\n<td>Contribue \u00e0 une longue dur\u00e9e de vie des joints, \u00e0 des intervalles de vidange et d&rsquo;entretien prolong\u00e9s<\/td>\n<\/tr>\n<tr>\n<td>Haute protection contre la corrosion du cuivre et de ses alliages<\/td>\n<td>Aide \u00e0 prot\u00e9ger et \u00e0 prolonger la dur\u00e9e de vie des synchroniseurs tout en offrant des performances de changement de vitesse plus fluides<\/td>\n<\/tr>\n<tr>\n<td>Protection thermique et anti-oxydation optimis\u00e9e<\/td>\n<td>Contribue \u00e0 prolonger les intervalles de vidange et d&rsquo;entretien pour des co\u00fbts de maintenance ma\u00eetris\u00e9s<\/td>\n<\/tr>\n<tr>\n<td>Stabilit\u00e9 exceptionnelle au cisaillement<\/td>\n<td>Aide \u00e0 maintenir une viscosit\u00e9 et une r\u00e9sistance de film efficaces pour une meilleure protection contre l&rsquo;usure lors d&rsquo;un fonctionnement intensif<\/td>\n<\/tr>\n<tr>\n<td>Fluidit\u00e9 exceptionnelle \u00e0 basse temp\u00e9rature<\/td>\n<td>Contribue \u00e0 des d\u00e9marrages plus rapides, \u00e0 un changement de vitesse facile et aide \u00e0 r\u00e9duire l&rsquo;usure lors des d\u00e9marrages \u00e0 basse temp\u00e9rature<\/td>\n<\/tr>\n<tr>\n<td>Capacit\u00e9 \u00e9tendue de vidange et d&rsquo;intervalle d&rsquo;entretien<\/td>\n<td>Aide \u00e0 r\u00e9duire les co\u00fbts d&rsquo;exploitation et contribue \u00e0 am\u00e9liorer la productivit\u00e9<\/td>\n<\/tr>\n<tr>\n<td>Propri\u00e9t\u00e9s de friction optimis\u00e9es et stables<\/td>\n<td>Contribue \u00e0 un changement de vitesse fluide et rapide<\/td>\n<\/tr>\n<\/tbody>\n<\/table>\n<h2>Applications<\/h2>\n<p> Recommand\u00e9 par ExxonMobil pour une utilisation dans\u00a0:<\/p>\n<p> \u2022\u00a0Transmissions manuelles robustes, en particulier celles n\u00e9cessitant des huiles de type Volvo 97307 ou Volvo 97318 (reportez-vous aux recommandations du manuel du propri\u00e9taire)<\/p>\n<p> \u2022\u00a0Camions commerciaux l\u00e9gers et lourds sur route, autobus<\/p>\n<p> \u2022\u00a0Applications dans les r\u00e9gions o\u00f9 des temp\u00e9ratures hivernales rigoureuses sont rencontr\u00e9es<\/p>\n<p> \u2022\u00a0Applications n\u00e9cessitant des intervalles d&rsquo;entretien et des garanties prolong\u00e9s<\/p>\n<p> \u2022\u00a0Association avec les huiles synth\u00e9tiques pour engrenages Mobil Delvac dans les essieux arri\u00e8re pour une efficacit\u00e9 maximale de la transmission et une am\u00e9lioration de l&rsquo;\u00e9conomie de carburant.<\/p>\n<p> \u2022\u00a0\u00a0NE convient PAS aux applications d&rsquo;engrenages hypo\u00efdes dans les diff\u00e9rentiels et les transmissions finales, que ce soit pour le remplissage ou les recharges, lorsque les lubrifiants API GL-5 ou MIL-PRF-2105E sont sp\u00e9cifi\u00e9s dans le manuel du propri\u00e9taire.<\/p>\n<p> \u2022\u00a0MAN 341 type E4<\/p>\n<h2>Sp\u00e9cifications et homologations<\/h2>\n<h3>Ce produit r\u00e9pond aux exigences selon Exxonmobil<\/h3>\n<ul>\n<li>MAN 341 type E4<\/li>\n<\/ul>\n<h3>Ce produit poss\u00e8de les approbations de constructeur suivantes<\/h3>\n<ul>\n<li>VOLVO 97307<\/li>\n<li>VOLVO 97318<\/li>\n<li>Huile VOITH RETARDER Classe C<\/li>\n<\/ul>\n<div class=\"li\u00e9 au bloc\" data-limit=\"0\" data-shuffle=\"0\"><\/div>\n","protected":false},"excerpt":{"rendered":"<p><span>Le fluide de transmission Mobil Delvac\u2122 1 V30 est une huile de transmission enti\u00e8rement synth\u00e9tique pour les transmissions manuelles robustes, con\u00e7ue pour r\u00e9pondre \u00e0 des exigences exigeantes. Recommand\u00e9 pour la lubrification toute l&rsquo;ann\u00e9e des transmissions manuelles pour les applications l\u00e9g\u00e8res \u00e0 lourdes sur route et hors route dans une vari\u00e9t\u00e9 d&rsquo;environnements.<\/span><\/p>\n","protected":false},"featured_media":10108,"template":"","meta":{"_acf_changed":false,"inline_featured_image":false},"product_brand":[],"product_cat":[220],"product_tag":[],"class_list":{"0":"post-9854","1":"product","2":"type-product","3":"status-publish","4":"has-post-thumbnail","6":"product_cat-huiles-pour-transmissions-et-atf","8":"first","9":"instock","10":"taxable","11":"shipping-taxable","12":"purchasable","13":"product-type-simple"},"acf":[],"_links":{"self":[{"href":"https:\/\/webshop.ingelbeen.be\/fr\/wp-json\/wp\/v2\/product\/9854","targetHints":{"allow":["GET"]}}],"collection":[{"href":"https:\/\/webshop.ingelbeen.be\/fr\/wp-json\/wp\/v2\/product"}],"about":[{"href":"https:\/\/webshop.ingelbeen.be\/fr\/wp-json\/wp\/v2\/types\/product"}],"wp:featuredmedia":[{"embeddable":true,"href":"https:\/\/webshop.ingelbeen.be\/fr\/wp-json\/wp\/v2\/media\/10108"}],"wp:attachment":[{"href":"https:\/\/webshop.ingelbeen.be\/fr\/wp-json\/wp\/v2\/media?parent=9854"}],"wp:term":[{"taxonomy":"product_brand","embeddable":true,"href":"https:\/\/webshop.ingelbeen.be\/fr\/wp-json\/wp\/v2\/product_brand?post=9854"},{"taxonomy":"product_cat","embeddable":true,"href":"https:\/\/webshop.ingelbeen.be\/fr\/wp-json\/wp\/v2\/product_cat?post=9854"},{"taxonomy":"product_tag","embeddable":true,"href":"https:\/\/webshop.ingelbeen.be\/fr\/wp-json\/wp\/v2\/product_tag?post=9854"}],"curies":[{"name":"wp","href":"https:\/\/api.w.org\/{rel}","templated":true}]}}