{"id":9860,"date":"2024-04-30T13:10:23","date_gmt":"2024-04-30T12:10:23","guid":{"rendered":"https:\/\/ingelbeen.kneet.be\/product\/mobil-delvac-1-gear-oil-75w-90\/"},"modified":"2024-06-26T16:13:47","modified_gmt":"2024-06-26T15:13:47","slug":"mobil-delvac-1-gear-oil-75w-90","status":"publish","type":"product","link":"https:\/\/webshop.ingelbeen.be\/fr\/produit\/mobil-delvac-1-gear-oil-75w-90\/","title":{"rendered":"Mobil Delvac 1 Gear Oil 75W-90"},"content":{"rendered":"<div class=\"compensation des d\u00e9tails du produit\">\n<div class=\"description de l'attribut du produit\">\n<div class=\"description de la valeur\">\n<p> Mobil Delvac\u00a01 Gear Oil 75W-90 est un lubrifiant pour transmission enti\u00e8rement synth\u00e9tique con\u00e7u pour r\u00e9pondre aux exigences tr\u00e8s exigeantes en mati\u00e8re de vidange prolong\u00e9e et de garantie. Ce produit est con\u00e7u pour \u00eatre utilis\u00e9 dans les transmissions robustes qui n\u00e9cessitent des lubrifiants pour engrenages avec une excellente capacit\u00e9 de charge et o\u00f9 des pressions extr\u00eames et des charges de choc sont attendues. \u00a0L&rsquo;huile pour engrenages Mobil Delvac\u00a01 75W-90 int\u00e8gre une base synth\u00e9tique et des additifs avanc\u00e9s offrant des avantages significatifs par rapport aux huiles pour engrenages conventionnelles.<\/p>\n<p> La technologie de pointe de l&rsquo;huile pour engrenages Mobil Delvac\u00a01 75W-90 offre d&rsquo;excellentes performances, aide \u00e0 prot\u00e9ger contre la d\u00e9gradation thermique et l&rsquo;oxydation, contribue \u00e0 r\u00e9duire l&rsquo;usure et la corrosion, \u00e0 am\u00e9liorer la stabilit\u00e9 au cisaillement et \u00e0 prolonger la capacit\u00e9 de service.<\/p><\/div><\/div><\/div>\n<h2>Fonctionnalit\u00e9 et avantages potentiels<\/h2>\n<p> La technologie actuelle a consid\u00e9rablement am\u00e9lior\u00e9 les capacit\u00e9s de performance de la charge, du couple, de la vitesse et du contr\u00f4le des \u00e9quipements lourds sur et hors route gr\u00e2ce \u00e0 des conceptions de transmission innovantes. Ces conceptions ont modifi\u00e9 et augment\u00e9 les exigences en mati\u00e8re de lubrifiants pour offrir ce niveau de performance plus \u00e9lev\u00e9, augmenter la productivit\u00e9 et r\u00e9duire les co\u00fbts d&rsquo;exploitation. Pour les transmissions finales \u00e0 usage intensif, le contr\u00f4le de la friction, la protection contre l&rsquo;usure, la stabilit\u00e9 thermique, la stabilit\u00e9 au cisaillement, la pr\u00e9vention de la rouille et de la corrosion et la protection des joints sont des caract\u00e9ristiques qui doivent \u00eatre \u00e9quilibr\u00e9es de mani\u00e8re optimale pour contribuer \u00e0 prolonger la dur\u00e9e de vie des engrenages et des joints, \u00e0 un fonctionnement en douceur et \u00e0 un potentiel d&rsquo;\u00e9conomie de carburant am\u00e9lior\u00e9. et une capacit\u00e9 de couple \u00e9lev\u00e9e \u00e0 charge \u00e9lev\u00e9e sur une large gamme d&rsquo;applications. Les principaux avantages de l&rsquo;huile pour engrenages Mobil Delvac\u00a01 75W-90 comprennent\u00a0:<\/p>\n<table class=\"table table-striped\">\n <t\u00eate><\/p>\n<tr>\n<th>Fonctionnalit\u00e9s<\/th>\n<th>Avantages et b\u00e9n\u00e9fices potentiels<\/th>\n<\/tr>\n<p> <\/t\u00eate><br \/>\n <corps><\/p>\n<tr>\n<td>Stabilit\u00e9 thermique exceptionnelle et r\u00e9sistance \u00e0 l&rsquo;oxydation \u00e0 haute temp\u00e9rature<\/td>\n<td>Longue dur\u00e9e de vie des engrenages et des roulements gr\u00e2ce \u00e0 un minimum de d\u00e9p\u00f4ts, longue dur\u00e9e de vie des joints<\/td>\n<\/tr>\n<tr>\n<td>Protection exceptionnelle contre l&rsquo;usure \u00e0 basse vitesse\/couple \u00e9lev\u00e9 et les rayures \u00e0 haute vitesse<\/td>\n<td>Capacit\u00e9 de charge accrue, contribue \u00e0 r\u00e9duire les co\u00fbts de maintenance et \u00e0 prolonger la dur\u00e9e de vie de l&rsquo;\u00e9quipement<\/td>\n<\/tr>\n<tr>\n<td>Stabilit\u00e9 exceptionnelle au cisaillement<\/td>\n<td>Aide \u00e0 conserver la viscosit\u00e9 et la r\u00e9sistance du film dans des conditions de fonctionnement difficiles pour \u00e9viter l&rsquo;usure<\/td>\n<\/tr>\n<tr>\n<td>Propri\u00e9t\u00e9s am\u00e9lior\u00e9es de r\u00e9duction des frottements<\/td>\n<td>Poss\u00e8de un potentiel d&rsquo;\u00e9conomie de carburant et de r\u00e9duction des co\u00fbts d&rsquo;exploitation<\/td>\n<\/tr>\n<tr>\n<td>Fluidit\u00e9 exceptionnelle \u00e0 basse temp\u00e9rature par rapport aux huiles conventionnelles<\/td>\n<td>Aide \u00e0 r\u00e9duire l&rsquo;usure et facilite le d\u00e9marrage<\/td>\n<\/tr>\n<tr>\n<td>Bonne r\u00e9sistance au moussage<\/td>\n<td>Aide \u00e0 maintenir la r\u00e9sistance du film pour une lubrification fiable<\/td>\n<\/tr>\n<tr>\n<td>Compatible avec les joints et joints automobiles typiques<\/td>\n<td>Fuite minimale et contamination r\u00e9duite<\/td>\n<\/tr>\n<\/tbody>\n<\/table>\n<h2>Applications<\/h2>\n<ul>\n<li>Transmissions manuelles, essieux et transmissions finales non synchronis\u00e9es robustes n\u00e9cessitant des performances API GL-5 et MT-1<\/li>\n<li>Camions, bus et fourgonnettes l\u00e9gers et lourds sur route<\/li>\n<li>Industries hors route, notamment\u00a0: construction, mines, carri\u00e8res et agriculture<\/li>\n<li>Autres entra\u00eenements \u00e0 engrenages industriels robustes, notamment les engrenages hypo\u00efdes et \u00e0 vis sans fin, fonctionnant dans des conditions de vitesse \u00e9lev\u00e9e\/charge de choc, de vitesse \u00e9lev\u00e9e\/couple faible et\/ou de vitesse faible\/couple \u00e9lev\u00e9<\/li>\n<li>L&rsquo;huile pour engrenages Mobil Delvac\u00a01 75W-90 est destin\u00e9e au remplissage initial, au remplissage ou au remplissage des diff\u00e9rentiels, des transmissions finales et des bo\u00eetes de transfert<\/li>\n<li>Recommand\u00e9 pour les \u00e9quipements tels que les r\u00e9ducteurs de treuil et les entra\u00eenements par engrenages de propulsion de v\u00e9hicules \u00e0 chenilles qui sont expos\u00e9s \u00e0 des temp\u00e9ratures tr\u00e8s basses.<\/li>\n<li>Recommand\u00e9 lorsque des intervalles d&rsquo;entretien et des garanties prolong\u00e9s sont requis<\/li>\n<li>Non recommand\u00e9 pour les applications n\u00e9cessitant des performances de niveau API GL-4<\/li>\n<li>Non destin\u00e9 aux transmissions automatiques, manuelles ou semi-automatiques pour lesquelles de l&rsquo;huile moteur ou des liquides de transmission automatique sont recommand\u00e9s<\/li>\n<\/ul>\n<h2>Sp\u00e9cifications et homologations<\/h2>\n<h3>Satisfait ou d\u00e9passe les exigences de<\/h3>\n<ul>\n<li>API GL-5\/MT-1<\/li>\n<li>Scania STO 1:0<\/li>\n<li>Isuzu asolie<\/li>\n<li>Isuzu LCV voorasolie<\/li>\n<li>Huile Isuzu pour grandes transmissions manuelles<\/li>\n<li>M\u00e9ritor 0-76-N<\/li>\n<li>BOSCH TE-ML 08<\/li>\n<li>ZF TE-ML 08\/07A<\/li>\n<\/ul>\n<h3>Ce produit r\u00e9pond aux exigences selon Exxonmobil<\/h3>\n<ul>\n<li>Eaton PS163<\/li>\n<li>MIL-PRF-2105E<\/li>\n<\/ul>\n<h3>Ce produit poss\u00e8de les approbations de constructeur suivantes<\/h3>\n<ul>\n<li>Volvo 97312<\/li>\n<li>SAE J2360<\/li>\n<li>Dana SHAES 256 R\u00e9v. C\/429<\/li>\n<li>Sp\u00e9cification des fluides Detroit 93K219.01<\/li>\n<li>Mack GO-J Plus<\/li>\n<li>MAN 342 type M2<\/li>\n<li>Mo-blad 235,8<\/li>\n<li>VOITH TURBO 132.00374401 \/ 132.00374402<\/li>\n<li>ZF TE-ML 05A \/ 12L \/ 12N \/ 16F \/ 17B\/ 19C \/ 21A<\/li>\n<li>SCANIA STO 2:0 A<\/li>\n<li>SCANIA STO 2:0 A FS<\/li>\n<li>Navistar MPAPS B-6821<\/li>\n<li>Essieu Hyundai Dymos P1105S &#8211; Essieu arri\u00e8re \u00e0 plancher surbaiss\u00e9<\/li>\n<li>Engrenages ferroviaires Flender T7302<\/li>\n<\/ul>\n<div class=\"li\u00e9 au bloc\" data-limit=\"0\" data-shuffle=\"0\"><\/div>\n","protected":false},"excerpt":{"rendered":"<p>Mobil Delvac 1 Gear Oil 75W-90 est une huile pour groupe motopropulseur enti\u00e8rement synth\u00e9tique con\u00e7ue pour r\u00e9pondre aux exigences tr\u00e8s exigeantes en mati\u00e8re d&rsquo;intervalles d&rsquo;entretien et de garanties prolong\u00e9s. Ce produit a \u00e9t\u00e9 d\u00e9velopp\u00e9 pour \u00eatre utilis\u00e9 dans les syst\u00e8mes d&rsquo;entra\u00eenement fortement charg\u00e9s qui n\u00e9cessitent une huile de transmission avec une excellente capacit\u00e9 de charge et o\u00f9 des pressions et des chocs extr\u00eames peuvent \u00eatre attendus.<\/p>\n","protected":false},"featured_media":10108,"template":"","meta":{"_acf_changed":false,"inline_featured_image":false},"product_brand":[],"product_cat":[220],"product_tag":[],"class_list":{"0":"post-9860","1":"product","2":"type-product","3":"status-publish","4":"has-post-thumbnail","6":"product_cat-huiles-pour-transmissions-et-atf","8":"first","9":"instock","10":"taxable","11":"shipping-taxable","12":"purchasable","13":"product-type-simple"},"acf":[],"_links":{"self":[{"href":"https:\/\/webshop.ingelbeen.be\/fr\/wp-json\/wp\/v2\/product\/9860","targetHints":{"allow":["GET"]}}],"collection":[{"href":"https:\/\/webshop.ingelbeen.be\/fr\/wp-json\/wp\/v2\/product"}],"about":[{"href":"https:\/\/webshop.ingelbeen.be\/fr\/wp-json\/wp\/v2\/types\/product"}],"wp:featuredmedia":[{"embeddable":true,"href":"https:\/\/webshop.ingelbeen.be\/fr\/wp-json\/wp\/v2\/media\/10108"}],"wp:attachment":[{"href":"https:\/\/webshop.ingelbeen.be\/fr\/wp-json\/wp\/v2\/media?parent=9860"}],"wp:term":[{"taxonomy":"product_brand","embeddable":true,"href":"https:\/\/webshop.ingelbeen.be\/fr\/wp-json\/wp\/v2\/product_brand?post=9860"},{"taxonomy":"product_cat","embeddable":true,"href":"https:\/\/webshop.ingelbeen.be\/fr\/wp-json\/wp\/v2\/product_cat?post=9860"},{"taxonomy":"product_tag","embeddable":true,"href":"https:\/\/webshop.ingelbeen.be\/fr\/wp-json\/wp\/v2\/product_tag?post=9860"}],"curies":[{"name":"wp","href":"https:\/\/api.w.org\/{rel}","templated":true}]}}