{"id":9864,"date":"2024-04-30T13:10:22","date_gmt":"2024-04-30T12:10:22","guid":{"rendered":"https:\/\/ingelbeen.kneet.be\/product\/mobil-atf-320-2\/"},"modified":"2024-06-26T16:13:44","modified_gmt":"2024-06-26T15:13:44","slug":"mobil-atf-320-2","status":"publish","type":"product","link":"https:\/\/webshop.ingelbeen.be\/fr\/produit\/mobil-atf-320-2\/","title":{"rendered":"Mobil ATF 320"},"content":{"rendered":"<div class=\"compensation des d\u00e9tails du produit\">\n<div class=\"description de l'attribut du produit\">\n<div class=\"description de la valeur\">\n<p> Mobil ATF 320 est un fluide de transmission automatique de tr\u00e8s hautes performances.<\/p>\n<p> Mobil ATF 320 est recommand\u00e9 pour la plupart des transmissions automatiques de voitures particuli\u00e8res et commerciales. Il convient \u00e9galement aux syst\u00e8mes de direction assist\u00e9e, aux applications hydrauliques et \u00e0 certaines transmissions manuelles pour lesquelles un liquide de transmission automatique est sp\u00e9cifi\u00e9.<\/p><\/div><\/div><\/div>\n<h2>Fonctionnalit\u00e9 et avantages potentiels<\/h2>\n<ul>\n<li>Les exigences de friction correctes pour assurer un fonctionnement fluide de la transmission sur de larges bandes op\u00e9rationnelles<\/li>\n<li>Protection contre la d\u00e9gradation \u00e0 des temp\u00e9ratures de fonctionnement \u00e9lev\u00e9es et service prolong\u00e9<\/li>\n<li>Pompabilit\u00e9 et circulation \u00e0 basse temp\u00e9rature garantissant des performances de d\u00e9marrage \u00e0 froid<\/li>\n<li>Compatibilit\u00e9 avec tous les mat\u00e9riaux d&rsquo;\u00e9tanch\u00e9it\u00e9 conventionnels pr\u00e9sents dans les unit\u00e9s de transmission<\/li>\n<\/ul>\n<h2>Applications<\/h2>\n<p> Mobil ATF 320 est recommand\u00e9 pour la plupart des transmissions automatiques de voitures particuli\u00e8res et commerciales. Il convient \u00e9galement aux syst\u00e8mes de direction assist\u00e9e, aux applications hydrauliques et \u00e0 certaines transmissions manuelles pour lesquelles un liquide de transmission automatique est sp\u00e9cifi\u00e9.<\/p>\n<h2>Sp\u00e9cifications et homologations<\/h2>\n<h3>Ce produit r\u00e9pond aux exigences selon Exxonmobil<\/h3>\n<ul>\n<li>GM Dexron III G<\/li>\n<li>Ford Mercon<\/li>\n<li>Allison C-4<\/li>\n<li>Volvo 97341<\/li>\n<\/ul>\n<h3>Ce produit poss\u00e8de les approbations de constructeur suivantes<\/h3>\n<ul>\n<li>ZF TE-ML 14A, 04D, 17C, 03D<\/li>\n<li>MAN 339 Type Z1 \/ 339 Type V1<\/li>\n<li>Voith Turbo H55.6335.xx<\/li>\n<\/ul>\n","protected":false},"excerpt":{"rendered":"<p>Mobil ATF 320 est un fluide extra haute performance pour transmissions automatiques.<\/p>\n","protected":false},"featured_media":10132,"template":"","meta":{"_acf_changed":false,"inline_featured_image":false},"product_brand":[],"product_cat":[220],"product_tag":[],"class_list":{"0":"post-9864","1":"product","2":"type-product","3":"status-publish","4":"has-post-thumbnail","6":"product_cat-huiles-pour-transmissions-et-atf","8":"first","9":"instock","10":"taxable","11":"shipping-taxable","12":"purchasable","13":"product-type-simple"},"acf":[],"_links":{"self":[{"href":"https:\/\/webshop.ingelbeen.be\/fr\/wp-json\/wp\/v2\/product\/9864","targetHints":{"allow":["GET"]}}],"collection":[{"href":"https:\/\/webshop.ingelbeen.be\/fr\/wp-json\/wp\/v2\/product"}],"about":[{"href":"https:\/\/webshop.ingelbeen.be\/fr\/wp-json\/wp\/v2\/types\/product"}],"wp:featuredmedia":[{"embeddable":true,"href":"https:\/\/webshop.ingelbeen.be\/fr\/wp-json\/wp\/v2\/media\/10132"}],"wp:attachment":[{"href":"https:\/\/webshop.ingelbeen.be\/fr\/wp-json\/wp\/v2\/media?parent=9864"}],"wp:term":[{"taxonomy":"product_brand","embeddable":true,"href":"https:\/\/webshop.ingelbeen.be\/fr\/wp-json\/wp\/v2\/product_brand?post=9864"},{"taxonomy":"product_cat","embeddable":true,"href":"https:\/\/webshop.ingelbeen.be\/fr\/wp-json\/wp\/v2\/product_cat?post=9864"},{"taxonomy":"product_tag","embeddable":true,"href":"https:\/\/webshop.ingelbeen.be\/fr\/wp-json\/wp\/v2\/product_tag?post=9864"}],"curies":[{"name":"wp","href":"https:\/\/api.w.org\/{rel}","templated":true}]}}