{"id":9870,"date":"2024-04-30T13:10:22","date_gmt":"2024-04-30T12:10:22","guid":{"rendered":"https:\/\/ingelbeen.kneet.be\/product\/mobil-atf-3309-2\/"},"modified":"2024-06-26T16:13:45","modified_gmt":"2024-06-26T15:13:45","slug":"mobil-atf-3309-2","status":"publish","type":"product","link":"https:\/\/webshop.ingelbeen.be\/fr\/produit\/mobil-atf-3309-2\/","title":{"rendered":"Mobil ATF 3309"},"content":{"rendered":"<div class=\"compensation des d\u00e9tails du produit\">\n<div class=\"description de l'attribut du produit\">\n<div class=\"description de la valeur\">\n<p> Mobil ATF\u2122 3309 est un lubrifiant aux performances exceptionnellement \u00e9lev\u00e9es qui r\u00e9pond aux sp\u00e9cifications des fabricants d&rsquo;\u00e9quipement d&rsquo;origine pour une utilisation dans certaines transmissions automatiques \u00e0 verrouillage contr\u00f4l\u00e9 par glissement.<\/p><\/div><\/div><\/div>\n<h2>Fonctionnalit\u00e9 et avantages potentiels<\/h2>\n<p> La formulation unique de Mobil ATF 3309 est con\u00e7ue pour fournir une excellente lubrification des transmissions dans les transmissions automatiques \u00e0 verrouillage contr\u00f4l\u00e9 et sp\u00e9cifi\u00e9es. Ces capacit\u00e9s de performances exceptionnelles se traduisent par des avantages op\u00e9rationnels significatifs, notamment\u00a0:<\/p>\n<ul>\n<li>Excellentes caract\u00e9ristiques de lubrification pour un fonctionnement silencieux et des changements de vitesse en douceur dans les transmissions approuv\u00e9es<\/li>\n<li>Propri\u00e9t\u00e9s de friction contr\u00f4l\u00e9es pour une transmission fluide et efficace de la puissance sur toutes les plages de temp\u00e9ratures normales<\/li>\n<li>Aide \u00e0 contr\u00f4ler les vibrations de la transmission et \u00e0 offrir une excellente maniabilit\u00e9 du v\u00e9hicule<\/li>\n<li>Contribue \u00e0 prolonger la dur\u00e9e de vie de la transmission gr\u00e2ce \u00e0 un excellent contr\u00f4le de l&rsquo;usure<\/li>\n<li>Longue dur\u00e9e de vie du fluide gr\u00e2ce \u00e0 une excellente r\u00e9sistance \u00e0 l&rsquo;oxydation<\/li>\n<li>Excellente stabilit\u00e9 de la viscosit\u00e9 (indice de viscosit\u00e9 \u00e9lev\u00e9) pour garantir une lubrification ad\u00e9quate sans fluidification excessive en cas de service intensif \u00e0 haute temp\u00e9rature ni \u00e9paississement \u00e0 basse temp\u00e9rature de d\u00e9marrage<\/li>\n<li>R\u00e9sistance au moussage<\/li>\n<li>Superbe protection contre la rouille et la corrosion<\/li>\n<li>Compatibilit\u00e9 avec les mat\u00e9riaux de joints en caoutchouc synth\u00e9tique<\/li>\n<\/ul>\n<h2>Applications<\/h2>\n<p> Mobil ATF 3309 est recommand\u00e9 pour une utilisation dans les transmissions n\u00e9cessitant des fluides de niveaux de qualit\u00e9 JWS 3309 ou GM 9986195. Il est \u00e9galement recommand\u00e9 pour les applications de remplissage de service o\u00f9 des Toyota T-IV ou\u00a0T4, T-III ou T3 sont n\u00e9cessaires. Veuillez vous r\u00e9f\u00e9rer au manuel du propri\u00e9taire pour conna\u00eetre les exigences appropri\u00e9es en mati\u00e8re de fluides.<\/p>\n","protected":false},"excerpt":{"rendered":"<p>Mobil ATF\u2122 3309 est un lubrifiant aux performances exceptionnellement \u00e9lev\u00e9es qui r\u00e9pond aux sp\u00e9cifications des fabricants d&rsquo;\u00e9quipement d&rsquo;origine pour une utilisation dans certaines transmissions automatiques avec contr\u00f4le de patinage et verrouillage.<\/p>\n","protected":false},"featured_media":10303,"template":"","meta":{"_acf_changed":false,"inline_featured_image":false},"product_brand":[],"product_cat":[220],"product_tag":[],"class_list":{"0":"post-9870","1":"product","2":"type-product","3":"status-publish","4":"has-post-thumbnail","6":"product_cat-huiles-pour-transmissions-et-atf","8":"first","9":"instock","10":"taxable","11":"shipping-taxable","12":"purchasable","13":"product-type-simple"},"acf":[],"_links":{"self":[{"href":"https:\/\/webshop.ingelbeen.be\/fr\/wp-json\/wp\/v2\/product\/9870","targetHints":{"allow":["GET"]}}],"collection":[{"href":"https:\/\/webshop.ingelbeen.be\/fr\/wp-json\/wp\/v2\/product"}],"about":[{"href":"https:\/\/webshop.ingelbeen.be\/fr\/wp-json\/wp\/v2\/types\/product"}],"wp:featuredmedia":[{"embeddable":true,"href":"https:\/\/webshop.ingelbeen.be\/fr\/wp-json\/wp\/v2\/media\/10303"}],"wp:attachment":[{"href":"https:\/\/webshop.ingelbeen.be\/fr\/wp-json\/wp\/v2\/media?parent=9870"}],"wp:term":[{"taxonomy":"product_brand","embeddable":true,"href":"https:\/\/webshop.ingelbeen.be\/fr\/wp-json\/wp\/v2\/product_brand?post=9870"},{"taxonomy":"product_cat","embeddable":true,"href":"https:\/\/webshop.ingelbeen.be\/fr\/wp-json\/wp\/v2\/product_cat?post=9870"},{"taxonomy":"product_tag","embeddable":true,"href":"https:\/\/webshop.ingelbeen.be\/fr\/wp-json\/wp\/v2\/product_tag?post=9870"}],"curies":[{"name":"wp","href":"https:\/\/api.w.org\/{rel}","templated":true}]}}