{"id":9874,"date":"2024-04-30T13:10:22","date_gmt":"2024-04-30T12:10:22","guid":{"rendered":"https:\/\/ingelbeen.kneet.be\/product\/mobil-atf-lt-71141-2\/"},"modified":"2024-06-26T16:13:45","modified_gmt":"2024-06-26T15:13:45","slug":"mobil-atf-lt-71141-2","status":"publish","type":"product","link":"https:\/\/webshop.ingelbeen.be\/fr\/produit\/mobil-atf-lt-71141-2\/","title":{"rendered":"Mobil ATF LT 71141"},"content":{"rendered":"<div class=\"compensation des d\u00e9tails du produit\">\n<div class=\"description de l'attribut du produit\">\n<div class=\"description de la valeur\">\n<p> Mobil ATF LT71141 est un ATF hautes performances avec de longues performances de vidange destin\u00e9 \u00e0 \u00eatre appliqu\u00e9 dans les bo\u00eetes de vitesses automatiques des v\u00e9hicules.<\/p><\/div><\/div><\/div>\n<h2>Fonctionnalit\u00e9 et avantages potentiels<\/h2>\n<p> Excellentes propri\u00e9t\u00e9s \u00e0 froid.<\/p>\n<p> Performances additives \u00e9quilibr\u00e9es assurant une transmission fluide.<\/p>\n<h2>Applications<\/h2>\n<p> Mobil ATF LT71141 est con\u00e7u pour r\u00e9pondre aux exigences sp\u00e9cifiques des transmissions automatiques.<\/p>\n<p> Mobil ATF LT71141 est utilis\u00e9 pour les bo\u00eetes de vitesses AL4 et 4HP20 comme fluide de transmission automatique.<\/p>\n<h2>Sp\u00e9cifications et homologations<\/h2>\n<h3>Ce produit r\u00e9pond aux exigences selon Exxonmobil<\/h3>\n<ul>\n<li>VW TL52162<\/li>\n<\/ul>\n<h3>Ce produit poss\u00e8de les approbations de constructeur suivantes<\/h3>\n<ul>\n<li>Approbation MB 236.11<\/li>\n<li>Approuv\u00e9 ZF TE-ML 04D\/11B\/14B\/16L\/17C<\/li>\n<li>Approuv\u00e9 Voith Turbo H55.6336.xx<\/li>\n<li>Approuv\u00e9 PSA B71 2340<\/li>\n<\/ul>\n","protected":false},"excerpt":{"rendered":"<p>Mobil ATF LT71141 est une huile ATF longue dur\u00e9e et haute performance utilis\u00e9e dans les transmissions automatiques des v\u00e9hicules.<\/p>\n","protected":false},"featured_media":10108,"template":"","meta":{"_acf_changed":false,"inline_featured_image":false},"product_brand":[],"product_cat":[220],"product_tag":[],"class_list":{"0":"post-9874","1":"product","2":"type-product","3":"status-publish","4":"has-post-thumbnail","6":"product_cat-huiles-pour-transmissions-et-atf","8":"first","9":"instock","10":"taxable","11":"shipping-taxable","12":"purchasable","13":"product-type-simple"},"acf":[],"_links":{"self":[{"href":"https:\/\/webshop.ingelbeen.be\/fr\/wp-json\/wp\/v2\/product\/9874","targetHints":{"allow":["GET"]}}],"collection":[{"href":"https:\/\/webshop.ingelbeen.be\/fr\/wp-json\/wp\/v2\/product"}],"about":[{"href":"https:\/\/webshop.ingelbeen.be\/fr\/wp-json\/wp\/v2\/types\/product"}],"wp:featuredmedia":[{"embeddable":true,"href":"https:\/\/webshop.ingelbeen.be\/fr\/wp-json\/wp\/v2\/media\/10108"}],"wp:attachment":[{"href":"https:\/\/webshop.ingelbeen.be\/fr\/wp-json\/wp\/v2\/media?parent=9874"}],"wp:term":[{"taxonomy":"product_brand","embeddable":true,"href":"https:\/\/webshop.ingelbeen.be\/fr\/wp-json\/wp\/v2\/product_brand?post=9874"},{"taxonomy":"product_cat","embeddable":true,"href":"https:\/\/webshop.ingelbeen.be\/fr\/wp-json\/wp\/v2\/product_cat?post=9874"},{"taxonomy":"product_tag","embeddable":true,"href":"https:\/\/webshop.ingelbeen.be\/fr\/wp-json\/wp\/v2\/product_tag?post=9874"}],"curies":[{"name":"wp","href":"https:\/\/api.w.org\/{rel}","templated":true}]}}