{"id":9878,"date":"2024-04-30T13:10:22","date_gmt":"2024-04-30T12:10:22","guid":{"rendered":"https:\/\/ingelbeen.kneet.be\/product\/mobil-atf-shc\/"},"modified":"2024-06-26T16:13:45","modified_gmt":"2024-06-26T15:13:45","slug":"mobil-atf-shc","status":"publish","type":"product","link":"https:\/\/webshop.ingelbeen.be\/fr\/produit\/mobil-atf-shc\/","title":{"rendered":"Mobil ATF SHC"},"content":{"rendered":"<div class=\"compensation des d\u00e9tails du produit\">\n<div class=\"description de l'attribut du produit\">\n<div class=\"description de la valeur\">\n<p> Mobil ATF SHC\u2122 est un fluide synth\u00e9tique pour transmission automatique aux performances sup\u00e9rieures, con\u00e7u pour r\u00e9pondre aux exigences exigeantes des transmissions automatiques fonctionnant dans des applications s\u00e9v\u00e8res, \u00e0 haute temp\u00e9rature et \u00e0 charges lourdes. L&rsquo;indice de viscosit\u00e9 intrins\u00e8quement \u00e9lev\u00e9 et la stabilit\u00e9 de Mobil ATF SHC prot\u00e8gent contre la d\u00e9gradation thermique \u00e0 des temp\u00e9ratures de fonctionnement \u00e9lev\u00e9es, permettant des performances exceptionnelles \u00e0 basse temp\u00e9rature \u00e0 des temp\u00e9ratures ambiantes inf\u00e9rieures \u00e0 \u00ab 40 \u00b0C.<\/p><\/div><\/div><\/div>\n<h2>Fonctionnalit\u00e9 et avantages potentiels<\/h2>\n<p> Mobil ATF SHC combine des huiles de base d&rsquo;hydrocarbures synth\u00e9tis\u00e9es haute performance avec un syst\u00e8me d&rsquo;additifs \u00e9quilibr\u00e9 pour fournir un niveau de performance nettement sup\u00e9rieur \u00e0 celui des fluides conventionnels. Ce liquide de transmission automatique garantit une longue dur\u00e9e de vie du fluide, une propret\u00e9 am\u00e9lior\u00e9e de la transmission, d&rsquo;excellentes performances de changement de vitesse et une dur\u00e9e de vie prolong\u00e9e de la transmission dans toutes les conditions de fonctionnement et niveaux de performance. Les principales caract\u00e9ristiques et avantages incluent\u00a0:<\/p>\n<table class=\"table table-striped\">\n <t\u00eate><\/p>\n<tr>\n<th>Fonctionnalit\u00e9s<\/th>\n<th>Avantages et b\u00e9n\u00e9fices potentiels<\/th>\n<\/tr>\n<p> <\/t\u00eate><br \/>\n <corps><\/p>\n<tr>\n<td>Propri\u00e9t\u00e9s de friction am\u00e9lior\u00e9es \u00e0 long terme<\/td>\n<td>Am\u00e9liore et \u00e9tend l&rsquo;efficacit\u00e9 de la transmission, les performances de changement de vitesse en douceur et potentiellement des \u00e9conomies de carburant<\/td>\n<\/tr>\n<tr>\n<td>Stabilit\u00e9 thermique et \u00e0 l&rsquo;oxydation exceptionnelle<\/td>\n<td>Maintient les transmissions propres pour prolonger leur dur\u00e9e de vie et leurs performances, m\u00eame dans des conditions de fonctionnement difficiles<\/td>\n<\/tr>\n<tr>\n<td>R\u00e9sistance exceptionnelle du film et propri\u00e9t\u00e9s anti-usure<\/td>\n<td>R\u00e9duction significative de l&rsquo;usure et dur\u00e9e de vie de la transmission plus longue<\/td>\n<\/tr>\n<tr>\n<td>Excellente fluidit\u00e9 \u00e0 basse temp\u00e9rature<\/td>\n<td>Fournit une lubrification rapide et fiable \u00e0 des temp\u00e9ratures ambiantes inf\u00e9rieures \u00e0 \u00ab\u00a040\u00a0\u00ba\u00a0C<\/td>\n<\/tr>\n<tr>\n<td>Stabilit\u00e9 exceptionnelle au cisaillement<\/td>\n<td>R\u00e9tention de la viscosit\u00e9 m\u00eame dans les conditions de fonctionnement les plus s\u00e9v\u00e8res et \u00e0 haute temp\u00e9rature<\/td>\n<\/tr>\n<tr>\n<td>Compatible avec les fluides min\u00e9raux ATF et tous les mat\u00e9riaux de joint courants<\/td>\n<td>Pr\u00e9occupation r\u00e9duite en cas d&rsquo;urgence suppl\u00e9mentaire et excellent contr\u00f4le des fuites<\/td>\n<\/tr>\n<\/tbody>\n<\/table>\n<h2>Applications<\/h2>\n<p> Mobil ATF SHC est recommand\u00e9 par ExxonMobil pour une utilisation dans les transmissions modernes hautes performances fonctionnant dans des applications s\u00e9v\u00e8res, \u00e0 haute temp\u00e9rature, \u00e0 charge lourde ou dans des climats froids. Il est id\u00e9al pour les transmissions manuelles con\u00e7ues pour fonctionner avec des fluides ATF, o\u00f9 il offrira un excellent changement de vitesse et une excellente protection dans des conditions de fonctionnement difficiles.<\/p>\n<h2>Sp\u00e9cifications et homologations<\/h2>\n<h3>Ce produit r\u00e9pond aux exigences selon Exxonmobil<\/h3>\n<ul>\n<li>GM DEXRON IIE<\/li>\n<li>ALLISON C-4<\/li>\n<li>CAT TO-2<\/li>\n<li>RENK DOROMAT<\/li>\n<\/ul>\n<h3>Ce produit poss\u00e8de les approbations de constructeur suivantes<\/h3>\n<ul>\n<li>ZF TE-ML 14B<\/li>\n<li>ZF TE-ML 16L<\/li>\n<li>ZF TE-ML 09X<\/li>\n<li>Approbation MB 236.8<\/li>\n<li>HOMME 339 TYPE Z2<\/li>\n<li>HOMME 339 TYPE V2<\/li>\n<\/ul>\n","protected":false},"excerpt":{"rendered":"<p>Mobil ATF SHC est un fluide synth\u00e9tique pour transmission automatique aux performances sup\u00e9rieures, d\u00e9velopp\u00e9 pour \u00eatre utilis\u00e9 dans les transmissions automatiques exigeantes et tr\u00e8s charg\u00e9es, m\u00eame \u00e0 des temp\u00e9ratures \u00e9lev\u00e9es.<\/p>\n","protected":false},"featured_media":10132,"template":"","meta":{"_acf_changed":false,"inline_featured_image":false},"product_brand":[],"product_cat":[220],"product_tag":[],"class_list":{"0":"post-9878","1":"product","2":"type-product","3":"status-publish","4":"has-post-thumbnail","6":"product_cat-huiles-pour-transmissions-et-atf","8":"first","9":"instock","10":"taxable","11":"shipping-taxable","12":"purchasable","13":"product-type-simple"},"acf":[],"_links":{"self":[{"href":"https:\/\/webshop.ingelbeen.be\/fr\/wp-json\/wp\/v2\/product\/9878","targetHints":{"allow":["GET"]}}],"collection":[{"href":"https:\/\/webshop.ingelbeen.be\/fr\/wp-json\/wp\/v2\/product"}],"about":[{"href":"https:\/\/webshop.ingelbeen.be\/fr\/wp-json\/wp\/v2\/types\/product"}],"wp:featuredmedia":[{"embeddable":true,"href":"https:\/\/webshop.ingelbeen.be\/fr\/wp-json\/wp\/v2\/media\/10132"}],"wp:attachment":[{"href":"https:\/\/webshop.ingelbeen.be\/fr\/wp-json\/wp\/v2\/media?parent=9878"}],"wp:term":[{"taxonomy":"product_brand","embeddable":true,"href":"https:\/\/webshop.ingelbeen.be\/fr\/wp-json\/wp\/v2\/product_brand?post=9878"},{"taxonomy":"product_cat","embeddable":true,"href":"https:\/\/webshop.ingelbeen.be\/fr\/wp-json\/wp\/v2\/product_cat?post=9878"},{"taxonomy":"product_tag","embeddable":true,"href":"https:\/\/webshop.ingelbeen.be\/fr\/wp-json\/wp\/v2\/product_tag?post=9878"}],"curies":[{"name":"wp","href":"https:\/\/api.w.org\/{rel}","templated":true}]}}