{"id":9884,"date":"2024-04-30T13:10:22","date_gmt":"2024-04-30T12:10:22","guid":{"rendered":"https:\/\/ingelbeen.kneet.be\/product\/mobil-brake-fluid-dot-4\/"},"modified":"2024-06-26T16:13:45","modified_gmt":"2024-06-26T15:13:45","slug":"mobil-brake-fluid-dot-4","status":"publish","type":"product","link":"https:\/\/webshop.ingelbeen.be\/fr\/produit\/mobil-brake-fluid-dot-4\/","title":{"rendered":"Mobil Brake Fluid DOT 4"},"content":{"rendered":"<div class=\"compensation des d\u00e9tails du produit\">\n<div class=\"description de l'attribut du produit\">\n<div class=\"description de la valeur\">\n<p> Mobil Brake Fluid DOT 4 est un liquide de frein hydraulique \u00e0 tr\u00e8s hautes performances destin\u00e9 aux syst\u00e8mes de freinage \u00e0 disque, \u00e0 tambour et antid\u00e9rapants automobiles ainsi qu&rsquo;aux syst\u00e8mes d&#8217;embrayage.<\/p><\/div><\/div><\/div>\n<h2>Fonctionnalit\u00e9 et avantages potentiels<\/h2>\n<p> Le liquide de frein Mobil DOT 4 est bas\u00e9 sur la technologie de l&rsquo;\u00e9ther de poly\u00e9thyl\u00e8ne glycol pour fournir le plus haut niveau de performances de freinage et d&#8217;embrayage dans les mod\u00e8les automobiles et commerciaux modernes et plus anciens. Les principales caract\u00e9ristiques et avantages incluent\u00a0:<\/p>\n<table class=\"table table-striped\">\n <t\u00eate><\/p>\n<tr>\n<th>Fonctionnalit\u00e9s<\/th>\n<th>Avantages et b\u00e9n\u00e9fices potentiels<\/th>\n<\/tr>\n<p> <\/t\u00eate><br \/>\n <corps><\/p>\n<tr>\n<td>Point d&rsquo;\u00e9bullition \u00e9lev\u00e9<\/td>\n<td>Performances de freinage constantes et s\u00fbres sous une pression de freinage importante<\/td>\n<\/tr>\n<tr>\n<td>Gonflement minimum des composants en caoutchouc<\/td>\n<td>R\u00e9duit les fuites et les pertes de liquide au minimum<\/td>\n<\/tr>\n<tr>\n<td>Excellente protection contre la corrosion<\/td>\n<td>Dur\u00e9e de vie prolong\u00e9e et fiabilit\u00e9 des composants du syst\u00e8me de freinage<\/td>\n<\/tr>\n<\/tbody>\n<\/table>\n<h2>Applications<\/h2>\n<p> Le liquide de frein Mobil DOT 4 est recommand\u00e9 par ExxonMobil pour une utilisation dans les applications n\u00e9cessitant des syst\u00e8mes de freinage \u00e0 disque, \u00e0 tambour et antid\u00e9rapants utilis\u00e9s dans les v\u00e9hicules aux performances moyennes \u00e0 \u00e9lev\u00e9es n\u00e9cessitant des performances de niveau DOT 3 ou DOT 4. Les recommandations d&rsquo;utilisation comprennent\u00a0:<\/p>\n<ul>\n<li>Utiliser uniquement sous sa forme concentr\u00e9e, dans un r\u00e9cipient non ouvert ou bien ferm\u00e9<\/li>\n<li>Toujours sceller le r\u00e9cipient imm\u00e9diatement apr\u00e8s utilisation, car le liquide absorbe assez rapidement l&rsquo;humidit\u00e9 de l&rsquo;atmosph\u00e8re\u00a0; cela r\u00e9duira consid\u00e9rablement la dur\u00e9e de vie.<\/li>\n<li>Ne r\u00e9utilisez jamais le liquide de frein vidang\u00e9.<\/li>\n<li>Le liquide de frein peut alt\u00e9rer la peinture du v\u00e9hicule. Enlevez donc imm\u00e9diatement tout d\u00e9versement sans frotter.<\/li>\n<li>Le liquide de frein doit \u00eatre vidang\u00e9 du v\u00e9hicule tous les deux ans ou tous les 40\u00a0000\u00a0km (24\u00a0000\u00a0miles) et rempli.<\/li>\n<li>Consultez le manuel du propri\u00e9taire pour plus de d\u00e9tails.<\/li>\n<\/ul>\n<h2>Sp\u00e9cifications et homologations<\/h2>\n<h3>Satisfait ou d\u00e9passe les exigences de<\/h3>\n<ul>\n<li>FMVSS\u00a0116 DOT\u00a04<\/li>\n<li>FMVSS\u00a0116 DOT\u00a03<\/li>\n<li>SAE J1704<\/li>\n<li>ISO 4925 Classe\u00a03 et amp; Classe 4<\/li>\n<\/ul>\n","protected":false},"excerpt":{"rendered":"<p>Le liquide de frein Mobil DOT 4 est un excellent liquide de frein hydraulique destin\u00e9 aux freins \u00e0 disque, \u00e0 tambour et \u00e0 inertie et aux syst\u00e8mes d&#8217;embrayage.<\/p>\n","protected":false},"featured_media":10661,"template":"","meta":{"_acf_changed":false,"inline_featured_image":false},"product_brand":[],"product_cat":[211],"product_tag":[],"class_list":{"0":"post-9884","1":"product","2":"type-product","3":"status-publish","4":"has-post-thumbnail","6":"product_cat-liquide-de-frein","8":"first","9":"instock","10":"taxable","11":"shipping-taxable","12":"purchasable","13":"product-type-simple"},"acf":[],"_links":{"self":[{"href":"https:\/\/webshop.ingelbeen.be\/fr\/wp-json\/wp\/v2\/product\/9884","targetHints":{"allow":["GET"]}}],"collection":[{"href":"https:\/\/webshop.ingelbeen.be\/fr\/wp-json\/wp\/v2\/product"}],"about":[{"href":"https:\/\/webshop.ingelbeen.be\/fr\/wp-json\/wp\/v2\/types\/product"}],"wp:featuredmedia":[{"embeddable":true,"href":"https:\/\/webshop.ingelbeen.be\/fr\/wp-json\/wp\/v2\/media\/10661"}],"wp:attachment":[{"href":"https:\/\/webshop.ingelbeen.be\/fr\/wp-json\/wp\/v2\/media?parent=9884"}],"wp:term":[{"taxonomy":"product_brand","embeddable":true,"href":"https:\/\/webshop.ingelbeen.be\/fr\/wp-json\/wp\/v2\/product_brand?post=9884"},{"taxonomy":"product_cat","embeddable":true,"href":"https:\/\/webshop.ingelbeen.be\/fr\/wp-json\/wp\/v2\/product_cat?post=9884"},{"taxonomy":"product_tag","embeddable":true,"href":"https:\/\/webshop.ingelbeen.be\/fr\/wp-json\/wp\/v2\/product_tag?post=9884"}],"curies":[{"name":"wp","href":"https:\/\/api.w.org\/{rel}","templated":true}]}}