{"id":9888,"date":"2024-04-30T13:10:22","date_gmt":"2024-04-30T12:10:22","guid":{"rendered":"https:\/\/ingelbeen.kneet.be\/product\/mobil-centaur-xhp-221-2\/"},"modified":"2024-06-26T16:13:45","modified_gmt":"2024-06-26T15:13:45","slug":"mobil-centaur-xhp-221-2","status":"publish","type":"product","link":"https:\/\/webshop.ingelbeen.be\/fr\/produit\/mobil-centaur-xhp-221-2\/","title":{"rendered":"Mobil Centaur XHP 221"},"content":{"rendered":"<div class=\"compensation des d\u00e9tails du produit\">\n<div class=\"description de l'attribut du produit\">\n<div class=\"description de la valeur\">\n<p> La graisse polyvalente Mobil Centaur XHP 221 premium a \u00e9t\u00e9 formul\u00e9e pour lubrifier les roulements des machines industrielles fonctionnant \u00e0 des temp\u00e9ratures \u00e9lev\u00e9es dans des conditions humides et fortement charg\u00e9es.<\/p><\/div><\/div><\/div>\n<h2>Fonctionnalit\u00e9 et avantages potentiels<\/h2>\n<p> Mobil Centaur XHP 221 offre les fonctionnalit\u00e9s et avantages suivants :<\/p>\n<table class=\"table table-striped\">\n <t\u00eate><\/p>\n<tr>\n<th>Fonctionnalit\u00e9s<\/th>\n<th>Avantages et b\u00e9n\u00e9fices potentiels<\/th>\n<\/tr>\n<p> <\/t\u00eate><br \/>\n <corps><\/p>\n<tr>\n<td>Excellente r\u00e9sistance \u00e0 l&rsquo;eau et \u00e0 la corrosion<\/td>\n<td>Le syst\u00e8me \u00e9paississant au sulfonate de calcium prot\u00e8ge contre le lessivage par l&rsquo;eau et la corrosion des roulements dans des conditions difficiles<\/td>\n<\/tr>\n<tr>\n<td>Stabilit\u00e9 m\u00e9canique exceptionnelle<\/td>\n<td>R\u00e9siste au ramollissement sous cisaillement m\u00e9canique en pr\u00e9sence de contamination par l&rsquo;eau de proc\u00e9d\u00e9<\/td>\n<\/tr>\n<tr>\n<td>Propri\u00e9t\u00e9s de charge \u00e9lev\u00e9es<\/td>\n<td>Une excellente protection contre les pressions extr\u00eames \u00e0 des vitesses faibles \u00e0 mod\u00e9r\u00e9es est assur\u00e9e par le syst\u00e8me \u00e9paississant de graisse<\/td>\n<\/tr>\n<tr>\n<td>Excellente stabilit\u00e9 thermique<\/td>\n<td>R\u00e9siste \u00e0 l&rsquo;oxydation et \u00e0 la s\u00e9paration de l&rsquo;huile \u00e0 haute temp\u00e9rature et offre une excellente dur\u00e9e de vie lors des tests de dur\u00e9e de vie acc\u00e9l\u00e9r\u00e9s des roulements<\/td>\n<\/tr>\n<\/tbody>\n<\/table>\n<h2>Applications<\/h2>\n<p> Mobil Centaur XHP 221 est recommand\u00e9 pour la lubrification des roulements des machines fonctionnant \u00e0 des temp\u00e9ratures \u00e9lev\u00e9es o\u00f9 la r\u00e9sistance au lavage \u00e0 l&rsquo;eau et \u00e0 la corrosion est importante.\u00a0Des exemples sp\u00e9cifiques de telles applications incluent\u00a0:<\/p>\n<ul>\n<li>Roulements de machine \u00e0 papier \u00e0 partie humide<\/li>\n<li>Roulements \u00e0 billes et \u00e0 rouleaux industriels fortement charg\u00e9s<\/li>\n<li>Roulements dans les aci\u00e9ries et les op\u00e9rations mini\u00e8res<\/li>\n<\/ul>\n","protected":false},"excerpt":{"rendered":"<p>La graisse polyvalente premium Mobil Centaur XHP 221 a \u00e9t\u00e9 formul\u00e9e pour lubrifier les roulements des machines industrielles fonctionnant \u00e0 des temp\u00e9ratures \u00e9lev\u00e9es dans des conditions humides et fortement charg\u00e9es.<\/p>\n","protected":false},"featured_media":0,"template":"","meta":{"_acf_changed":false,"inline_featured_image":false},"product_brand":[],"product_cat":[217],"product_tag":[],"class_list":{"0":"post-9888","1":"product","2":"type-product","3":"status-publish","5":"product_cat-graisses","7":"first","8":"instock","9":"taxable","10":"shipping-taxable","11":"purchasable","12":"product-type-simple"},"acf":[],"_links":{"self":[{"href":"https:\/\/webshop.ingelbeen.be\/fr\/wp-json\/wp\/v2\/product\/9888","targetHints":{"allow":["GET"]}}],"collection":[{"href":"https:\/\/webshop.ingelbeen.be\/fr\/wp-json\/wp\/v2\/product"}],"about":[{"href":"https:\/\/webshop.ingelbeen.be\/fr\/wp-json\/wp\/v2\/types\/product"}],"wp:attachment":[{"href":"https:\/\/webshop.ingelbeen.be\/fr\/wp-json\/wp\/v2\/media?parent=9888"}],"wp:term":[{"taxonomy":"product_brand","embeddable":true,"href":"https:\/\/webshop.ingelbeen.be\/fr\/wp-json\/wp\/v2\/product_brand?post=9888"},{"taxonomy":"product_cat","embeddable":true,"href":"https:\/\/webshop.ingelbeen.be\/fr\/wp-json\/wp\/v2\/product_cat?post=9888"},{"taxonomy":"product_tag","embeddable":true,"href":"https:\/\/webshop.ingelbeen.be\/fr\/wp-json\/wp\/v2\/product_tag?post=9888"}],"curies":[{"name":"wp","href":"https:\/\/api.w.org\/{rel}","templated":true}]}}