{"id":9894,"date":"2024-04-30T13:10:22","date_gmt":"2024-04-30T12:10:22","guid":{"rendered":"https:\/\/ingelbeen.kneet.be\/product\/mobil-centaur-xhp-461\/"},"modified":"2024-06-26T16:13:46","modified_gmt":"2024-06-26T15:13:46","slug":"mobil-centaur-xhp-461","status":"publish","type":"product","link":"https:\/\/webshop.ingelbeen.be\/fr\/produit\/mobil-centaur-xhp-461\/","title":{"rendered":"Mobil Centaur XHP 461"},"content":{"rendered":"<div class=\"compensation des d\u00e9tails du produit\">\n<div class=\"description de l'attribut du produit\">\n<div class=\"description de la valeur\">\n<p> Les graisses Mobil Centaur XHP s\u00e9rie 460 constituent une famille de graisses haut de gamme formul\u00e9es avec une technologie avanc\u00e9e d&rsquo;\u00e9paississant au sulfonate de calcium. L&rsquo;\u00e9paississant au sulfonate de calcium poss\u00e8de \u00e0 la fois une protection inh\u00e9rente contre la rouille et des propri\u00e9t\u00e9s extr\u00eame pression (EP). \u00a0Compar\u00e9 aux \u00e9paississants conventionnels \u00e0 base de savon (c&rsquo;est-\u00e0-dire les savons de lithium, d&rsquo;aluminium et de calcium), l&rsquo;\u00e9paississant au sulfonate de calcium utilis\u00e9 dans la s\u00e9rie Mobil Centaur XHP 460 excelle dans les environnements satur\u00e9s d&rsquo;eau, offrant une protection contre la rouille entre de longs intervalles de relubrification. Les propri\u00e9t\u00e9s inh\u00e9rentes de l&rsquo;EP pr\u00e9sentent une grande stabilit\u00e9 en pr\u00e9sence d&rsquo;eau, permettant un \u00e9quilibre entre protection contre l&rsquo;usure et r\u00e9sistance \u00e0 la corrosion.<\/p>\n<p> Les graisses Mobil Centaur XHP s\u00e9rie 460 sont particuli\u00e8rement bien adapt\u00e9es pour r\u00e9pondre aux exigences de lubrification exigeantes des \u00e9quipements des aci\u00e9ries et des machines \u00e0 papier.\u00a0 Les graisses Mobil Centaur XHP s\u00e9rie 460 offrent une combinaison \u00e9quilibr\u00e9e de r\u00e9sistance au lavage \u00e0 l&rsquo;eau et \u00e0 la pulv\u00e9risation d&rsquo;eau, ainsi qu&rsquo;une excellente protection contre la corrosion, dans ces environnements extr\u00eamement humides. Les \u00e9paississants au sulfonate de calcium utilis\u00e9s sont \u00e9galement capables de conserver leur consistance et leurs caract\u00e9ristiques de protection EP m\u00eame en cas de niveaux \u00e9lev\u00e9s de contamination par l&rsquo;eau.<\/p><\/div><\/div><\/div>\n<h2>Fonctionnalit\u00e9 et avantages potentiels<\/h2>\n<p> Les graisses Mobil Centaur XHP s\u00e9rie 460 sont membres de la marque Mobil de produits lubrifiants reconnue pour leur haute qualit\u00e9 et leur fiabilit\u00e9, ainsi que leurs capacit\u00e9s de performance.\u00a0 Cette famille de produits est fabriqu\u00e9e selon les normes de qualit\u00e9 les plus strictes.\u00a0 Une caract\u00e9ristique cl\u00e9 de cette famille de produits est sa r\u00e9putation de fiabilit\u00e9 et de coh\u00e9rence, ainsi que sa capacit\u00e9 \u00e0 g\u00e9rer des applications difficiles.\u00a0 Les graisses Mobil Centaur XHP s\u00e9rie 460 sont formul\u00e9es avec une technologie d&rsquo;\u00e9paississant au sulfonate de calcium haute performance et sont sp\u00e9cialement con\u00e7ues pour les applications dans l&rsquo;acier et les usines de papier.\u00a0 Les graisses Mobil Centaur XHP s\u00e9rie 460 offrent les avantages suivants :<\/p>\n<ul>\n<li>Excellente protection contre les pressions extr\u00eames et capacit\u00e9 de charge pour la protection des \u00e9quipements sous des charges lourdes et des chocs<\/li>\n<li>Excellent contr\u00f4le de la purge d&rsquo;huile \u00e0 haute temp\u00e9rature<\/li>\n<li>Graissage fiable des roulements pour des op\u00e9rations jusqu&rsquo;\u00e0 232\u00a0\u00b0C (450\u00a0F) avec des intervalles de graissage appropri\u00e9s<\/li>\n<li>Un ensemble d&rsquo;additifs polym\u00e8res avanc\u00e9s qui r\u00e9siste au lessivage par l&rsquo;eau<\/li>\n<li>Capacit\u00e9 \u00e0 absorber l&rsquo;eau libre, sans perdre la consistance \u00e9paississante<\/li>\n<li>Intervalles de regraissage prolong\u00e9s, r\u00e9duisant ainsi la consommation de graisse<\/li>\n<\/ul>\n<h2>Applications<\/h2>\n<p> Les graisses Mobil Centaur XHP s\u00e9rie 460 sont recommand\u00e9es pour les applications fortement charg\u00e9es et satur\u00e9es d&rsquo;eau dans les environnements sid\u00e9rurgiques et papetiers.\u00a0 Des exemples sp\u00e9cifiques de telles applications comprennent\u00a0:<\/p>\n<ul>\n<li>Roulements de tourelle de poche<\/li>\n<li>Roulettes continues<\/li>\n<li>Roulements de rouleaux de travail \u00e0 laminage \u00e0 chaud<\/li>\n<li>Cols roul\u00e9s<\/li>\n<li>Canap\u00e9, presse et rouleaux de poitrine<\/li>\n<li>Roulements de rouleaux pour broyeur \u00e0 granul\u00e9s de bois<\/li>\n<\/ul>\n<h2>Sp\u00e9cifications et homologations<\/h2>\n<h3>Satisfait ou d\u00e9passe les exigences de<\/h3>\n<ul>\n<li>DIN 51825\u00a0: (2004-06)<\/li>\n<\/ul>\n","protected":false},"excerpt":{"rendered":"<p>Les graisses Mobil Centaur XHP s\u00e9rie 460 constituent une famille de graisses haut de gamme formul\u00e9es avec une technologie avanc\u00e9e d&rsquo;\u00e9paississant au sulfonate de calcium. L&rsquo;\u00e9paississant au sulfonate de calcium poss\u00e8de \u00e0 la fois une protection inh\u00e9rente contre la rouille et des propri\u00e9t\u00e9s extr\u00eame pression (EP).<\/p>\n","protected":false},"featured_media":0,"template":"","meta":{"_acf_changed":false,"inline_featured_image":false},"product_brand":[],"product_cat":[217],"product_tag":[],"class_list":{"0":"post-9894","1":"product","2":"type-product","3":"status-publish","5":"product_cat-graisses","7":"first","8":"instock","9":"taxable","10":"shipping-taxable","11":"purchasable","12":"product-type-simple"},"acf":[],"_links":{"self":[{"href":"https:\/\/webshop.ingelbeen.be\/fr\/wp-json\/wp\/v2\/product\/9894","targetHints":{"allow":["GET"]}}],"collection":[{"href":"https:\/\/webshop.ingelbeen.be\/fr\/wp-json\/wp\/v2\/product"}],"about":[{"href":"https:\/\/webshop.ingelbeen.be\/fr\/wp-json\/wp\/v2\/types\/product"}],"wp:attachment":[{"href":"https:\/\/webshop.ingelbeen.be\/fr\/wp-json\/wp\/v2\/media?parent=9894"}],"wp:term":[{"taxonomy":"product_brand","embeddable":true,"href":"https:\/\/webshop.ingelbeen.be\/fr\/wp-json\/wp\/v2\/product_brand?post=9894"},{"taxonomy":"product_cat","embeddable":true,"href":"https:\/\/webshop.ingelbeen.be\/fr\/wp-json\/wp\/v2\/product_cat?post=9894"},{"taxonomy":"product_tag","embeddable":true,"href":"https:\/\/webshop.ingelbeen.be\/fr\/wp-json\/wp\/v2\/product_tag?post=9894"}],"curies":[{"name":"wp","href":"https:\/\/api.w.org\/{rel}","templated":true}]}}