{"id":9898,"date":"2024-04-30T13:10:22","date_gmt":"2024-04-30T12:10:22","guid":{"rendered":"https:\/\/ingelbeen.kneet.be\/product\/mobil-chassis-grease-lbz\/"},"modified":"2024-06-26T16:13:46","modified_gmt":"2024-06-26T15:13:46","slug":"mobil-chassis-grease-lbz","status":"publish","type":"product","link":"https:\/\/webshop.ingelbeen.be\/fr\/produit\/mobil-chassis-grease-lbz\/","title":{"rendered":"Mobil Chassis Grease LBZ"},"content":{"rendered":"","protected":false},"excerpt":{"rendered":"<p>Mobil Chassis Grease LBZ est une graisse lubrifiante semi-liquide \u00e0 base d&rsquo;huiles synth\u00e9tiques avec une consistance conforme \u00e0 la norme NLGI 00-000. Cette graisse lubrifiante a \u00e9t\u00e9 sp\u00e9cialement d\u00e9velopp\u00e9e pour les syst\u00e8mes de lubrification centralis\u00e9e des v\u00e9hicules utilitaires. Le produit contient des antioxydants, des inhibiteurs de corrosion et des additifs haute pression et anti-usure.<\/p>\n","protected":false},"featured_media":0,"template":"","meta":{"_acf_changed":false,"inline_featured_image":false},"product_brand":[],"product_cat":[217],"product_tag":[],"class_list":{"0":"post-9898","1":"product","2":"type-product","3":"status-publish","5":"product_cat-graisses","7":"first","8":"instock","9":"taxable","10":"shipping-taxable","11":"purchasable","12":"product-type-simple"},"acf":[],"_links":{"self":[{"href":"https:\/\/webshop.ingelbeen.be\/fr\/wp-json\/wp\/v2\/product\/9898","targetHints":{"allow":["GET"]}}],"collection":[{"href":"https:\/\/webshop.ingelbeen.be\/fr\/wp-json\/wp\/v2\/product"}],"about":[{"href":"https:\/\/webshop.ingelbeen.be\/fr\/wp-json\/wp\/v2\/types\/product"}],"wp:attachment":[{"href":"https:\/\/webshop.ingelbeen.be\/fr\/wp-json\/wp\/v2\/media?parent=9898"}],"wp:term":[{"taxonomy":"product_brand","embeddable":true,"href":"https:\/\/webshop.ingelbeen.be\/fr\/wp-json\/wp\/v2\/product_brand?post=9898"},{"taxonomy":"product_cat","embeddable":true,"href":"https:\/\/webshop.ingelbeen.be\/fr\/wp-json\/wp\/v2\/product_cat?post=9898"},{"taxonomy":"product_tag","embeddable":true,"href":"https:\/\/webshop.ingelbeen.be\/fr\/wp-json\/wp\/v2\/product_tag?post=9898"}],"curies":[{"name":"wp","href":"https:\/\/api.w.org\/{rel}","templated":true}]}}