{"id":9900,"date":"2024-04-30T13:10:22","date_gmt":"2024-04-30T12:10:22","guid":{"rendered":"https:\/\/ingelbeen.kneet.be\/product\/mobil-chassis-grease-lbz-2\/"},"modified":"2024-06-26T16:13:46","modified_gmt":"2024-06-26T15:13:46","slug":"mobil-chassis-grease-lbz-2","status":"publish","type":"product","link":"https:\/\/webshop.ingelbeen.be\/fr\/produit\/mobil-chassis-grease-lbz-2\/","title":{"rendered":"Mobil Chassis Grease LBZ"},"content":{"rendered":"<div class=\"compensation des d\u00e9tails du produit\">\n<div class=\"description de l'attribut du produit\">\n<div class=\"description de la valeur\">\n<p> Mobil Chassis Grease LBZ est une graisse semi-fluide \u00e0 base d&rsquo;huiles synth\u00e9tiques du groupe de consistance NLGI 00-000. Il a \u00e9t\u00e9 sp\u00e9cialement d\u00e9velopp\u00e9 pour les syst\u00e8mes de lubrification centralis\u00e9e des v\u00e9hicules utilitaires. Le produit contient des antioxydants, des inhibiteurs de corrosion, des additifs extr\u00eame pression et anti-usure. Gr\u00e2ce \u00e0 sa formulation sp\u00e9ciale et \u00e0 sa consistance semi-fluide, Mobil Chassis Grease LBZ pr\u00e9sente un excellent \u00e9coulement m\u00eame \u00e0 tr\u00e8s basse temp\u00e9rature et dans de longues canalisations. Le film d&rsquo;huile adh\u00e8re bien et ne coule pas, m\u00eame lors des arr\u00eats. Le d\u00e9bit est rapide vers les points de graissage. La bonne protection contre la rouille couvre \u00e9galement l\u2019utilisation de sel \u00ab \u00e0 \u00e9pandre \u00bb et le risque de rouille qui en d\u00e9coule sur les points de lubrification du ch\u00e2ssis. Mobil Chassis Grease LBZ est compatible avec les joints en NBR, ACM et FKM, \u00e0 condition qu&rsquo;ils soient adapt\u00e9s aux temp\u00e9ratures de fonctionnement.<\/p><\/div><\/div><\/div>\n<h2>Fonctionnalit\u00e9 et avantages potentiels<\/h2>\n<table class=\"table table-striped\">\n <t\u00eate><\/p>\n<tr>\n<th>Fonctionnalit\u00e9s<\/th>\n<th>Avantages et b\u00e9n\u00e9fices potentiels<\/th>\n<\/tr>\n<p> <\/t\u00eate><br \/>\n <corps><\/p>\n<tr>\n<td>Bonne pompabilit\u00e9 dans les syst\u00e8mes centralis\u00e9s m\u00eame \u00e0 basses temp\u00e9ratures<\/td>\n<td>Possibilit\u00e9 de rationalisation sur un seul produit<\/td>\n<\/tr>\n<tr>\n<td>Con\u00e7u pour les syst\u00e8mes de lubrification centralis\u00e9s<\/td>\n<td>Co\u00fbts d&rsquo;exploitation r\u00e9duits par rapport au graissage manuel gr\u00e2ce \u00e0 des co\u00fbts de maintenance inf\u00e9rieurs et \u00e0 une utilisation \u00e9conomique<\/td>\n<\/tr>\n<tr>\n<td>Usure r\u00e9duite sous des charges et des vibrations lourdes ou de choc. Excellentes performances anti-usure<\/td>\n<td>Bonne fiabilit\u00e9 et disponibilit\u00e9 des \u00e9quipements<\/td>\n<\/tr>\n<tr>\n<td>Bonne protection contre la rouille et la corrosion et r\u00e9sistance au lessivage par l&rsquo;eau<\/td>\n<td>Protection am\u00e9lior\u00e9e des \u00e9quipements et bonne lubrification m\u00eame en pr\u00e9sence d&rsquo;eau<\/td>\n<\/tr>\n<tr>\n<td>Lib\u00e9ration contr\u00f4l\u00e9e d&rsquo;huile<\/td>\n<td>Propri\u00e9t\u00e9s de lubrification \u00e9quilibr\u00e9es pour une dur\u00e9e de vie plus longue<\/td>\n<\/tr>\n<\/tbody>\n<\/table>\n<h2>Applications<\/h2>\n<p> <strong>Recommand\u00e9 par ExxonMobil pour une utilisation dans\u00a0:<\/strong><\/p>\n<p> Syst\u00e8mes de lubrification centralis\u00e9e utilisant des graisses semi-fluides dans les v\u00e9hicules utilitaires \u2013 50\u00b0C et 100\u00b0C<\/p>\n<p> Les syst\u00e8mes de graisse semi-fluide des fabricants suivants\u00a0:<\/p>\n<ul>\n<li>Willie Vogel AG, Berlin (jusqu&rsquo;\u00e0 -25\u00b0C)<\/li>\n<li>Mercedes Benz (fiche 264.0 Graisses semi-fluides).<\/li>\n<\/ul>\n<h2>Sp\u00e9cifications et homologations<\/h2>\n<h3>Ce produit poss\u00e8de les approbations de constructeur suivantes<\/h3>\n<ul>\n<li>Approbation MB 264.0<\/li>\n<li>MAN 283 Li-P 0-000<\/li>\n<\/ul>\n","protected":false},"excerpt":{"rendered":"<p>Mobil Chassis Grease LBZ est une graisse lubrifiante semi-liquide \u00e0 base d&rsquo;huiles synth\u00e9tiques avec une consistance conforme \u00e0 la norme NLGI 00-000. Cette graisse lubrifiante a \u00e9t\u00e9 sp\u00e9cialement d\u00e9velopp\u00e9e pour les syst\u00e8mes de lubrification centralis\u00e9e des v\u00e9hicules utilitaires. Le produit contient des antioxydants, des inhibiteurs de corrosion et des additifs haute pression et anti-usure.<\/p>\n","protected":false},"featured_media":0,"template":"","meta":{"_acf_changed":false,"inline_featured_image":false},"product_brand":[],"product_cat":[217],"product_tag":[],"class_list":{"0":"post-9900","1":"product","2":"type-product","3":"status-publish","5":"product_cat-graisses","7":"first","8":"instock","9":"taxable","10":"shipping-taxable","11":"purchasable","12":"product-type-simple"},"acf":[],"_links":{"self":[{"href":"https:\/\/webshop.ingelbeen.be\/fr\/wp-json\/wp\/v2\/product\/9900","targetHints":{"allow":["GET"]}}],"collection":[{"href":"https:\/\/webshop.ingelbeen.be\/fr\/wp-json\/wp\/v2\/product"}],"about":[{"href":"https:\/\/webshop.ingelbeen.be\/fr\/wp-json\/wp\/v2\/types\/product"}],"wp:attachment":[{"href":"https:\/\/webshop.ingelbeen.be\/fr\/wp-json\/wp\/v2\/media?parent=9900"}],"wp:term":[{"taxonomy":"product_brand","embeddable":true,"href":"https:\/\/webshop.ingelbeen.be\/fr\/wp-json\/wp\/v2\/product_brand?post=9900"},{"taxonomy":"product_cat","embeddable":true,"href":"https:\/\/webshop.ingelbeen.be\/fr\/wp-json\/wp\/v2\/product_cat?post=9900"},{"taxonomy":"product_tag","embeddable":true,"href":"https:\/\/webshop.ingelbeen.be\/fr\/wp-json\/wp\/v2\/product_tag?post=9900"}],"curies":[{"name":"wp","href":"https:\/\/api.w.org\/{rel}","templated":true}]}}