{"id":9910,"date":"2024-04-30T13:10:22","date_gmt":"2024-04-30T12:10:22","guid":{"rendered":"https:\/\/ingelbeen.kneet.be\/product\/mobil-delvac-1-atf\/"},"modified":"2024-06-26T16:13:47","modified_gmt":"2024-06-26T15:13:47","slug":"mobil-delvac-1-atf","status":"publish","type":"product","link":"https:\/\/webshop.ingelbeen.be\/fr\/produit\/mobil-delvac-1-atf\/","title":{"rendered":"Mobil Delvac 1 ATF"},"content":{"rendered":"<div class=\"compensation des d\u00e9tails du produit\">\n<div class=\"description de l'attribut du produit\">\n<div class=\"description de la valeur\">\n<p> Mobil Delvac 1 ATF est un fluide enti\u00e8rement synth\u00e9tique recommand\u00e9 par Allison Transmission, Inc. et approuv\u00e9 par rapport \u00e0 la sp\u00e9cification Allison TES-295.\u00a0 Le fluide est con\u00e7u pour r\u00e9pondre aux exigences exigeantes des transmissions automatiques modernes pour poids lourds. La composition de l\u2019huile de base synth\u00e9tique permet d\u2019excellentes performances m\u00eame dans certaines des conditions de fonctionnement les plus difficiles. Il offre des performances exceptionnelles en mati\u00e8re de changement de vitesse et de transfert de puissance. Par rapport aux fluides ATF conventionnels, l&rsquo;indice de viscosit\u00e9 et la stabilit\u00e9 intrins\u00e8quement \u00e9lev\u00e9s de Mobil Delvac\u00a01 ATF prot\u00e8gent contre la d\u00e9gradation thermique \u00e0 des temp\u00e9ratures de fonctionnement \u00e9lev\u00e9es, tout en offrant des performances exceptionnelles \u00e0 des temp\u00e9ratures inf\u00e9rieures \u00e0 z\u00e9ro.<\/p><\/div><\/div><\/div>\n<h2>Fonctionnalit\u00e9 et avantages potentiels<\/h2>\n<p> La technologie avanc\u00e9e Mobil Delvac\u00a01 ATF a d\u00e9montr\u00e9 une vidange prolong\u00e9e, une r\u00e9tention de friction \u00e0 long terme et une capacit\u00e9 \u00e0 basse temp\u00e9rature.\u00a0De plus, cela am\u00e9liore la durabilit\u00e9 et la propret\u00e9 globales de la transmission.\u00a0Les principales fonctionnalit\u00e9s et avantages incluent<\/p>\n<table class=\"table table-striped\">\n <t\u00eate><\/p>\n<tr>\n<th>Fonctionnalit\u00e9s<\/th>\n<th>Avantages et b\u00e9n\u00e9fices potentiels<\/th>\n<\/tr>\n<p> <\/t\u00eate><br \/>\n <corps><\/p>\n<tr>\n<td>Propri\u00e9t\u00e9s de friction am\u00e9lior\u00e9es \u00e0 long terme<\/td>\n<td>Contribue \u00e0 am\u00e9liorer globalement et \u00e9tend l&rsquo;efficacit\u00e9 de la transmission, les performances de changement de vitesse en douceur et l&rsquo;\u00e9conomie de carburant.<\/td>\n<\/tr>\n<tr>\n<td>Stabilit\u00e9 thermique et \u00e0 l&rsquo;oxydation exceptionnelle<\/td>\n<td>Maintient les transmissions propres pour prolonger leur dur\u00e9e de vie et leurs performances, m\u00eame dans les conditions de conduite les plus difficiles.<\/td>\n<\/tr>\n<tr>\n<td>R\u00e9sistance exceptionnelle du film et propri\u00e9t\u00e9s anti-usure<\/td>\n<td>R\u00e9duction significative de l&rsquo;usure et longue dur\u00e9e de vie de la transmission.<\/td>\n<\/tr>\n<tr>\n<td>Excellente fluidit\u00e9 \u00e0 basse temp\u00e9rature<\/td>\n<td>Fournit une lubrification rapide et fiable \u00e0 des temp\u00e9ratures ambiantes inf\u00e9rieures \u00e0 z\u00e9ro jusqu&rsquo;\u00e0 \u201354\u00a0\u00ba\u00a0C.<\/td>\n<\/tr>\n<tr>\n<td>Stabilit\u00e9 exceptionnelle au cisaillement<\/td>\n<td>Permet de conserver la viscosit\u00e9 m\u00eame dans les conditions de fonctionnement les plus s\u00e9v\u00e8res et \u00e0 haute temp\u00e9rature.<\/td>\n<\/tr>\n<tr>\n<td>Compatible avec les fluides min\u00e9raux ATF<\/td>\n<td>Pr\u00e9occupation r\u00e9duite dans les situations de remplissage et excellent contr\u00f4le des fuites de mat\u00e9riaux d&rsquo;\u00e9tanch\u00e9it\u00e9.<\/td>\n<\/tr>\n<\/tbody>\n<\/table>\n<h2>Applications<\/h2>\n<p> Mobil Delvac\u00a01 ATF est recommand\u00e9\u00a0par ExxonMobil\u00a0pour une utilisation dans les camions, bus, v\u00e9hicules utilitaires, transporteurs, fourgonnettes et autres \u00e9quipements modernes hautes performances n\u00e9cessitant des niveaux de performance Allison TES-295 ou MB-Approval 236.91.<\/p>\n<h2>Sp\u00e9cifications et homologations<\/h2>\n<h3>Ce produit poss\u00e8de les approbations de constructeur suivantes<\/h3>\n<ul>\n<li>Allison TES-295 (AN-051005)<\/li>\n<li>Allison TES-468<\/li>\n<li>Approbation MB 236.91<\/li>\n<li>ZF TE-ML 03M\/04D\/ 14C\/ 16M\/ 20C<\/li>\n<li>MAN 339 Typ V2\/ Typ Z12\/ Typ Z3<\/li>\n<li>Voith Turbo H55.633639<\/li>\n<li>Bulletin de service Voith Turbo DIWA 013 et amp; 118- Vidange prolong\u00e9e<\/li>\n<\/ul>\n","protected":false},"excerpt":{"rendered":"<p>Mobil Delvac 1 ATF est un fluide de transmission automatique enti\u00e8rement synth\u00e9tique qui offre des performances exceptionnelles dans les v\u00e9hicules lourds modernes. Cette formule offre une excellente fluidit\u00e9 \u00e0 basse temp\u00e9rature et prot\u00e8ge les composants critiques de la transmission.<\/p>\n","protected":false},"featured_media":10108,"template":"","meta":{"_acf_changed":false,"inline_featured_image":false},"product_brand":[],"product_cat":[220],"product_tag":[],"class_list":{"0":"post-9910","1":"product","2":"type-product","3":"status-publish","4":"has-post-thumbnail","6":"product_cat-huiles-pour-transmissions-et-atf","8":"first","9":"instock","10":"taxable","11":"shipping-taxable","12":"purchasable","13":"product-type-simple"},"acf":[],"_links":{"self":[{"href":"https:\/\/webshop.ingelbeen.be\/fr\/wp-json\/wp\/v2\/product\/9910","targetHints":{"allow":["GET"]}}],"collection":[{"href":"https:\/\/webshop.ingelbeen.be\/fr\/wp-json\/wp\/v2\/product"}],"about":[{"href":"https:\/\/webshop.ingelbeen.be\/fr\/wp-json\/wp\/v2\/types\/product"}],"wp:featuredmedia":[{"embeddable":true,"href":"https:\/\/webshop.ingelbeen.be\/fr\/wp-json\/wp\/v2\/media\/10108"}],"wp:attachment":[{"href":"https:\/\/webshop.ingelbeen.be\/fr\/wp-json\/wp\/v2\/media?parent=9910"}],"wp:term":[{"taxonomy":"product_brand","embeddable":true,"href":"https:\/\/webshop.ingelbeen.be\/fr\/wp-json\/wp\/v2\/product_brand?post=9910"},{"taxonomy":"product_cat","embeddable":true,"href":"https:\/\/webshop.ingelbeen.be\/fr\/wp-json\/wp\/v2\/product_cat?post=9910"},{"taxonomy":"product_tag","embeddable":true,"href":"https:\/\/webshop.ingelbeen.be\/fr\/wp-json\/wp\/v2\/product_tag?post=9910"}],"curies":[{"name":"wp","href":"https:\/\/api.w.org\/{rel}","templated":true}]}}