{"id":9914,"date":"2024-04-30T13:10:22","date_gmt":"2024-04-30T12:10:22","guid":{"rendered":"https:\/\/ingelbeen.kneet.be\/product\/mobil-delvac-1-gear-oil-75w-140\/"},"modified":"2024-06-26T16:13:47","modified_gmt":"2024-06-26T15:13:47","slug":"mobil-delvac-1-gear-oil-75w-140","status":"publish","type":"product","link":"https:\/\/webshop.ingelbeen.be\/fr\/produit\/mobil-delvac-1-gear-oil-75w-140\/","title":{"rendered":"Mobil Delvac 1 Gear Oil 75W-140"},"content":{"rendered":"<div class=\"compensation des d\u00e9tails du produit\">\n<div class=\"description de l'attribut du produit\">\n<div class=\"description de la valeur\">\n<p> Mobil Delvac\u2122\u00a01 Gear Oil 75W-140 est un lubrifiant pour transmission enti\u00e8rement synth\u00e9tique con\u00e7u pour r\u00e9pondre aux exigences de performances exigeantes, notamment Scania STO 1:0,\u00a0Scania STO 2:0 A\u00a0et API GL-5. Ce produit est con\u00e7u pour \u00eatre utilis\u00e9 dans les transmissions robustes qui n\u00e9cessitent des lubrifiants pour engrenages avec une viscosit\u00e9 relativement \u00e9lev\u00e9e et une excellente capacit\u00e9 de charge et o\u00f9 des pressions extr\u00eames et des charges de choc sont attendues. L&rsquo;huile pour engrenages Mobil Delvac 1 int\u00e8gre une base synth\u00e9tique et des additifs avanc\u00e9s offrant des avantages significatifs par rapport aux huiles min\u00e9rales pour engrenages.<\/p>\n<p> La technologie de pointe de l&rsquo;huile pour engrenages Mobil Delvac 1 75W-140, d&rsquo;excellentes performances pour une application sur une large plage de temp\u00e9ratures, aide \u00e0 prot\u00e9ger contre la d\u00e9gradation thermique et l&rsquo;oxydation et contribue \u00e0 r\u00e9duire l&rsquo;usure et la corrosion, \u00e0 am\u00e9liorer la stabilit\u00e9 au cisaillement et l&rsquo;\u00e9conomie de carburant.<\/p>\n<p> Il est formul\u00e9 pour fournir un indice de viscosit\u00e9 intrins\u00e8quement plus \u00e9lev\u00e9 en utilisant des huiles de base synth\u00e9tiques offrant une r\u00e9sistance de film plus forte \u00e0 des temp\u00e9ratures plus \u00e9lev\u00e9es que les huiles min\u00e9rales. Cette technologie assure \u00e9galement une lubrification efficace \u00e0 des temp\u00e9ratures inf\u00e9rieures \u00e0 z\u00e9ro, sans canalisation.<\/p><\/div><\/div><\/div>\n<h2>Fonctionnalit\u00e9 et avantages potentiels<\/h2>\n<p> La technologie actuelle a consid\u00e9rablement am\u00e9lior\u00e9 les capacit\u00e9s de performance des \u00e9quipements lourds sur route et hors route en termes de charge, de couple, de vitesse, de contr\u00f4le et de fiabilit\u00e9 gr\u00e2ce \u00e0 des conceptions de transmission innovantes. Ces conceptions ont consid\u00e9rablement chang\u00e9 et augment\u00e9 les exigences en mati\u00e8re de lubrifiants pour offrir ce niveau de performance plus \u00e9lev\u00e9, augmenter la productivit\u00e9 et r\u00e9duire les co\u00fbts d&rsquo;exploitation. Pour les transmissions \u00e0 usage intensif, le contr\u00f4le de la friction, la protection contre l&rsquo;usure, la stabilit\u00e9 thermique, la stabilit\u00e9 au cisaillement, la pr\u00e9vention de la rouille et de la corrosion et la protection des joints sont des caract\u00e9ristiques qui doivent \u00eatre \u00e9quilibr\u00e9es de mani\u00e8re optimale pour contribuer \u00e0 prolonger la dur\u00e9e de vie des engrenages et des joints, \u00e0 un fonctionnement en douceur et \u00e0 une capacit\u00e9 de couple \u00e9lev\u00e9e \u00e0 charge \u00e9lev\u00e9e. une large gamme d\u2019applications et d\u2019environnements d\u2019exploitation. Les principaux avantages comprennent\u00a0:<\/p>\n<table class=\"table table-striped\">\n <t\u00eate><\/p>\n<tr>\n<th>Fonctionnalit\u00e9s<\/th>\n<th>Avantages et b\u00e9n\u00e9fices potentiels<\/th>\n<\/tr>\n<p> <\/t\u00eate><br \/>\n <corps><\/p>\n<tr>\n<td>Stabilit\u00e9 thermique exceptionnelle et r\u00e9sistance \u00e0 l&rsquo;oxydation \u00e0 haute temp\u00e9rature<\/td>\n<td>Longue dur\u00e9e de vie des engrenages et des roulements gr\u00e2ce \u00e0 un minimum de d\u00e9p\u00f4ts, longue dur\u00e9e de vie des joints<\/td>\n<\/tr>\n<tr>\n<td>Protection exceptionnelle contre l&rsquo;usure \u00e0 basse vitesse\/couple \u00e9lev\u00e9 et les rayures \u00e0 haute vitesse<\/td>\n<td>Capacit\u00e9 de charge accrue, co\u00fbts de maintenance r\u00e9duits et longue dur\u00e9e de vie de l&rsquo;\u00e9quipement<\/td>\n<\/tr>\n<tr>\n<td>Stabilit\u00e9 exceptionnelle au cisaillement<\/td>\n<td>Conserve la viscosit\u00e9 et la r\u00e9sistance du film dans des conditions de fonctionnement s\u00e9v\u00e8res pour \u00e9viter l&rsquo;usure<\/td>\n<\/tr>\n<tr>\n<td>Fluidit\u00e9 exceptionnelle \u00e0 basse temp\u00e9rature par rapport aux huiles min\u00e9rales<\/td>\n<td>Usure r\u00e9duite et facilit\u00e9 de d\u00e9marrage<\/td>\n<\/tr>\n<tr>\n<td>Bonne r\u00e9sistance au moussage<\/td>\n<td>Maintient la r\u00e9sistance du film pour une lubrification fiable<\/td>\n<\/tr>\n<tr>\n<td>Compatible avec les joints et joints automobiles typiques<\/td>\n<td>Fuite minimale et contamination r\u00e9duite<\/td>\n<\/tr>\n<\/tbody>\n<\/table>\n<h2>Applications<\/h2>\n<ul>\n<li>Transmissions manuelles, essieux et transmissions robustes n\u00e9cessitant API GL-5 et Scania STO 1:0 et amp; 2:0 Une performance<\/li>\n<li>Sur autoroute, camions l\u00e9gers et lourds, bus et fourgonnettes<\/li>\n<li>Industries hors autoroute, notamment\u00a0: construction, mines, carri\u00e8res et agriculture<\/li>\n<li>Autres entra\u00eenements \u00e0 engrenages industriels \u00e0 usage intensif, notamment les engrenages hypo\u00efdes et \u00e0 vis sans fin, fonctionnant dans des conditions caract\u00e9ris\u00e9es par une vitesse \u00e9lev\u00e9e\/une charge de choc, une vitesse \u00e9lev\u00e9e\/un couple faible et\/ou des conditions de vitesse faible\/de couple \u00e9lev\u00e9<\/li>\n<li>Diff\u00e9rentiels, transmissions finales, bo\u00eetes de transfert et autres applications d&rsquo;engrenages pour lesquelles des lubrifiants conformes au service API GL-5, des lubrifiants pour engrenages polyvalents ou EP sont recommand\u00e9s<\/li>\n<li>\u00c9quipements tels que les r\u00e9ducteurs de treuil et les entra\u00eenements des engrenages de propulsion des v\u00e9hicules \u00e0 chenilles expos\u00e9s \u00e0 des temp\u00e9ratures extr\u00eamement basses<\/li>\n<li>Non recommand\u00e9 pour les applications n\u00e9cessitant des performances de niveau API GL-4<\/li>\n<li>Non destin\u00e9 aux transmissions automatiques, manuelles ou semi-automatiques pour lesquelles de l&rsquo;huile moteur ou des liquides de transmission automatique sont recommand\u00e9s<\/li>\n<\/ul>\n<h2>Sp\u00e9cifications et homologations<\/h2>\n<h3>Satisfait ou d\u00e9passe les exigences de<\/h3>\n<ul>\n<li>API GL-5<\/li>\n<li>Scania STO 1:0<\/li>\n<\/ul>\n<h3>Ce produit poss\u00e8de les approbations de constructeur suivantes<\/h3>\n<ul>\n<li>Scania STO 2:0 A<\/li>\n<\/ul>\n","protected":false},"excerpt":{"rendered":"<p>Mobil Delvac 1 Gear Oil 75W-140 est une huile enti\u00e8rement synth\u00e9tique pour syst\u00e8mes d&rsquo;entra\u00eenement, d\u00e9velopp\u00e9e pour r\u00e9pondre aux exigences de haute performance telles que Scania STO 1:0, Scania STO 2:0 A et API GL-5. Ce produit a \u00e9t\u00e9 d\u00e9velopp\u00e9 pour \u00eatre utilis\u00e9 dans les syst\u00e8mes d&rsquo;entra\u00eenement fortement charg\u00e9s qui n\u00e9cessitent une huile de transmission avec une viscosit\u00e9 relativement \u00e9lev\u00e9e et une excellente capacit\u00e9 de charge et o\u00f9 des pressions et des chocs extr\u00eames peuvent \u00eatre attendus.<\/p>\n","protected":false},"featured_media":10108,"template":"","meta":{"_acf_changed":false,"inline_featured_image":false},"product_brand":[],"product_cat":[220],"product_tag":[],"class_list":{"0":"post-9914","1":"product","2":"type-product","3":"status-publish","4":"has-post-thumbnail","6":"product_cat-huiles-pour-transmissions-et-atf","8":"first","9":"instock","10":"taxable","11":"shipping-taxable","12":"purchasable","13":"product-type-simple"},"acf":[],"_links":{"self":[{"href":"https:\/\/webshop.ingelbeen.be\/fr\/wp-json\/wp\/v2\/product\/9914","targetHints":{"allow":["GET"]}}],"collection":[{"href":"https:\/\/webshop.ingelbeen.be\/fr\/wp-json\/wp\/v2\/product"}],"about":[{"href":"https:\/\/webshop.ingelbeen.be\/fr\/wp-json\/wp\/v2\/types\/product"}],"wp:featuredmedia":[{"embeddable":true,"href":"https:\/\/webshop.ingelbeen.be\/fr\/wp-json\/wp\/v2\/media\/10108"}],"wp:attachment":[{"href":"https:\/\/webshop.ingelbeen.be\/fr\/wp-json\/wp\/v2\/media?parent=9914"}],"wp:term":[{"taxonomy":"product_brand","embeddable":true,"href":"https:\/\/webshop.ingelbeen.be\/fr\/wp-json\/wp\/v2\/product_brand?post=9914"},{"taxonomy":"product_cat","embeddable":true,"href":"https:\/\/webshop.ingelbeen.be\/fr\/wp-json\/wp\/v2\/product_cat?post=9914"},{"taxonomy":"product_tag","embeddable":true,"href":"https:\/\/webshop.ingelbeen.be\/fr\/wp-json\/wp\/v2\/product_tag?post=9914"}],"curies":[{"name":"wp","href":"https:\/\/api.w.org\/{rel}","templated":true}]}}