{"id":9922,"date":"2024-04-30T13:10:21","date_gmt":"2024-04-30T12:10:21","guid":{"rendered":"https:\/\/ingelbeen.kneet.be\/product\/mobil-airclean-oil\/"},"modified":"2024-06-26T16:13:43","modified_gmt":"2024-06-26T15:13:43","slug":"mobil-airclean-oil","status":"publish","type":"product","link":"https:\/\/webshop.ingelbeen.be\/fr\/produit\/mobil-airclean-oil\/","title":{"rendered":"Mobil Airclean Oil"},"content":{"rendered":"<p>Airclean\u00a0Oil est fabriqu\u00e9 selon les normes de qualit\u00e9 les plus strictes pour fournir \u00e0 l&rsquo;utilisateur un fonctionnement en service fiable et prolong\u00e9. L&rsquo;huile de base hautement raffin\u00e9e et les inhibiteurs d&rsquo;oxydation soigneusement s\u00e9lectionn\u00e9s sont des caract\u00e9ristiques de performance importantes pour garantir des caract\u00e9ristiques constantes du fluide dans le temps. De plus, la courbe de distillation \u00e9troite permet une r\u00e9cup\u00e9ration et un recyclage complets des huiles de rouleaux sans contamination par Airclean\u00a0Oil. Certaines des caract\u00e9ristiques et avantages potentiels offerts par cette huile sont\u00a0:<\/p>\n<ul>\n<li>Tr\u00e8s stable contre l&rsquo;oxydation<\/li>\n<li>Longue dur\u00e9e de vie<\/li>\n<li>Fonctionnement stable de l&rsquo;unit\u00e9 de distillation<\/li>\n<li>Coupe de distillation \u00e9troite<\/li>\n<li>R\u00e9cup\u00e9ration efficace des huiles des rouleaux<\/li>\n<li>Consommation r\u00e9duite d&rsquo;huile de rouleau<\/li>\n<\/ul>\n<h2>Applications<\/h2>\n<p> L&rsquo;huile Airclean\u00a0Oil est recommand\u00e9e pour une utilisation comme huile d&rsquo;\u00e9puration dans les syst\u00e8mes de r\u00e9cup\u00e9ration des vapeurs des usines de laminage d&rsquo;aluminium. Airclean\u00a0Oil est particuli\u00e8rement con\u00e7u pour fonctionner avec les huiles de laminage Somentor dont les caract\u00e9ristiques d&rsquo;\u00e9bullition permettent une distillation facile des huiles de laminage sans contamination par l&rsquo;huile de lavage.<\/p>\n","protected":false},"excerpt":{"rendered":"<p>Airclean Oil est bas\u00e9e sur une huile de base \u00e0 coupe \u00e9troite de haute qualit\u00e9 destin\u00e9e \u00e0 \u00eatre utilis\u00e9e dans les \u00e9quipements de r\u00e9cup\u00e9ration des vapeurs des usines d&rsquo;aluminium. Elle contient des antioxydants soigneusement s\u00e9lectionn\u00e9s, ce qui rend l&rsquo;huile tr\u00e8s stable contre l&rsquo;oxydation \u00e0 haute temp\u00e9rature et garantit une longue dur\u00e9e de vie. <\/p>\n","protected":false},"featured_media":10102,"template":"","meta":{"_acf_changed":false,"inline_featured_image":false},"product_brand":[],"product_cat":[225],"product_tag":[],"class_list":{"0":"post-9922","1":"product","2":"type-product","3":"status-publish","4":"has-post-thumbnail","6":"product_cat-huiles-de-coupe","8":"first","9":"instock","10":"taxable","11":"shipping-taxable","12":"purchasable","13":"product-type-simple"},"acf":[],"_links":{"self":[{"href":"https:\/\/webshop.ingelbeen.be\/fr\/wp-json\/wp\/v2\/product\/9922","targetHints":{"allow":["GET"]}}],"collection":[{"href":"https:\/\/webshop.ingelbeen.be\/fr\/wp-json\/wp\/v2\/product"}],"about":[{"href":"https:\/\/webshop.ingelbeen.be\/fr\/wp-json\/wp\/v2\/types\/product"}],"wp:featuredmedia":[{"embeddable":true,"href":"https:\/\/webshop.ingelbeen.be\/fr\/wp-json\/wp\/v2\/media\/10102"}],"wp:attachment":[{"href":"https:\/\/webshop.ingelbeen.be\/fr\/wp-json\/wp\/v2\/media?parent=9922"}],"wp:term":[{"taxonomy":"product_brand","embeddable":true,"href":"https:\/\/webshop.ingelbeen.be\/fr\/wp-json\/wp\/v2\/product_brand?post=9922"},{"taxonomy":"product_cat","embeddable":true,"href":"https:\/\/webshop.ingelbeen.be\/fr\/wp-json\/wp\/v2\/product_cat?post=9922"},{"taxonomy":"product_tag","embeddable":true,"href":"https:\/\/webshop.ingelbeen.be\/fr\/wp-json\/wp\/v2\/product_tag?post=9922"}],"curies":[{"name":"wp","href":"https:\/\/api.w.org\/{rel}","templated":true}]}}