{"id":9930,"date":"2024-04-30T13:10:21","date_gmt":"2024-04-30T12:10:21","guid":{"rendered":"https:\/\/ingelbeen.kneet.be\/product\/mobil-almo-527-2\/"},"modified":"2024-06-26T16:13:43","modified_gmt":"2024-06-26T15:13:43","slug":"mobil-almo-527-2","status":"publish","type":"product","link":"https:\/\/webshop.ingelbeen.be\/fr\/produit\/mobil-almo-527-2\/","title":{"rendered":"Mobil Almo 527"},"content":{"rendered":"<div class=\"compensation des d\u00e9tails du produit\">\n<div class=\"description de l'attribut du produit\">\n<div class=\"description de la valeur\">\n<p> Les lubrifiants Mobil Almo s\u00e9rie 500 sont des produits hautes performances de premi\u00e8re qualit\u00e9 destin\u00e9s principalement \u00e0 la lubrification des foreuses pneumatiques dans les op\u00e9rations mini\u00e8res souterraines et \u00e0 ciel ouvert. Les huiles Mobil Almo Series sont formul\u00e9es \u00e0 partir d&rsquo;huiles de base et d&rsquo;additifs de haute qualit\u00e9, qui offrent une excellente stabilit\u00e9 chimique et une bonne protection contre l&rsquo;usure et la corrosion. Ils offrent un \u00e9quilibre optimal d&rsquo;adh\u00e9sivit\u00e9, tout en \u00e9tant suffisamment \u00e9mulsifiables pour capter l&rsquo;humidit\u00e9 transport\u00e9e dans le flux d&rsquo;air, r\u00e9duisant ainsi les effets n\u00e9gatifs de l&rsquo;eau sur l&rsquo;usure et la corrosion. Ils ne forment pas de d\u00e9p\u00f4ts gommeux qui pourraient ralentir l\u2019action des valves. M\u00eame en pr\u00e9sence d&rsquo;eau, les huiles Mobil Almo s\u00e9rie 500 ont de bonnes propri\u00e9t\u00e9s pr\u00e9f\u00e9rentielles de mouillage des m\u00e9taux qui maintiennent des films d&rsquo;huile continus. Ces propri\u00e9t\u00e9s, combin\u00e9es \u00e0 des caract\u00e9ristiques EP \u00e9lev\u00e9es, contribuent \u00e0 fournir une excellente lubrification, ce qui se traduit par une longue dur\u00e9e de vie de l&rsquo;\u00e9quipement.<\/p>\n<p> La s\u00e9rie Mobil Almo 500 poss\u00e8de des indices de viscosit\u00e9 \u00e9lev\u00e9s et des points d&rsquo;\u00e9coulement bas pour assurer une bonne lubrification aux basses temp\u00e9ratures r\u00e9sultant de la dilatation de l&rsquo;air et prot\u00e9ger contre les arr\u00eats dus au givrage tout en fournissant des films ad\u00e9quats sur les pi\u00e8ces de forage pouvant fonctionner \u00e0 des temp\u00e9ratures \u00e9lev\u00e9es. Les niveaux de g\u00e9n\u00e9ration de brouillard d\u2019huile sont extr\u00eamement faibles.<\/p><\/div><\/div><\/div>\n<h2>Fonctionnalit\u00e9 et avantages potentiels<\/h2>\n<p> Les huiles Mobil Almo s\u00e9rie 500 offrent un \u00e9quilibre de performances optimal qui garantit une longue dur\u00e9e de vie de l&rsquo;\u00e9quipement et des co\u00fbts de maintenance minimes. Leurs excellentes caract\u00e9ristiques de protection contre l\u2019usure et leur capacit\u00e9 \u00e0 fournir une lubrification ad\u00e9quate en pr\u00e9sence d\u2019eau r\u00e9duisent non seulement l\u2019usure mais prot\u00e8gent \u00e9galement contre la rouille et la corrosion. Leur bonne stabilit\u00e9 chimique \u00e9vite la formation de boues et de d\u00e9p\u00f4ts, r\u00e9duisant ainsi la n\u00e9cessit\u00e9 d&rsquo;un entretien fr\u00e9quent.<\/p>\n<div class=\"table-responsive\"><\/div>\n<table class=\"table table-striped\">\n <t\u00eate><\/p>\n<tr>\n<th>Fonctionnalit\u00e9s<\/th>\n<th>Avantages et b\u00e9n\u00e9fices potentiels<\/th>\n<\/tr>\n<p> <\/t\u00eate><br \/>\n <corps><\/p>\n<tr>\n<td>Stabilit\u00e9 chimique efficace<\/td>\n<td>R\u00e9duit la formation de boues et de d\u00e9p\u00f4ts et am\u00e9liore le fonctionnement des vannes<\/td>\n<\/tr>\n<tr>\n<td>Propri\u00e9t\u00e9s \u00e9mulsifiables souhait\u00e9es<\/td>\n<td>Lubrification efficace en pr\u00e9sence d&rsquo;eau<\/td>\n<\/tr>\n<tr>\n<td>Indice de viscosit\u00e9 \u00e9lev\u00e9<\/td>\n<td>Fournit une bonne lubrification \u00e0 haute et basse temp\u00e9rature<\/td>\n<\/tr>\n<tr>\n<td>Excellente capacit\u00e9 de charge et protection anti-usure<\/td>\n<td>R\u00e9duit l&rsquo;usure des composants, prolonge la dur\u00e9e de vie de l&rsquo;\u00e9quipement et r\u00e9duit les co\u00fbts de maintenance<\/td>\n<\/tr>\n<tr>\n<td>Tr\u00e8s bonnes caract\u00e9ristiques adh\u00e9sives<\/td>\n<td>Prot\u00e8ge les surfaces m\u00e9talliques de la corrosion et fournit de bons films lubrifiants dans toutes les conditions<\/td>\n<\/tr>\n<tr>\n<td>Rouille et corrosion<\/td>\n<td>Dur\u00e9e de vie de l&rsquo;outil plus longue et performances de l&rsquo;outil accrues<\/td>\n<\/tr>\n<\/tbody>\n<\/table>\n<h2>Applications<\/h2>\n<p> Les huiles Mobil Almo s\u00e9rie 500 sont recommand\u00e9es pour une utilisation dans toutes les foreuses \u00e0 roche pneumatiques dans les mines souterraines et \u00e0 ciel ouvert, ainsi que dans les applications d&rsquo;entrepreneur et autres applications industrielles. Ils conviennent aux outils de type percutant et rotatif. Les grades de viscosit\u00e9 permettent une s\u00e9lection pour une utilisation toute l\u2019ann\u00e9e o\u00f9 les variations saisonni\u00e8res de temp\u00e9rature ambiante sont extr\u00eames.<\/p>\n<ul>\n<li>Foreuses de roches pneumatiques dans les op\u00e9rations mini\u00e8res souterraines et \u00e0 ciel ouvert<\/li>\n<li>Perceuses et marteaux-piqueurs \u00e0 commande pneumatique pour la construction d&rsquo;autoroutes et l&rsquo;exploitation de b\u00e2timents<\/li>\n<li>Foreuses de roche dans les op\u00e9rations de carri\u00e8re<\/li>\n<li>Outils pneumatiques \u00e0 percussion et rotatifs pour applications industrielles<\/li>\n<\/ul>\n","protected":false},"excerpt":{"rendered":"<p>Les lubrifiants Mobil Almo s\u00e9rie 500 sont des produits de qualit\u00e9 sup\u00e9rieure et hautes performances, principalement destin\u00e9s \u00e0 la lubrification des marteaux perforateurs pneumatiques dans les op\u00e9rations mini\u00e8res souterraines et \u00e0 ciel ouvert.<\/p>\n","protected":false},"featured_media":10105,"template":"","meta":{"_acf_changed":false,"inline_featured_image":false},"product_brand":[],"product_cat":[183],"product_tag":[],"class_list":{"0":"post-9930","1":"product","2":"type-product","3":"status-publish","4":"has-post-thumbnail","6":"product_cat-divers","8":"first","9":"instock","10":"taxable","11":"shipping-taxable","12":"purchasable","13":"product-type-simple"},"acf":[],"_links":{"self":[{"href":"https:\/\/webshop.ingelbeen.be\/fr\/wp-json\/wp\/v2\/product\/9930","targetHints":{"allow":["GET"]}}],"collection":[{"href":"https:\/\/webshop.ingelbeen.be\/fr\/wp-json\/wp\/v2\/product"}],"about":[{"href":"https:\/\/webshop.ingelbeen.be\/fr\/wp-json\/wp\/v2\/types\/product"}],"wp:featuredmedia":[{"embeddable":true,"href":"https:\/\/webshop.ingelbeen.be\/fr\/wp-json\/wp\/v2\/media\/10105"}],"wp:attachment":[{"href":"https:\/\/webshop.ingelbeen.be\/fr\/wp-json\/wp\/v2\/media?parent=9930"}],"wp:term":[{"taxonomy":"product_brand","embeddable":true,"href":"https:\/\/webshop.ingelbeen.be\/fr\/wp-json\/wp\/v2\/product_brand?post=9930"},{"taxonomy":"product_cat","embeddable":true,"href":"https:\/\/webshop.ingelbeen.be\/fr\/wp-json\/wp\/v2\/product_cat?post=9930"},{"taxonomy":"product_tag","embeddable":true,"href":"https:\/\/webshop.ingelbeen.be\/fr\/wp-json\/wp\/v2\/product_tag?post=9930"}],"curies":[{"name":"wp","href":"https:\/\/api.w.org\/{rel}","templated":true}]}}