{"id":9934,"date":"2024-04-30T13:10:21","date_gmt":"2024-04-30T12:10:21","guid":{"rendered":"https:\/\/ingelbeen.kneet.be\/product\/mobil-atf-134-2\/"},"modified":"2024-06-26T16:13:43","modified_gmt":"2024-06-26T15:13:43","slug":"mobil-atf-134-2","status":"publish","type":"product","link":"https:\/\/webshop.ingelbeen.be\/fr\/produit\/mobil-atf-134-2\/","title":{"rendered":"Mobil ATF 134"},"content":{"rendered":"<p>Mobil ATF 134 est formul\u00e9 avec un syst\u00e8me d&rsquo;additifs avanc\u00e9 en combinaison avec une composition soigneusement s\u00e9lectionn\u00e9e d&rsquo;huiles de base HVI offrant une excellente stabilit\u00e9 thermique et r\u00e9sistance \u00e0 l&rsquo;usure ainsi que de tr\u00e8s bonnes propri\u00e9t\u00e9s \u00e0 basse temp\u00e9rature. Les principales caract\u00e9ristiques et avantages incluent\u00a0:<\/p>\n<table class=\"table table-striped\">\n <t\u00eate><\/p>\n<tr>\n<th>Fonctionnalit\u00e9s<\/th>\n<th>Avantages et b\u00e9n\u00e9fices potentiels<\/th>\n<\/tr>\n<p> <\/t\u00eate><br \/>\n <corps><\/p>\n<tr>\n<td>Excellentes pompabilit\u00e9 et circulation \u00e0 basse temp\u00e9rature<\/td>\n<td>Offre des performances de d\u00e9marrage \u00e0 froid exceptionnelles<\/td>\n<\/tr>\n<tr>\n<td>Propri\u00e9t\u00e9s anti-usure am\u00e9lior\u00e9es<\/td>\n<td>Am\u00e9liore la protection contre l&rsquo;usure et prolonge la dur\u00e9e de vie de la transmission<\/td>\n<\/tr>\n<tr>\n<td>Formul\u00e9 pour r\u00e9pondre aux derni\u00e8res exigences en mati\u00e8re de friction<\/td>\n<td>Assure un fonctionnement fluide de la transmission pendant toute la dur\u00e9e de service<\/td>\n<\/tr>\n<tr>\n<td>Excellente protection contre la d\u00e9gradation \u00e0 des temp\u00e9ratures de fonctionnement \u00e9lev\u00e9es<\/td>\n<td>Pour une dur\u00e9e de vie prolong\u00e9e<\/td>\n<\/tr>\n<\/tbody>\n<\/table>\n<h2>Applications<\/h2>\n<p> Mobil ATF 134 est recommand\u00e9 pour une utilisation dans la derni\u00e8re g\u00e9n\u00e9ration de bo\u00eetes de vitesses automatiques \u00e0 7 rapports Mercedes Benz. Il est approuv\u00e9 contre MB 236.14.<\/p>\n<h2>Sp\u00e9cifications et homologations<\/h2>\n<h3>Ce produit poss\u00e8de les approbations de constructeur suivantes<\/h3>\n<ul>\n<li>Approbation MB 236.14<\/li>\n<\/ul>\n","protected":false},"excerpt":{"rendered":"<p>Mobil ATF 134 est un fluide de transmission automatique haute performance formul\u00e9 avec des huiles de base HVI s\u00e9lectionn\u00e9es et recommand\u00e9 pour une utilisation dans les transmissions automatiques Mercedes.<\/p>\n","protected":false},"featured_media":10108,"template":"","meta":{"_acf_changed":false,"inline_featured_image":false},"product_brand":[],"product_cat":[220],"product_tag":[],"class_list":{"0":"post-9934","1":"product","2":"type-product","3":"status-publish","4":"has-post-thumbnail","6":"product_cat-huiles-pour-transmissions-et-atf","8":"first","9":"instock","10":"taxable","11":"shipping-taxable","12":"purchasable","13":"product-type-simple"},"acf":[],"_links":{"self":[{"href":"https:\/\/webshop.ingelbeen.be\/fr\/wp-json\/wp\/v2\/product\/9934","targetHints":{"allow":["GET"]}}],"collection":[{"href":"https:\/\/webshop.ingelbeen.be\/fr\/wp-json\/wp\/v2\/product"}],"about":[{"href":"https:\/\/webshop.ingelbeen.be\/fr\/wp-json\/wp\/v2\/types\/product"}],"wp:featuredmedia":[{"embeddable":true,"href":"https:\/\/webshop.ingelbeen.be\/fr\/wp-json\/wp\/v2\/media\/10108"}],"wp:attachment":[{"href":"https:\/\/webshop.ingelbeen.be\/fr\/wp-json\/wp\/v2\/media?parent=9934"}],"wp:term":[{"taxonomy":"product_brand","embeddable":true,"href":"https:\/\/webshop.ingelbeen.be\/fr\/wp-json\/wp\/v2\/product_brand?post=9934"},{"taxonomy":"product_cat","embeddable":true,"href":"https:\/\/webshop.ingelbeen.be\/fr\/wp-json\/wp\/v2\/product_cat?post=9934"},{"taxonomy":"product_tag","embeddable":true,"href":"https:\/\/webshop.ingelbeen.be\/fr\/wp-json\/wp\/v2\/product_tag?post=9934"}],"curies":[{"name":"wp","href":"https:\/\/api.w.org\/{rel}","templated":true}]}}