{"id":9938,"date":"2024-04-30T13:10:21","date_gmt":"2024-04-30T12:10:21","guid":{"rendered":"https:\/\/ingelbeen.kneet.be\/product\/mobil-atf-134-fe-2\/"},"modified":"2024-06-26T16:13:43","modified_gmt":"2024-06-26T15:13:43","slug":"mobil-atf-134-fe-2","status":"publish","type":"product","link":"https:\/\/webshop.ingelbeen.be\/fr\/produit\/mobil-atf-134-fe-2\/","title":{"rendered":"Mobil ATF 134 FE"},"content":{"rendered":"<div class=\"compensation des d\u00e9tails du produit\">\n<div class=\"description de l'attribut du produit\">\n<div class=\"description de la valeur\">\n<p> Mobil\u2122 ATF 134 FE est un fluide pour transmission automatique sp\u00e9cialement d\u00e9velopp\u00e9 pour optimiser davantage l&rsquo;efficacit\u00e9 des bo\u00eetes de vitesses des transmissions automatiques Mercedes-Benz 7-G Tronic Plus de derni\u00e8re g\u00e9n\u00e9ration.<\/p><\/div><\/div><\/div>\n<h2>Fonctionnalit\u00e9 et avantages potentiels<\/h2>\n<p> Mobil ATF 134 est formul\u00e9 avec un syst\u00e8me d&rsquo;additifs avanc\u00e9 en combinaison avec une composition d&rsquo;huiles de base soigneusement s\u00e9lectionn\u00e9es offrant une excellente stabilit\u00e9 thermique et r\u00e9sistance \u00e0 l&rsquo;usure ainsi que de tr\u00e8s bonnes propri\u00e9t\u00e9s \u00e0 basse temp\u00e9rature.<\/p>\n<h2>Applications<\/h2>\n<p> Mobil ATF 134 FE est con\u00e7u pour la transmission automatique Daimler de type 7-G Tronic Plus. Les articles ci-dessous sont pr\u00e9sent\u00e9s pour tous les march\u00e9s sur lesquels le produit pr\u00e9d\u00e9cesseur (Mobil ATF 134) a d\u00e9j\u00e0 \u00e9t\u00e9 vendu. Mobil ATF 134 FE n&rsquo;est miscible qu&rsquo;avec d&rsquo;autres ATF MB 236.15 officiellement approuv\u00e9s et n&rsquo;est pas r\u00e9trocompatible avec les sp\u00e9cifications MB-ATF pr\u00e9c\u00e9dentes.<\/p>\n<h2>Sp\u00e9cifications et homologations<\/h2>\n<h3>Ce produit poss\u00e8de les approbations de constructeur suivantes<\/h3>\n<ul>\n<li>Approbation MB 236.15<\/li>\n<\/ul>\n","protected":false},"excerpt":{"rendered":"<p>Mobil\u2122 ATF 134 FE est un fluide pour transmission automatique, sp\u00e9cialement d\u00e9velopp\u00e9 pour optimiser davantage l&rsquo;efficacit\u00e9 des engrenages des transmissions automatiques de la derni\u00e8re g\u00e9n\u00e9ration de Mercedes-Benz 7-G Tronic Plus.<\/p>\n","protected":false},"featured_media":10108,"template":"","meta":{"_acf_changed":false,"inline_featured_image":false},"product_brand":[],"product_cat":[220],"product_tag":[],"class_list":{"0":"post-9938","1":"product","2":"type-product","3":"status-publish","4":"has-post-thumbnail","6":"product_cat-huiles-pour-transmissions-et-atf","8":"first","9":"instock","10":"taxable","11":"shipping-taxable","12":"purchasable","13":"product-type-simple"},"acf":[],"_links":{"self":[{"href":"https:\/\/webshop.ingelbeen.be\/fr\/wp-json\/wp\/v2\/product\/9938","targetHints":{"allow":["GET"]}}],"collection":[{"href":"https:\/\/webshop.ingelbeen.be\/fr\/wp-json\/wp\/v2\/product"}],"about":[{"href":"https:\/\/webshop.ingelbeen.be\/fr\/wp-json\/wp\/v2\/types\/product"}],"wp:featuredmedia":[{"embeddable":true,"href":"https:\/\/webshop.ingelbeen.be\/fr\/wp-json\/wp\/v2\/media\/10108"}],"wp:attachment":[{"href":"https:\/\/webshop.ingelbeen.be\/fr\/wp-json\/wp\/v2\/media?parent=9938"}],"wp:term":[{"taxonomy":"product_brand","embeddable":true,"href":"https:\/\/webshop.ingelbeen.be\/fr\/wp-json\/wp\/v2\/product_brand?post=9938"},{"taxonomy":"product_cat","embeddable":true,"href":"https:\/\/webshop.ingelbeen.be\/fr\/wp-json\/wp\/v2\/product_cat?post=9938"},{"taxonomy":"product_tag","embeddable":true,"href":"https:\/\/webshop.ingelbeen.be\/fr\/wp-json\/wp\/v2\/product_tag?post=9938"}],"curies":[{"name":"wp","href":"https:\/\/api.w.org\/{rel}","templated":true}]}}