{"id":9944,"date":"2024-04-30T13:10:21","date_gmt":"2024-04-30T12:10:21","guid":{"rendered":"https:\/\/ingelbeen.kneet.be\/product\/mobil-atf-220-3\/"},"modified":"2024-06-26T16:13:44","modified_gmt":"2024-06-26T15:13:44","slug":"mobil-atf-220-3","status":"publish","type":"product","link":"https:\/\/webshop.ingelbeen.be\/fr\/produit\/mobil-atf-220-3\/","title":{"rendered":"Mobil ATF 220"},"content":{"rendered":"<div class=\"compensation des d\u00e9tails du produit\">\n<div class=\"description de l'attribut du produit\">\n<div class=\"description de la valeur\">\n<p> Mobil ATF 220 est un fluide haute performance pour les transmissions automatiques des v\u00e9hicules plus anciens sp\u00e9cifiant Dexron IID. Il est \u00e9galement utilis\u00e9 comme fluide hydraulique dans des applications uniques.<\/p><\/div><\/div><\/div>\n<h2>Fonctionnalit\u00e9 et avantages potentiels<\/h2>\n<p> Mobil ATF 220 est formul\u00e9 \u00e0 partir d&rsquo;huiles de base conventionnelles de haute qualit\u00e9 combin\u00e9es \u00e0 un syst\u00e8me d&rsquo;additifs sp\u00e9ciaux comprenant des am\u00e9liorants d&rsquo;indice de viscosit\u00e9, des antioxydants et des antimousses offrant des caract\u00e9ristiques de friction\/usure douces et contr\u00f4l\u00e9es. Le produit offre aux consommateurs une excellente exp\u00e9rience de conduite, m\u00eame dans un large \u00e9ventail de conditions de conduite, dans une grande vari\u00e9t\u00e9 d&rsquo;automobiles d&rsquo;avant 1994. Les principales caract\u00e9ristiques et avantages incluent\u00a0:<\/p>\n<table class=\"table table-striped\">\n <t\u00eate><\/p>\n<tr>\n<th>Fonctionnalit\u00e9s<\/th>\n<th>Avantages et b\u00e9n\u00e9fices potentiels<\/th>\n<\/tr>\n<p> <\/t\u00eate><br \/>\n <corps><\/p>\n<tr>\n<td>Bonne stabilit\u00e9 thermique et \u00e0 l&rsquo;oxydation<\/td>\n<td>R\u00e9siste \u00e0 la formation de vernis, de boues et de d\u00e9p\u00f4ts pour maintenir les transmissions propres et assurer un fonctionnement efficace pendant toute la dur\u00e9e de vie du remplissage<\/td>\n<\/tr>\n<tr>\n<td>Bonnes propri\u00e9t\u00e9s anti-usure<\/td>\n<td>R\u00e9pond aux exigences d&rsquo;usure pour favoriser une dur\u00e9e de vie plus longue de la transmission<\/td>\n<\/tr>\n<tr>\n<td>Excellente fluidit\u00e9 \u00e0 basse temp\u00e9rature<\/td>\n<td>Aide \u00e0 un d\u00e9marrage am\u00e9lior\u00e9 et \u00e0 une lubrification rapide et propre \u00e0 basses temp\u00e9ratures ambiantes<\/td>\n<\/tr>\n<tr>\n<td>Propri\u00e9t\u00e9s efficaces de contr\u00f4le de la mousse<\/td>\n<td>Sensation de changement de vitesse douce et durable et perte de liquide r\u00e9duite dans des conditions de fonctionnement difficiles<\/td>\n<\/tr>\n<tr>\n<td>Compatible avec tous les mat\u00e9riaux de joint courants utilis\u00e9s dans les transmissions de type IID<\/td>\n<td>Maintient un contr\u00f4le efficace des fuites<\/td>\n<\/tr>\n<\/tbody>\n<\/table>\n<h2>Applications<\/h2>\n<p> Mobil ATF 220 est recommand\u00e9 pour certaines transmissions automatiques et manuelles des voitures particuli\u00e8res et des camions l\u00e9gers sp\u00e9cifiant les performances de niveau Dexron IID ainsi que les syst\u00e8mes de direction assist\u00e9e associ\u00e9s. Il convient \u00e9galement \u00e0 une utilisation dans certains syst\u00e8mes hydrauliques sp\u00e9ciaux des \u00e9quipements agricoles et autres installations ayant des besoins en fluides similaires. Il est recommand\u00e9 \u00e0 l&rsquo;utilisateur de consulter les exigences du fabricant. D&rsquo;autres applications incluent :<\/p>\n<ul>\n<li>Transmissions tout-terrain, direction assist\u00e9e et autres syst\u00e8mes hydrauliques n\u00e9cessitant un liquide Dexron IID ou Allison C-4.<\/li>\n<li>Syst\u00e8mes et composants hydrauliques industriels.<\/li>\n<\/ul>\n<h2>Sp\u00e9cifications et homologations<\/h2>\n<h3>Ce produit r\u00e9pond aux exigences selon Exxonmobil<\/h3>\n<ul>\n<li>GM Dexron II<\/li>\n<li>Allison C-4<\/li>\n<li>Renk Doromat<\/li>\n<li>Caterpillar TO-2<\/li>\n<li>Ford ESR-M2C163-A<\/li>\n<li>GM Type A Suffixe A<\/li>\n<li>Volvo 97340<\/li>\n<\/ul>\n<h3>Ce produit poss\u00e8de les approbations de constructeur suivantes<\/h3>\n<ul>\n<li>Approbation MB 236.7<\/li>\n<li>MAN 339 TYPE V-1<\/li>\n<li>MAN 339 TYPE Z-1<\/li>\n<li>VOITH TURBO H55.6335.xx<\/li>\n<li>ZF TE-ML-04D\/11A\/14A<\/li>\n<\/ul>\n","protected":false},"excerpt":{"rendered":"<p>Mobil ATF 220 est un excellent fluide pour les transmissions automatiques des v\u00e9hicules plus anciens qui n\u00e9cessitent une sp\u00e9cification Dexron IID. De plus, il est utilis\u00e9 comme fluide hydraulique dans des applications limit\u00e9es.<\/p>\n","protected":false},"featured_media":10239,"template":"","meta":{"_acf_changed":false,"inline_featured_image":false},"product_brand":[],"product_cat":[220],"product_tag":[],"class_list":{"0":"post-9944","1":"product","2":"type-product","3":"status-publish","4":"has-post-thumbnail","6":"product_cat-huiles-pour-transmissions-et-atf","8":"first","9":"instock","10":"taxable","11":"shipping-taxable","12":"purchasable","13":"product-type-simple"},"acf":[],"_links":{"self":[{"href":"https:\/\/webshop.ingelbeen.be\/fr\/wp-json\/wp\/v2\/product\/9944","targetHints":{"allow":["GET"]}}],"collection":[{"href":"https:\/\/webshop.ingelbeen.be\/fr\/wp-json\/wp\/v2\/product"}],"about":[{"href":"https:\/\/webshop.ingelbeen.be\/fr\/wp-json\/wp\/v2\/types\/product"}],"wp:featuredmedia":[{"embeddable":true,"href":"https:\/\/webshop.ingelbeen.be\/fr\/wp-json\/wp\/v2\/media\/10239"}],"wp:attachment":[{"href":"https:\/\/webshop.ingelbeen.be\/fr\/wp-json\/wp\/v2\/media?parent=9944"}],"wp:term":[{"taxonomy":"product_brand","embeddable":true,"href":"https:\/\/webshop.ingelbeen.be\/fr\/wp-json\/wp\/v2\/product_brand?post=9944"},{"taxonomy":"product_cat","embeddable":true,"href":"https:\/\/webshop.ingelbeen.be\/fr\/wp-json\/wp\/v2\/product_cat?post=9944"},{"taxonomy":"product_tag","embeddable":true,"href":"https:\/\/webshop.ingelbeen.be\/fr\/wp-json\/wp\/v2\/product_tag?post=9944"}],"curies":[{"name":"wp","href":"https:\/\/api.w.org\/{rel}","templated":true}]}}