{"id":9958,"date":"2024-04-30T13:10:20","date_gmt":"2024-04-30T12:10:20","guid":{"rendered":"https:\/\/ingelbeen.kneet.be\/product\/mobil-1-fs-0w-40-5\/"},"modified":"2024-06-26T16:13:41","modified_gmt":"2024-06-26T15:13:41","slug":"mobil-1-fs-0w-40-5","status":"publish","type":"product","link":"https:\/\/webshop.ingelbeen.be\/fr\/produit\/mobil-1-fs-0w-40-5\/","title":{"rendered":"Mobil 1 FS 0W-40"},"content":{"rendered":"<div class=\"compensation des d\u00e9tails du produit\">\n<div class=\"description de l'attribut du produit\">\n<div class=\"description de la valeur\">\n<div>Mobil 1\u2122 est la premi\u00e8re marque d&rsquo;huile moteur synth\u00e9tique au monde, offrant nos performances et notre protection ultimes.<\/div>\n<p> L&rsquo;huile moteur enti\u00e8rement synth\u00e9tique avanc\u00e9e Mobil 1\u2122 FS 0W-40 de formule automobile europ\u00e9enne (Am\u00e9rique du Nord) ou de formule de protection (reste du monde) est con\u00e7ue pour la derni\u00e8re technologie de moteur \u00e0 essence et diesel (sans filtres \u00e0 particules diesel ni FAP) offrant une excellente tous- performances rondes. Il offre un pouvoir nettoyant, une protection contre l\u2019usure et des performances globales exceptionnels. Mobil 1 FS 0W-40 maintient votre moteur comme neuf dans toutes les conditions de conduite.<\/p><\/div><\/div><\/div>\n<h2>Fonctionnalit\u00e9 et avantages potentiels<\/h2>\n<div>Mobil 1 FS 0W-40 est fabriqu\u00e9 \u00e0 partir d&rsquo;un m\u00e9lange exclusif de bases synth\u00e9tiques ultra hautes performances enrichies d&rsquo;un syst\u00e8me de composants pr\u00e9cis\u00e9ment \u00e9quilibr\u00e9.<\/div>\n<ul>\n<li>Satisfait ou d\u00e9passe les derni\u00e8res approbations OEM et industrielles<\/li>\n<li>Offre d&rsquo;excellentes performances globales<\/li>\n<li>Poss\u00e8de d&rsquo;excellentes capacit\u00e9s \u00e0 basse temp\u00e9rature pour une protection rapide du moteur au d\u00e9marrage<\/li>\n<li>Poss\u00e8de des propri\u00e9t\u00e9s de friction am\u00e9lior\u00e9es qui contribuent \u00e0 l&rsquo;\u00e9conomie de carburant<\/li>\n<li>Offre une protection rapide pour r\u00e9duire l&rsquo;usure et les d\u00e9p\u00f4ts du moteur, m\u00eame dans les conditions de conduite les plus extr\u00eames<\/li>\n<li>Fournit un pouvoir nettoyant exceptionnel pour les moteurs sales.<\/li>\n<\/ul>\n<h2>Applications<\/h2>\n<p> Gr\u00e2ce \u00e0 un travail de d\u00e9veloppement approfondi en coop\u00e9ration avec de grands fabricants et \u00e0 l&rsquo;application des derni\u00e8res technologies de lubrification, Mobil 1 FS 0W-40 est recommand\u00e9 pour de nombreux types de v\u00e9hicules modernes o\u00f9 il contribuera \u00e0 fournir des performances in\u00e9gal\u00e9es, m\u00eame dans des conditions de conduite tr\u00e8s exigeantes.<\/p>\n<p> \u2022\u00a0Derni\u00e8res technologies de moteur, notamment les turbocompresseurs, l&rsquo;injection directe, les diesels (sans FAP) et les hybrides.<\/p>\n<p> \u2022Moteurs hautes performances<\/p>\n<p> \u2022 La plupart des conditions de fonctionnement, de l\u00e9g\u00e8res \u00e0 extr\u00eames<\/p>\n<p> Consultez toujours votre manuel du propri\u00e9taire pour v\u00e9rifier le degr\u00e9 de viscosit\u00e9 recommand\u00e9 et les sp\u00e9cifications de votre v\u00e9hicule particulier.<\/p>\n<h2>Sp\u00e9cifications et homologations<\/h2>\n<h3>Satisfait ou d\u00e9passe les exigences de<\/h3>\n<ul>\n<li>API SM<\/li>\n<li>API SN<\/li>\n<li>API\u00a0SJ<\/li>\n<li>API SL<\/li>\n<li>ACEA\u00a0A3\/B3<\/li>\n<li>ACEA\u00a0A3\/B4<\/li>\n<li>AAE (STO 003) Groupe B7<\/li>\n<\/ul>\n<h3>Ce produit r\u00e9pond aux exigences selon Exxonmobil<\/h3>\n<ul>\n<li>API\u00a0CF<\/li>\n<li>VW 503 01<\/li>\n<li>FIAT 9.55535-M2<\/li>\n<\/ul>\n<h3>Ce produit poss\u00e8de les approbations de constructeur suivantes<\/h3>\n<ul>\n<li>Mo\u00a0229,3<\/li>\n<li>Mo\u00a0229,5<\/li>\n<li>VW 502 00<\/li>\n<li>VW 505 00<\/li>\n<li>Porsche A40<\/li>\n<li>Performances authentiques Nissan<\/li>\n<\/ul>\n","protected":false},"excerpt":{"rendered":"<p>L&rsquo;huile moteur synth\u00e9tique avanc\u00e9e Mobil 1\u2122 FS 0W-40 European Car Formula (Am\u00e9rique du Nord) ou Protection Formula (reste du monde) est d\u00e9velopp\u00e9e pour les derniers moteurs \u00e0 essence et diesel (sans filtres \u00e0 particules diesel ou DPF) pour une excellente performance globale.<\/p>\n","protected":false},"featured_media":10328,"template":"","meta":{"_acf_changed":false,"inline_featured_image":false},"product_brand":[],"product_cat":[214],"product_tag":[],"class_list":{"0":"post-9958","1":"product","2":"type-product","3":"status-publish","4":"has-post-thumbnail","6":"product_cat-huiles-moteurs","8":"first","9":"instock","10":"taxable","11":"shipping-taxable","12":"purchasable","13":"product-type-simple"},"acf":[],"_links":{"self":[{"href":"https:\/\/webshop.ingelbeen.be\/fr\/wp-json\/wp\/v2\/product\/9958","targetHints":{"allow":["GET"]}}],"collection":[{"href":"https:\/\/webshop.ingelbeen.be\/fr\/wp-json\/wp\/v2\/product"}],"about":[{"href":"https:\/\/webshop.ingelbeen.be\/fr\/wp-json\/wp\/v2\/types\/product"}],"wp:featuredmedia":[{"embeddable":true,"href":"https:\/\/webshop.ingelbeen.be\/fr\/wp-json\/wp\/v2\/media\/10328"}],"wp:attachment":[{"href":"https:\/\/webshop.ingelbeen.be\/fr\/wp-json\/wp\/v2\/media?parent=9958"}],"wp:term":[{"taxonomy":"product_brand","embeddable":true,"href":"https:\/\/webshop.ingelbeen.be\/fr\/wp-json\/wp\/v2\/product_brand?post=9958"},{"taxonomy":"product_cat","embeddable":true,"href":"https:\/\/webshop.ingelbeen.be\/fr\/wp-json\/wp\/v2\/product_cat?post=9958"},{"taxonomy":"product_tag","embeddable":true,"href":"https:\/\/webshop.ingelbeen.be\/fr\/wp-json\/wp\/v2\/product_tag?post=9958"}],"curies":[{"name":"wp","href":"https:\/\/api.w.org\/{rel}","templated":true}]}}