{"id":9964,"date":"2024-04-30T13:10:20","date_gmt":"2024-04-30T12:10:20","guid":{"rendered":"https:\/\/ingelbeen.kneet.be\/product\/mobil-1-fs-x1-5w50-bag-in-box\/"},"modified":"2024-06-26T16:13:42","modified_gmt":"2024-06-26T15:13:42","slug":"mobil-1-fs-x1-5w50-bag-in-box","status":"publish","type":"product","link":"https:\/\/webshop.ingelbeen.be\/fr\/produit\/mobil-1-fs-x1-5w50-bag-in-box\/","title":{"rendered":"Mobil 1 FS X1 5W50 Bag-in-Box"},"content":{"rendered":"<div class=\"compensation des d\u00e9tails du produit\">\n<div class=\"description de l'attribut du produit\">\n<div class=\"description de la valeur\">\n<p> Mobil 1\u2122 est la premi\u00e8re marque d&rsquo;huile moteur synth\u00e9tique au monde, offrant nos performances et notre protection ultimes. La technologie Mobil 1 maintient votre moteur comme neuf. Mobil 1\u2122 FS x1 5W-50 est une huile moteur synth\u00e9tique aux performances avanc\u00e9es con\u00e7ue pour fournir un pouvoir nettoyant exceptionnel.<\/p><\/div><\/div><\/div>\n<h2>Fonctionnalit\u00e9 et avantages potentiels<\/h2>\n<p> Mobil 1\u2122 FS x1 5W-50 est fabriqu\u00e9 \u00e0 partir d&rsquo;un m\u00e9lange exclusif d&rsquo;huiles de base synth\u00e9tiques haute performance enrichies d&rsquo;un syst\u00e8me de composants pr\u00e9cis\u00e9ment \u00e9quilibr\u00e9 fournissant\u00a0:<\/p>\n<ul>\n<li>Protection contre l&rsquo;usure du moteur et lubrification pendant tout l&rsquo;intervalle de vidange d&rsquo;huile.<\/li>\n<li>Excellente protection de votre moteur en aidant \u00e0 pr\u00e9venir l&rsquo;accumulation de d\u00e9p\u00f4ts nocifs<\/li>\n<li>Technologie de nettoyage am\u00e9lior\u00e9e pour les voitures \u00e0 kilom\u00e9trage \u00e9lev\u00e9\u00a0; 100 000km +<\/li>\n<li>Protection am\u00e9lior\u00e9e contre la qualit\u00e9 variable du carburant*<\/li>\n<li>Protection de votre moteur lors des d\u00e9marrages \u00e0 basses temp\u00e9ratures<\/li>\n<\/ul>\n<p> * Performance compar\u00e9e aux tests standards de l&rsquo;industrie, qui utilisent des carburants con\u00e7us pour favoriser la formation de boues.<\/p>\n<h2>Applications<\/h2>\n<p> Mobil 1 FS x1 5W-50 est recommand\u00e9 pour de nombreux types de v\u00e9hicules avec un kilom\u00e9trage plus \u00e9lev\u00e9 ; > 100 000km<\/p>\n","protected":false},"excerpt":{"rendered":"<p>Mobil 1\u2122 est la marque leader mondiale des huiles moteur synth\u00e9tiques offrant des performances et une protection ultimes. La technologie Mobil 1 maintient votre moteur comme neuf. Mobil 1\u2122 FS x1 5W-50 est une huile moteur synth\u00e9tique haute performance con\u00e7ue pour offrir un pouvoir nettoyant exceptionnel.<\/p>\n","protected":false},"featured_media":10334,"template":"","meta":{"_acf_changed":false,"inline_featured_image":false},"product_brand":[],"product_cat":[214],"product_tag":[],"class_list":{"0":"post-9964","1":"product","2":"type-product","3":"status-publish","4":"has-post-thumbnail","6":"product_cat-huiles-moteurs","8":"first","9":"instock","10":"taxable","11":"shipping-taxable","12":"purchasable","13":"product-type-simple"},"acf":[],"_links":{"self":[{"href":"https:\/\/webshop.ingelbeen.be\/fr\/wp-json\/wp\/v2\/product\/9964","targetHints":{"allow":["GET"]}}],"collection":[{"href":"https:\/\/webshop.ingelbeen.be\/fr\/wp-json\/wp\/v2\/product"}],"about":[{"href":"https:\/\/webshop.ingelbeen.be\/fr\/wp-json\/wp\/v2\/types\/product"}],"wp:featuredmedia":[{"embeddable":true,"href":"https:\/\/webshop.ingelbeen.be\/fr\/wp-json\/wp\/v2\/media\/10334"}],"wp:attachment":[{"href":"https:\/\/webshop.ingelbeen.be\/fr\/wp-json\/wp\/v2\/media?parent=9964"}],"wp:term":[{"taxonomy":"product_brand","embeddable":true,"href":"https:\/\/webshop.ingelbeen.be\/fr\/wp-json\/wp\/v2\/product_brand?post=9964"},{"taxonomy":"product_cat","embeddable":true,"href":"https:\/\/webshop.ingelbeen.be\/fr\/wp-json\/wp\/v2\/product_cat?post=9964"},{"taxonomy":"product_tag","embeddable":true,"href":"https:\/\/webshop.ingelbeen.be\/fr\/wp-json\/wp\/v2\/product_tag?post=9964"}],"curies":[{"name":"wp","href":"https:\/\/api.w.org\/{rel}","templated":true}]}}