{"id":9966,"date":"2024-04-30T13:10:20","date_gmt":"2024-04-30T12:10:20","guid":{"rendered":"https:\/\/ingelbeen.kneet.be\/product\/mobil-1-racing-2t\/"},"modified":"2024-06-26T16:13:42","modified_gmt":"2024-06-26T15:13:42","slug":"mobil-1-racing-2t","status":"publish","type":"product","link":"https:\/\/webshop.ingelbeen.be\/fr\/produit\/mobil-1-racing-2t\/","title":{"rendered":"Mobil 1 Racing 2T"},"content":{"rendered":"<div class=\"compensation des d\u00e9tails du produit\">\n<div class=\"description de l'attribut du produit\">\n<div class=\"description de la valeur\">\n<p> Mobil 1 Racing 2T est une huile moteur \u00e0 deux temps enti\u00e8rement synth\u00e9tique aux performances avanc\u00e9es, d\u00e9velopp\u00e9e pour satisfaire ou d\u00e9passer le niveau le plus \u00e9lev\u00e9 d&rsquo;exigences en mati\u00e8re de lubrifiant des motos, motoneiges et scies \u00e0 cha\u00eene \u00e0 rapport huile\/carburant les plus performantes d&rsquo;aujourd&rsquo;hui et autres applications \u00e0 deux temps.<\/p>\n<p> Mobil 1 Racing 2T est pr\u00e9-dilu\u00e9 pour faciliter le m\u00e9lange lorsqu&rsquo;il est ajout\u00e9 au carburant.<\/p><\/div><\/div><\/div>\n<h2>Fonctionnalit\u00e9 et avantages potentiels<\/h2>\n<p> Mobil 1 Racing 2T combine des huiles de base synth\u00e9tiques hautes performances avec une technologie d&rsquo;additifs avanc\u00e9e pour contribuer \u00e0 fournir une propret\u00e9 exceptionnelle du moteur au niveau des pistons et des soupapes d&rsquo;\u00e9chappement, une excellente protection contre l&rsquo;usure et un pouvoir lubrifiant \u00e0 haute temp\u00e9rature et \u00e9liminer pratiquement la production de fum\u00e9e. Ce lubrifiant est con\u00e7u pour surpasser m\u00eame dans certaines des conditions de fonctionnement les plus s\u00e9v\u00e8res. Les principales caract\u00e9ristiques et avantages potentiels comprennent\u00a0:<\/p>\n<table class=\"table table-striped\">\n <t\u00eate><\/p>\n<tr>\n<th>Fonctionnalit\u00e9s<\/th>\n<th>Avantages et b\u00e9n\u00e9fices potentiels<\/th>\n<\/tr>\n<p> <\/t\u00eate><br \/>\n <corps><\/p>\n<tr>\n<td>Protection exceptionnelle contre l&rsquo;usure<\/td>\n<td>Contribue \u00e0 prolonger la dur\u00e9e de vie des pi\u00e8ces critiques du moteur<\/td>\n<\/tr>\n<tr>\n<td>Propri\u00e9t\u00e9s lubrifiantes exceptionnelles<\/td>\n<td>Aide \u00e0 prot\u00e9ger contre l&rsquo;usure pr\u00e9matur\u00e9e et le grippage du moteur<\/td>\n<\/tr>\n<tr>\n<td>Excellente stabilit\u00e9 thermique et \u00e0 l&rsquo;oxydation<\/td>\n<td>Puissance exceptionnelle de nettoyage du moteur contribuant \u00e0 prolonger la dur\u00e9e de vie des bougies et des soupapes, \u00e0 r\u00e9duire le collage des segments, le serrage des pistons et \u00e0 \u00e9liminer les probl\u00e8mes de pr\u00e9-allumage<\/td>\n<\/tr>\n<tr>\n<td>Excellentes propri\u00e9t\u00e9s de protection contre la corrosion<\/td>\n<td>Longue dur\u00e9e de vie du moteur<\/td>\n<\/tr>\n<tr>\n<td>\u00c9limine le pr\u00e9-allumage<\/td>\n<td>Aide \u00e0 prolonger la dur\u00e9e de vie du piston<\/td>\n<\/tr>\n<tr>\n<td>\u00c9chappement sans fum\u00e9e<\/td>\n<td>Contr\u00f4le exceptionnel des \u00e9missions<\/td>\n<\/tr>\n<\/tbody>\n<\/table>\n<h2>Applications<\/h2>\n<p> Mobil 1 Racing 2T est recommand\u00e9 pour la lubrification des moteurs \u00e0 deux temps utilis\u00e9s dans les motos, motoneiges et scies \u00e0 cha\u00eene \u00e0 rapport huile\/carburant les plus performants. Il est id\u00e9al pour les applications o\u00f9 les normes de performance API TC ou JASO FD sont recommand\u00e9es. Le produit contribue \u00e0 fournir des performances exceptionnelles m\u00eame dans certaines des conditions de fonctionnement les plus difficiles.<\/p>\n<h2>Sp\u00e9cifications et homologations<\/h2>\n<h3>Satisfait ou d\u00e9passe les exigences de<\/h3>\n<ul>\n<li>TC API<\/li>\n<li>ISO E-GC, E-GD<\/li>\n<li>JASO FC, FD<\/li>\n<li>SAE niveau 1, niveau 2<\/li>\n<\/ul>\n","protected":false},"excerpt":{"rendered":"<p>Mobil 1 Racing 2T est une huile moteur deux temps enti\u00e8rement synth\u00e9tique \u00e0 haute performance, d\u00e9velopp\u00e9e pour r\u00e9pondre aux exigences de lubrification les plus \u00e9lev\u00e9es des motos, motoneiges et tron\u00e7onneuses actuelles avec un faible ratio huile\/carburant et autres applications deux temps. Mobil 1 Racing 2T est pr\u00e9-dilu\u00e9e pour faciliter le m\u00e9lange lorsqu&rsquo;elle est ajout\u00e9e au carburant.<\/p>\n","protected":false},"featured_media":10136,"template":"","meta":{"_acf_changed":false,"inline_featured_image":false},"product_brand":[],"product_cat":[214],"product_tag":[],"class_list":{"0":"post-9966","1":"product","2":"type-product","3":"status-publish","4":"has-post-thumbnail","6":"product_cat-huiles-moteurs","8":"first","9":"instock","10":"taxable","11":"shipping-taxable","12":"purchasable","13":"product-type-simple"},"acf":[],"_links":{"self":[{"href":"https:\/\/webshop.ingelbeen.be\/fr\/wp-json\/wp\/v2\/product\/9966","targetHints":{"allow":["GET"]}}],"collection":[{"href":"https:\/\/webshop.ingelbeen.be\/fr\/wp-json\/wp\/v2\/product"}],"about":[{"href":"https:\/\/webshop.ingelbeen.be\/fr\/wp-json\/wp\/v2\/types\/product"}],"wp:featuredmedia":[{"embeddable":true,"href":"https:\/\/webshop.ingelbeen.be\/fr\/wp-json\/wp\/v2\/media\/10136"}],"wp:attachment":[{"href":"https:\/\/webshop.ingelbeen.be\/fr\/wp-json\/wp\/v2\/media?parent=9966"}],"wp:term":[{"taxonomy":"product_brand","embeddable":true,"href":"https:\/\/webshop.ingelbeen.be\/fr\/wp-json\/wp\/v2\/product_brand?post=9966"},{"taxonomy":"product_cat","embeddable":true,"href":"https:\/\/webshop.ingelbeen.be\/fr\/wp-json\/wp\/v2\/product_cat?post=9966"},{"taxonomy":"product_tag","embeddable":true,"href":"https:\/\/webshop.ingelbeen.be\/fr\/wp-json\/wp\/v2\/product_tag?post=9966"}],"curies":[{"name":"wp","href":"https:\/\/api.w.org\/{rel}","templated":true}]}}