{"id":9968,"date":"2024-04-30T13:10:20","date_gmt":"2024-04-30T12:10:20","guid":{"rendered":"https:\/\/ingelbeen.kneet.be\/product\/mobil-1-racing-4t-15w-50\/"},"modified":"2024-06-26T16:13:42","modified_gmt":"2024-06-26T15:13:42","slug":"mobil-1-racing-4t-15w-50","status":"publish","type":"product","link":"https:\/\/webshop.ingelbeen.be\/fr\/produit\/mobil-1-racing-4t-15w-50\/","title":{"rendered":"Mobil 1 Racing 4T 15W-50"},"content":{"rendered":"<p>Mobil 1 Racing 4T combine des bases synth\u00e9tiques hautes performances et un syst\u00e8me de composants pr\u00e9cis\u00e9ment \u00e9quilibr\u00e9 pour aider \u00e0 fournir une propret\u00e9 exceptionnelle du moteur, une excellente protection contre l&rsquo;usure \u00e0 haute temp\u00e9rature et une protection tr\u00e8s efficace contre la corrosion. L&rsquo;utilisation de Mobil 1 Racing 4T permet de maintenir une puissance de sortie maximale gr\u00e2ce aux performances et \u00e0 la protection intrins\u00e8quement solides fournies par la technologie synth\u00e9tique. Cette huile moteur de moto sp\u00e9cialement con\u00e7ue aide \u00e0 offrir des performances in\u00e9gal\u00e9es dans des conditions de fonctionnement difficiles en toutes saisons, dans des environnements de conduite, de doux \u00e0 s\u00e9v\u00e8res, et sur circuit. Les principales caract\u00e9ristiques et avantages potentiels comprennent\u00a0:<\/p>\n<table class=\"table table-striped\">\n <t\u00eate><\/p>\n<tr>\n<th>Fonctionnalit\u00e9s<\/th>\n<th>Avantages et b\u00e9n\u00e9fices potentiels<\/th>\n<\/tr>\n<p> <\/t\u00eate><br \/>\n <corps><\/p>\n<tr>\n<td>Propri\u00e9t\u00e9s de friction optimis\u00e9es<\/td>\n<td>Puissance constante gr\u00e2ce \u00e0 des pertes par friction r\u00e9duites, \u00e9quilibre global optimis\u00e9 entre performances du moteur et \u00e9conomie de carburant<\/td>\n<\/tr>\n<tr>\n<td>Protection exceptionnelle contre l&rsquo;usure<\/td>\n<td>Aide \u00e0 prolonger la dur\u00e9e de vie du moteur<\/td>\n<\/tr>\n<tr>\n<td>Stabilit\u00e9 thermique et \u00e0 l&rsquo;oxydation exceptionnelle<\/td>\n<td>Film de protection fluide \u00e0 toutes les temp\u00e9ratures de fonctionnement minimisant la formation de d\u00e9p\u00f4ts, en particulier aux temp\u00e9ratures de fonctionnement \u00e9lev\u00e9es rencontr\u00e9es dans les moteurs refroidis par air<\/td>\n<\/tr>\n<tr>\n<td>Propri\u00e9t\u00e9s exceptionnelles \u00e0 basse temp\u00e9rature<\/td>\n<td>Une lubrification efficace \u00e0 basse temp\u00e9rature ambiante permettant un d\u00e9marrage facile, une protection rapide contre l&rsquo;usure et une r\u00e9duction de la consommation des syst\u00e8mes de d\u00e9marrage<\/td>\n<\/tr>\n<tr>\n<td>Excellente capacit\u00e9 d\u00e9tergente\/dispersante<\/td>\n<td>Propret\u00e9 exceptionnelle du moteur, fonctionnement fluide et fiable<\/td>\n<\/tr>\n<tr>\n<td>Protection efficace contre la rouille et la corrosion<\/td>\n<td>Longue dur\u00e9e de vie des composants critiques du syst\u00e8me de soupapes et des roulements<\/td>\n<\/tr>\n<\/tbody>\n<\/table>\n<h2>Applications<\/h2>\n<ul>\n<li>Mobil 1 Racing 4T est sp\u00e9cifiquement recommand\u00e9 pour la lubrification des moteurs de motos \u00e0 quatre temps des motos hautes performances.<\/li>\n<\/ul>\n<h2>Sp\u00e9cifications et homologations<\/h2>\n<h3>Satisfait ou d\u00e9passe les exigences de<\/h3>\n<ul>\n<li>JASO MA\u00a02011<\/li>\n<li>JASO MA2 2011<\/li>\n<\/ul>\n<h3>Ce produit r\u00e9pond aux exigences selon Exxonmobil<\/h3>\n<ul>\n<li>API SH<\/li>\n<\/ul>\n","protected":false},"excerpt":{"rendered":"<p>Mobil 1\u2122 Racing 4T est une huile moteur avanc\u00e9e pour motos \u00e0 quatre temps. Ce produit contribue \u00e0 un excellent niveau de performance dans les motos haute performance actuelles. Il aide \u00e0 maintenir les moteurs 4-temps propres et prot\u00e9g\u00e9s, m\u00eame dans des conditions de fonctionnement extr\u00eames.<\/p>\n","protected":false},"featured_media":10117,"template":"","meta":{"_acf_changed":false,"inline_featured_image":false},"product_brand":[],"product_cat":[214],"product_tag":[],"class_list":{"0":"post-9968","1":"product","2":"type-product","3":"status-publish","4":"has-post-thumbnail","6":"product_cat-huiles-moteurs","8":"first","9":"instock","10":"taxable","11":"shipping-taxable","12":"purchasable","13":"product-type-simple"},"acf":[],"_links":{"self":[{"href":"https:\/\/webshop.ingelbeen.be\/fr\/wp-json\/wp\/v2\/product\/9968","targetHints":{"allow":["GET"]}}],"collection":[{"href":"https:\/\/webshop.ingelbeen.be\/fr\/wp-json\/wp\/v2\/product"}],"about":[{"href":"https:\/\/webshop.ingelbeen.be\/fr\/wp-json\/wp\/v2\/types\/product"}],"wp:featuredmedia":[{"embeddable":true,"href":"https:\/\/webshop.ingelbeen.be\/fr\/wp-json\/wp\/v2\/media\/10117"}],"wp:attachment":[{"href":"https:\/\/webshop.ingelbeen.be\/fr\/wp-json\/wp\/v2\/media?parent=9968"}],"wp:term":[{"taxonomy":"product_brand","embeddable":true,"href":"https:\/\/webshop.ingelbeen.be\/fr\/wp-json\/wp\/v2\/product_brand?post=9968"},{"taxonomy":"product_cat","embeddable":true,"href":"https:\/\/webshop.ingelbeen.be\/fr\/wp-json\/wp\/v2\/product_cat?post=9968"},{"taxonomy":"product_tag","embeddable":true,"href":"https:\/\/webshop.ingelbeen.be\/fr\/wp-json\/wp\/v2\/product_tag?post=9968"}],"curies":[{"name":"wp","href":"https:\/\/api.w.org\/{rel}","templated":true}]}}