{"id":9970,"date":"2024-04-30T13:10:20","date_gmt":"2024-04-30T12:10:20","guid":{"rendered":"https:\/\/ingelbeen.kneet.be\/product\/mobil-1-synthetic-lv-atf-hp\/"},"modified":"2024-06-26T16:13:42","modified_gmt":"2024-06-26T15:13:42","slug":"mobil-1-synthetic-lv-atf-hp","status":"publish","type":"product","link":"https:\/\/webshop.ingelbeen.be\/fr\/produit\/mobil-1-synthetic-lv-atf-hp\/","title":{"rendered":"Mobil 1 Synthetic LV ATF HP"},"content":{"rendered":"<div class=\"compensation des d\u00e9tails du produit\">\n<div class=\"description de l'attribut du produit\">\n<div class=\"description de la valeur\">\n<p> Mobil 1TM Synthetic LV ATF HP est un fluide de transmission automatique enti\u00e8rement synth\u00e9tique avanc\u00e9 formul\u00e9 \u00e0 partir d&rsquo;huiles de base synth\u00e9tiques et d&rsquo;un syst\u00e8me d&rsquo;additifs avanc\u00e9. Il est approuv\u00e9 et licenci\u00e9 par General Motors contre DEXRON\u00ae HP ATF.<\/p><\/div><\/div><\/div>\n<h2>Fonctionnalit\u00e9 et avantages potentiels<\/h2>\n<p> Mobil 1 Synthetic LV ATF HP est une formulation synth\u00e9tique haute performance qui offre une dur\u00e9e de vie prolong\u00e9e de la transmission gr\u00e2ce \u00e0 son oxydation et sa stabilit\u00e9 thermique am\u00e9lior\u00e9es. Mobil 1 Synthetic LV ATF HP poss\u00e8de des propri\u00e9t\u00e9s de friction qui permettent un changement de vitesse en douceur dans toutes les conditions de fonctionnement.<\/p>\n<p> L&rsquo;indice de viscosit\u00e9 intrins\u00e8quement \u00e9lev\u00e9 et la stabilit\u00e9 de Mobil 1 Synthetic LV ATF HP contribuent \u00e0 prot\u00e9ger contre les d\u00e9gradations thermiques \u00e0 des temp\u00e9ratures de fonctionnement \u00e9lev\u00e9es, tout en offrant des performances exceptionnelles \u00e0 des temp\u00e9ratures ambiantes extr\u00eamement basses.<\/p>\n<p> Un indice de viscosit\u00e9 \u00e9lev\u00e9 et une fluidit\u00e9 exceptionnelle \u00e0 basse temp\u00e9rature am\u00e9liorent la durabilit\u00e9 et la propret\u00e9 globales de la transmission.<\/p>\n<p> Les principales caract\u00e9ristiques et avantages potentiels comprennent\u00a0:<\/p>\n<table class=\"table table-striped\">\n <t\u00eate><\/p>\n<tr>\n<th>Fonctionnalit\u00e9s<\/th>\n<th>Avantages et b\u00e9n\u00e9fices potentiels<\/th>\n<\/tr>\n<p> <\/t\u00eate><br \/>\n <corps><\/p>\n<tr>\n<td>Propri\u00e9t\u00e9s de friction exceptionnelles \u00e0 long terme<\/td>\n<td>Aide \u00e0 am\u00e9liorer et \u00e0 prolonger l&rsquo;efficacit\u00e9 de la transmission, les performances de changement de vitesse en douceur et l&rsquo;\u00e9conomie de carburant<\/td>\n<\/tr>\n<tr>\n<td>Stabilit\u00e9 thermique et \u00e0 l&rsquo;oxydation exceptionnelle<\/td>\n<td>Maintient les transmissions propres pour contribuer \u00e0 fournir des performances exceptionnelles, m\u00eame dans des conditions de conduite difficiles<\/td>\n<\/tr>\n<tr>\n<td>R\u00e9sistance exceptionnelle du film et propri\u00e9t\u00e9s anti-usure<\/td>\n<td>R\u00e9duction significative de l&rsquo;usure pouvant contribuer \u00e0 une longue dur\u00e9e de vie de la transmission<\/td>\n<\/tr>\n<tr>\n<td>Excellente fluidit\u00e9 \u00e0 basse temp\u00e9rature<\/td>\n<td>Aide \u00e0 fournir une lubrification rapide et fiable \u00e0 des temp\u00e9ratures ambiantes allant jusqu&rsquo;\u00e0 -61 \u00b0C<\/td>\n<\/tr>\n<tr>\n<td>Stabilit\u00e9 exceptionnelle au cisaillement<\/td>\n<td>r\u00e9tention m\u00eame dans certaines des conditions de fonctionnement les plus s\u00e9v\u00e8res et \u00e0 haute temp\u00e9rature<\/td>\n<\/tr>\n<\/tbody>\n<\/table>\n<h2>Applications<\/h2>\n<p> Mobil 1 Synthetic LV ATF HP est recommand\u00e9 pour une utilisation dans les v\u00e9hicules modernes hautes performances n\u00e9cessitant le code de licence DEXRON\u00ae HP ATF DEXRON\u00ae J-62120.<\/p>\n<p> Mobil 1 Synthetic LV ATF HP est approuv\u00e9 par la garantie pour tous les v\u00e9hicules sp\u00e9cifiant DEXRON\u00ae HP ATF.<\/p>\n","protected":false},"excerpt":{"rendered":"<p>Mobil 1\u2122 Synthetic LV ATF HP est un liquide de transmission automatique enti\u00e8rement synth\u00e9tique avanc\u00e9 formul\u00e9 \u00e0 partir d&rsquo;huiles de base synth\u00e9tiques et d&rsquo;un syst\u00e8me d&rsquo;additifs avanc\u00e9. Il est approuv\u00e9 et licenci\u00e9 par General Motors selon DEXRON\u00ae HP ATF.<\/p>\n","protected":false},"featured_media":10312,"template":"","meta":{"_acf_changed":false,"inline_featured_image":false},"product_brand":[],"product_cat":[220],"product_tag":[],"class_list":{"0":"post-9970","1":"product","2":"type-product","3":"status-publish","4":"has-post-thumbnail","6":"product_cat-huiles-pour-transmissions-et-atf","8":"first","9":"instock","10":"taxable","11":"shipping-taxable","12":"purchasable","13":"product-type-simple"},"acf":[],"_links":{"self":[{"href":"https:\/\/webshop.ingelbeen.be\/fr\/wp-json\/wp\/v2\/product\/9970","targetHints":{"allow":["GET"]}}],"collection":[{"href":"https:\/\/webshop.ingelbeen.be\/fr\/wp-json\/wp\/v2\/product"}],"about":[{"href":"https:\/\/webshop.ingelbeen.be\/fr\/wp-json\/wp\/v2\/types\/product"}],"wp:featuredmedia":[{"embeddable":true,"href":"https:\/\/webshop.ingelbeen.be\/fr\/wp-json\/wp\/v2\/media\/10312"}],"wp:attachment":[{"href":"https:\/\/webshop.ingelbeen.be\/fr\/wp-json\/wp\/v2\/media?parent=9970"}],"wp:term":[{"taxonomy":"product_brand","embeddable":true,"href":"https:\/\/webshop.ingelbeen.be\/fr\/wp-json\/wp\/v2\/product_brand?post=9970"},{"taxonomy":"product_cat","embeddable":true,"href":"https:\/\/webshop.ingelbeen.be\/fr\/wp-json\/wp\/v2\/product_cat?post=9970"},{"taxonomy":"product_tag","embeddable":true,"href":"https:\/\/webshop.ingelbeen.be\/fr\/wp-json\/wp\/v2\/product_tag?post=9970"}],"curies":[{"name":"wp","href":"https:\/\/api.w.org\/{rel}","templated":true}]}}