{"id":9972,"date":"2024-04-30T13:10:20","date_gmt":"2024-04-30T12:10:20","guid":{"rendered":"https:\/\/ingelbeen.kneet.be\/product\/mobil-1-x1-5w30-bag-in-box\/"},"modified":"2024-06-26T16:13:42","modified_gmt":"2024-06-26T15:13:42","slug":"mobil-1-x1-5w30-bag-in-box","status":"publish","type":"product","link":"https:\/\/webshop.ingelbeen.be\/fr\/produit\/mobil-1-x1-5w30-bag-in-box\/","title":{"rendered":"Mobil 1 X1 5W30 Bag-in-Box"},"content":{"rendered":"<div class=\"compensation des d\u00e9tails du produit\">\n<div class=\"description de l'attribut du produit\">\n<div class=\"description de la valeur\">\n<p> L&rsquo;huile moteur enti\u00e8rement synth\u00e9tique avanc\u00e9e Mobil 1 x 1 5W-30 est con\u00e7ue pour maintenir le moteur en marche comme neuf en offrant un pouvoir de nettoyage, une protection contre l&rsquo;usure et des performances globales exceptionnelles. Mobil 1 x1 5W-30 respecte ou d\u00e9passe les normes les plus strictes de l&rsquo;industrie et surpasse les huiles conventionnelles. De nombreux v\u00e9hicules diff\u00e9rents, y compris certains v\u00e9hicules hautes performances, sont \u00e9quip\u00e9s de s\u00e9rie de la technologie Mobil 1.<\/p><\/div><\/div><\/div>\n<h2>Fonctionnalit\u00e9 et avantages potentiels<\/h2>\n<p> L&rsquo;huile moteur enti\u00e8rement synth\u00e9tique avanc\u00e9e Mobil 1 x 1 5W-30 est fabriqu\u00e9e \u00e0 partir d&rsquo;un m\u00e9lange exclusif d&rsquo;huiles de base synth\u00e9tiques haute performance enrichies d&rsquo;un syst\u00e8me de composants pr\u00e9cis\u00e9ment \u00e9quilibr\u00e9. Le grade de viscosit\u00e9 5W-30 est un grade de viscosit\u00e9 recommand\u00e9 pour de nombreuses voitures neuves. Mobil 1 x1 5W-30 est sp\u00e9cialement con\u00e7u pour aider \u00e0 fournir des niveaux in\u00e9gal\u00e9s de performances, de puissance de nettoyage et de protection du moteur, tout en r\u00e9pondant aux normes de performance exigeantes ILSAC GF-5.<\/p>\n<ul>\n<li>Excellentes performances globales de lubrification et de protection contre l&rsquo;usure pour de nombreux styles de conduite<\/li>\n<li>Offre une protection plus rapide pour r\u00e9duire l&rsquo;usure et les d\u00e9p\u00f4ts du moteur, m\u00eame dans des conditions de conduite tr\u00e8s extr\u00eames<\/li>\n<li>Offre une protection contre les temp\u00e9ratures \u00e9lev\u00e9es et contribue \u00e0 prolonger la dur\u00e9e de vie de votre turbocompresseur<\/li>\n<li>Fournit un pouvoir nettoyant exceptionnel pour les moteurs sales<\/li>\n<li>Excellente lubrification et protection au d\u00e9marrage \u00e0 froid \u00e0 basse temp\u00e9rature<\/li>\n<\/ul>\n<h2>Applications<\/h2>\n<p> L&rsquo;huile moteur enti\u00e8rement synth\u00e9tique avanc\u00e9e Mobil 1 x 1 5W-30 est recommand\u00e9e pour de nombreux types de v\u00e9hicules modernes, y compris les moteurs \u00e0 essence et diesel suraliment\u00e9s et turbocompress\u00e9s hautes performances (sans filtre \u00e0 particules diesel) \u00e0 injection de carburant multisoupapes que l&rsquo;on trouve dans les voitures particuli\u00e8res et les SUV. et les fourgons l\u00e9gers.<\/p>\n<p> Consultez toujours votre manuel du propri\u00e9taire pour v\u00e9rifier le degr\u00e9 de viscosit\u00e9 recommand\u00e9 et les sp\u00e9cifications de votre v\u00e9hicule particulier.<\/p>\n<h2>Sp\u00e9cifications et homologations<\/h2>\n<h3>Satisfait ou d\u00e9passe les exigences de<\/h3>\n<ul>\n<li>ACEA\u00a0A1\/B1<\/li>\n<li>ACEA\u00a0A5\/B5<\/li>\n<li>API SN\/SM<\/li>\n<li>ILSAC GF-5<\/li>\n<li>Ford WSS-M2C946-A<\/li>\n<li>Ford WSS-M2C913-C<\/li>\n<\/ul>\n<h3>Ce produit r\u00e9pond aux exigences selon Exxonmobil<\/h3>\n<ul>\n<li>API\u00a0CF<\/li>\n<li>General Motors 4718M<\/li>\n<li>General Motors 6094M<\/li>\n<\/ul>\n<h3>Ce produit poss\u00e8de les approbations de constructeur suivantes<\/h3>\n<ul>\n<li>General Motors Service Remplissage dexos1<\/li>\n<\/ul>\n","protected":false},"excerpt":{"rendered":"<p>Mobil 1 x1 5W-30 huile moteur enti\u00e8rement synth\u00e9tique avanc\u00e9e est con\u00e7ue pour maintenir le moteur comme neuf en offrant un pouvoir nettoyant exceptionnel, une protection contre l&rsquo;usure et des performances globales.<\/p>\n","protected":false},"featured_media":10340,"template":"","meta":{"_acf_changed":false,"inline_featured_image":false},"product_brand":[],"product_cat":[214],"product_tag":[],"class_list":{"0":"post-9972","1":"product","2":"type-product","3":"status-publish","4":"has-post-thumbnail","6":"product_cat-huiles-moteurs","8":"first","9":"instock","10":"taxable","11":"shipping-taxable","12":"purchasable","13":"product-type-simple"},"acf":[],"_links":{"self":[{"href":"https:\/\/webshop.ingelbeen.be\/fr\/wp-json\/wp\/v2\/product\/9972","targetHints":{"allow":["GET"]}}],"collection":[{"href":"https:\/\/webshop.ingelbeen.be\/fr\/wp-json\/wp\/v2\/product"}],"about":[{"href":"https:\/\/webshop.ingelbeen.be\/fr\/wp-json\/wp\/v2\/types\/product"}],"wp:featuredmedia":[{"embeddable":true,"href":"https:\/\/webshop.ingelbeen.be\/fr\/wp-json\/wp\/v2\/media\/10340"}],"wp:attachment":[{"href":"https:\/\/webshop.ingelbeen.be\/fr\/wp-json\/wp\/v2\/media?parent=9972"}],"wp:term":[{"taxonomy":"product_brand","embeddable":true,"href":"https:\/\/webshop.ingelbeen.be\/fr\/wp-json\/wp\/v2\/product_brand?post=9972"},{"taxonomy":"product_cat","embeddable":true,"href":"https:\/\/webshop.ingelbeen.be\/fr\/wp-json\/wp\/v2\/product_cat?post=9972"},{"taxonomy":"product_tag","embeddable":true,"href":"https:\/\/webshop.ingelbeen.be\/fr\/wp-json\/wp\/v2\/product_tag?post=9972"}],"curies":[{"name":"wp","href":"https:\/\/api.w.org\/{rel}","templated":true}]}}