{"id":9984,"date":"2024-04-30T13:10:19","date_gmt":"2024-04-30T12:10:19","guid":{"rendered":"https:\/\/ingelbeen.kneet.be\/product\/gargoyle-arctic-68-nh-2\/"},"modified":"2024-06-26T16:13:39","modified_gmt":"2024-06-26T15:13:39","slug":"gargoyle-arctic-68-nh-2","status":"publish","type":"product","link":"https:\/\/webshop.ingelbeen.be\/fr\/produit\/gargoyle-arctic-68-nh-2\/","title":{"rendered":"Gargoyle Arctic 68 NH"},"content":{"rendered":"<div class=\"compensation des d\u00e9tails du produit\">\n<div class=\"description de l'attribut du produit\">\n<div class=\"description de la valeur\">\n<p> Mobil Gargoyle Arctic 68 NH est une huile de r\u00e9frig\u00e9ration haute performance con\u00e7ue sp\u00e9cifiquement pour la lubrification des compresseurs frigorifiques \u00e0 pistons et \u00e0 vis utilisant de l&rsquo;ammoniac (NH<sub>3<\/sub>, R-717). Il est formul\u00e9 avec une technologie min\u00e9rale paraffinique de haute qualit\u00e9 offrant d&rsquo;excellentes performances \u00e0 basse temp\u00e9rature, une faible volatilit\u00e9 et une stabilit\u00e9 thermique.<\/p>\n<p> Sa tr\u00e8s faible miscibilit\u00e9 avec l\u2019ammoniac limite la fluidification de l\u2019huile et minimise son transfert. La faible pression de vapeur r\u00e9duit la consommation d&rsquo;huile et le besoin d&rsquo;appoint tout en emp\u00eachant le fractionnement (augmentation de la viscosit\u00e9).<\/p>\n<p> Contr\u00f4le de la viscosit\u00e9 sur une large plage de temp\u00e9ratures pour obtenir la fluidit\u00e9 la plus faible requise dans l&rsquo;\u00e9vaporateur et la viscosit\u00e9 la plus \u00e9lev\u00e9e pour une meilleure protection des \u00e9quipements dans le compresseur.<\/p><\/div><\/div><\/div>\n<h2>Fonctionnalit\u00e9 et avantages potentiels<\/h2>\n<ul>\n<li>Faible volatilit\u00e9, contribue \u00e0 r\u00e9duire la consommation d&rsquo;huile (moins d&rsquo;appoints d&rsquo;huile), limitant la fluidification de l&rsquo;huile due au fractionnement<\/li>\n<li>La faible viscosit\u00e9 Brookfield contribue \u00e0 un bon \u00e9coulement de l&rsquo;huile \u00e0 basse temp\u00e9rature et \u00e0 un bon retour d&rsquo;huile de l&rsquo;\u00e9vaporateur<\/li>\n<li>Protection des surfaces pour une dur\u00e9e de vie accrue de l&rsquo;\u00e9quipement et des co\u00fbts de r\u00e9paration r\u00e9duits<\/li>\n<li>Indice de viscosit\u00e9 \u00e9lev\u00e9 pour une bonne lubrification du compresseur sur de larges temp\u00e9ratures de fonctionnement<\/li>\n<li>La compatibilit\u00e9 avec les r\u00e9frig\u00e9rants contribue \u00e0 l&rsquo;efficacit\u00e9 du s\u00e9parateur d&rsquo;huile (tr\u00e8s faible miscibilit\u00e9 avec NH3)<\/li>\n<\/ul>\n<h2>Applications<\/h2>\n<p> Consid\u00e9rations d&rsquo;application\u00a0: Mobil Gargoyle Arctic 68 NH est recommand\u00e9 pour les syst\u00e8mes de r\u00e9frig\u00e9ration pour la lubrification des cylindres et des roulements dans les compresseurs frigorifiques \u00e0 pistons et \u00e0 vis conventionnels o\u00f9 le r\u00e9frig\u00e9rant \u00e0 l&rsquo;ammoniac est utilis\u00e9.<\/p>\n<p> Ceci comprend:<\/p>\n<ul>\n<li>Grands compresseurs frigorifiques industriels \u00e0 pistons et \u00e0 vis utilis\u00e9s dans l&rsquo;industrie alimentaire pour la pr\u00e9paration et la cong\u00e9lation des aliments<\/li>\n<\/ul>\n<ul>\n<li>Applications industrielles telles que les installations de cong\u00e9lation et d&rsquo;entreposage frigorifique des aliments<\/li>\n<li>Applications de r\u00e9frig\u00e9ration marine<\/li>\n<\/ul>\n","protected":false},"excerpt":{"rendered":"<p>Sp\u00e9cialement con\u00e7u pour les applications industrielles lourdes, Gargoyle Arctic 68 NH garantit des performances et une protection exceptionnelles \u00e0 basse temp\u00e9rature.<\/p>\n","protected":false},"featured_media":10105,"template":"","meta":{"_acf_changed":false,"inline_featured_image":false},"product_brand":[],"product_cat":[183],"product_tag":[],"class_list":{"0":"post-9984","1":"product","2":"type-product","3":"status-publish","4":"has-post-thumbnail","6":"product_cat-divers","8":"first","9":"instock","10":"taxable","11":"shipping-taxable","12":"purchasable","13":"product-type-simple"},"acf":[],"_links":{"self":[{"href":"https:\/\/webshop.ingelbeen.be\/fr\/wp-json\/wp\/v2\/product\/9984","targetHints":{"allow":["GET"]}}],"collection":[{"href":"https:\/\/webshop.ingelbeen.be\/fr\/wp-json\/wp\/v2\/product"}],"about":[{"href":"https:\/\/webshop.ingelbeen.be\/fr\/wp-json\/wp\/v2\/types\/product"}],"wp:featuredmedia":[{"embeddable":true,"href":"https:\/\/webshop.ingelbeen.be\/fr\/wp-json\/wp\/v2\/media\/10105"}],"wp:attachment":[{"href":"https:\/\/webshop.ingelbeen.be\/fr\/wp-json\/wp\/v2\/media?parent=9984"}],"wp:term":[{"taxonomy":"product_brand","embeddable":true,"href":"https:\/\/webshop.ingelbeen.be\/fr\/wp-json\/wp\/v2\/product_brand?post=9984"},{"taxonomy":"product_cat","embeddable":true,"href":"https:\/\/webshop.ingelbeen.be\/fr\/wp-json\/wp\/v2\/product_cat?post=9984"},{"taxonomy":"product_tag","embeddable":true,"href":"https:\/\/webshop.ingelbeen.be\/fr\/wp-json\/wp\/v2\/product_tag?post=9984"}],"curies":[{"name":"wp","href":"https:\/\/api.w.org\/{rel}","templated":true}]}}