{"id":9986,"date":"2024-04-30T13:10:19","date_gmt":"2024-04-30T12:10:19","guid":{"rendered":"https:\/\/ingelbeen.kneet.be\/product\/jenbacher-n-oil-40\/"},"modified":"2024-06-26T16:13:39","modified_gmt":"2024-06-26T15:13:39","slug":"jenbacher-n-oil-40","status":"publish","type":"product","link":"https:\/\/webshop.ingelbeen.be\/fr\/produit\/jenbacher-n-oil-40\/","title":{"rendered":"JENBACHER N OIL 40"},"content":{"rendered":"<div class=\"compensation des d\u00e9tails du produit\">\n<div class=\"description de l'attribut du produit\">\n<div class=\"description de la valeur\">\n<p> Jenbacher N Oil 40 est une huile pour moteur \u00e0 gaz haute performance formul\u00e9e pour les moteurs actuels et amp; nouvelle g\u00e9n\u00e9ration de moteurs au gaz naturel Jenbacher. Il a \u00e9t\u00e9 con\u00e7u comme un composant majeur du moteur, en \u00e9troite coop\u00e9ration entre les ing\u00e9nieurs d&rsquo;INNIO Jenbacher<sup>(1)<\/sup>\u00a0et d&rsquo;ExxonMobil.<\/p>\n<p> Avec plus de cent mille heures de donn\u00e9es de terrain accumul\u00e9es provenant d&rsquo;une surveillance \u00e0 long terme sur plus de 100 unit\u00e9s, il a \u00e9t\u00e9 confirm\u00e9 que la formulation de l&rsquo;huile moteur Jenbacher N Oil 40 fournit 2 fois<sup>(2)<\/sup>\u00a0une huile et une dur\u00e9e de vie prolong\u00e9es. dur\u00e9e de vie du filtre et r\u00e9duction des co\u00fbts du cycle de vie (LCC) jusqu&rsquo;\u00e0 30\u00a0% par rapport aux autres huiles pour moteurs \u00e0 gaz approuv\u00e9es typiques<sup>(3)<\/sup>. De nouvelles limites d&rsquo;huile usag\u00e9e sp\u00e9cifiquement d\u00e9velopp\u00e9es et soigneusement valid\u00e9es ont \u00e9t\u00e9 publi\u00e9es par INNIO Jenbacher pour ce produit afin de fournir des intervalles de vidange d&rsquo;huile prolong\u00e9s et fiables.<\/p>\n<p> Jenbacher N Oil 40 peut aider les utilisateurs \u00e0 faire fonctionner leurs moteurs Jenbacher plus longtemps et plus propres<sup>(2)<\/sup>\u00a0avec une fiabilit\u00e9 am\u00e9lior\u00e9e, une excellente r\u00e9serve et r\u00e9tention d&rsquo;alcalinit\u00e9, ce qui se traduit par une productivit\u00e9 accrue.<\/p><\/div><\/div><\/div>\n<h2>Fonctionnalit\u00e9 et avantages potentiels<\/h2>\n<p> Jenbacher N Oil 40 est une huile pour moteur \u00e0 gaz haute performance formul\u00e9e pour les moteurs actuels et amp; nouvelle g\u00e9n\u00e9ration de moteurs au gaz naturel Jenbacher. Il a \u00e9t\u00e9 con\u00e7u comme un composant majeur du moteur, en \u00e9troite coop\u00e9ration entre les ing\u00e9nieurs d&rsquo;INNIO Jenbacher<sup>(1)<\/sup>\u00a0et d&rsquo;ExxonMobil.<\/p>\n<h2>Applications<\/h2>\n<p> Tous les moteurs au gaz naturel Jenbacher \u2013 Type 2, Type 3, Type 4, Type 6 et Type 9.<\/p>\n<h2>Sp\u00e9cifications et homologations<\/h2>\n<h3>Satisfait ou d\u00e9passe les exigences de<\/h3>\n<ul>\n<li>Jenbacher N Oil 40 est approuv\u00e9 pour toute la gamme de moteurs au gaz naturel Jenbacher\u00a0: Type 2, Type 3, Type 4, Type 6 et Type 9.<\/li>\n<li>Pour conna\u00eetre les derni\u00e8res approbations, reportez-vous aux instructions techniques d&rsquo;INNIO Jenbacher TA 1000-1109 &amp; TA 1000-1108 qui peut \u00e9galement \u00eatre consult\u00e9 sur http:\/\/innio.com\/engineoil (internet)<\/li>\n<\/ul>\n","protected":false},"excerpt":{"rendered":"<p>JENBACHER N OIL 40 est une huile de lubrification de haute qualit\u00e9 sp\u00e9cifiquement d\u00e9velopp\u00e9e pour la lubrification des moteurs \u00e0 gaz. Cette huile assure des performances optimales du moteur gr\u00e2ce \u00e0 une protection exceptionnelle contre l&rsquo;usure et les d\u00e9p\u00f4ts, ce qui se traduit par des intervalles de maintenance plus longs et une meilleure fiabilit\u00e9 de vos moteurs \u00e0 gaz Jenbacher.<\/p>\n","protected":false},"featured_media":10102,"template":"","meta":{"_acf_changed":false,"inline_featured_image":false},"product_brand":[],"product_cat":[215],"product_tag":[],"class_list":{"0":"post-9986","1":"product","2":"type-product","3":"status-publish","4":"has-post-thumbnail","6":"product_cat-huiles-pour-moteurs-a-gaz","8":"first","9":"instock","10":"taxable","11":"shipping-taxable","12":"purchasable","13":"product-type-simple"},"acf":[],"_links":{"self":[{"href":"https:\/\/webshop.ingelbeen.be\/fr\/wp-json\/wp\/v2\/product\/9986","targetHints":{"allow":["GET"]}}],"collection":[{"href":"https:\/\/webshop.ingelbeen.be\/fr\/wp-json\/wp\/v2\/product"}],"about":[{"href":"https:\/\/webshop.ingelbeen.be\/fr\/wp-json\/wp\/v2\/types\/product"}],"wp:featuredmedia":[{"embeddable":true,"href":"https:\/\/webshop.ingelbeen.be\/fr\/wp-json\/wp\/v2\/media\/10102"}],"wp:attachment":[{"href":"https:\/\/webshop.ingelbeen.be\/fr\/wp-json\/wp\/v2\/media?parent=9986"}],"wp:term":[{"taxonomy":"product_brand","embeddable":true,"href":"https:\/\/webshop.ingelbeen.be\/fr\/wp-json\/wp\/v2\/product_brand?post=9986"},{"taxonomy":"product_cat","embeddable":true,"href":"https:\/\/webshop.ingelbeen.be\/fr\/wp-json\/wp\/v2\/product_cat?post=9986"},{"taxonomy":"product_tag","embeddable":true,"href":"https:\/\/webshop.ingelbeen.be\/fr\/wp-json\/wp\/v2\/product_tag?post=9986"}],"curies":[{"name":"wp","href":"https:\/\/api.w.org\/{rel}","templated":true}]}}