{"id":9988,"date":"2024-04-30T13:10:19","date_gmt":"2024-04-30T12:10:19","guid":{"rendered":"https:\/\/ingelbeen.kneet.be\/product\/m-delvac-xhp-ultra-le-sca-5w30\/"},"modified":"2024-06-26T16:13:39","modified_gmt":"2024-06-26T15:13:39","slug":"m-delvac-xhp-ultra-le-sca-5w30","status":"publish","type":"product","link":"https:\/\/webshop.ingelbeen.be\/fr\/produit\/m-delvac-xhp-ultra-le-sca-5w30\/","title":{"rendered":"M DELVAC XHP ULTRA LE SCA 5W30"},"content":{"rendered":"","protected":false},"excerpt":{"rendered":"<p>M DELVAC XHP ULTRA LE SCA 5W30 est une huile moteur synth\u00e9tique avanc\u00e9e sp\u00e9cialement formul\u00e9e pour am\u00e9liorer la dur\u00e9e de vie et l&rsquo;efficacit\u00e9 des syst\u00e8mes de contr\u00f4le des \u00e9missions. Cette huile moteur offre une protection exceptionnelle contre l&rsquo;usure et une propret\u00e9 du moteur dans des conditions de service difficiles.<\/p>\n","protected":false},"featured_media":10102,"template":"","meta":{"_acf_changed":false,"inline_featured_image":false},"product_brand":[],"product_cat":[183],"product_tag":[],"class_list":{"0":"post-9988","1":"product","2":"type-product","3":"status-publish","4":"has-post-thumbnail","6":"product_cat-divers","8":"first","9":"instock","10":"taxable","11":"shipping-taxable","12":"purchasable","13":"product-type-simple"},"acf":[],"_links":{"self":[{"href":"https:\/\/webshop.ingelbeen.be\/fr\/wp-json\/wp\/v2\/product\/9988","targetHints":{"allow":["GET"]}}],"collection":[{"href":"https:\/\/webshop.ingelbeen.be\/fr\/wp-json\/wp\/v2\/product"}],"about":[{"href":"https:\/\/webshop.ingelbeen.be\/fr\/wp-json\/wp\/v2\/types\/product"}],"wp:featuredmedia":[{"embeddable":true,"href":"https:\/\/webshop.ingelbeen.be\/fr\/wp-json\/wp\/v2\/media\/10102"}],"wp:attachment":[{"href":"https:\/\/webshop.ingelbeen.be\/fr\/wp-json\/wp\/v2\/media?parent=9988"}],"wp:term":[{"taxonomy":"product_brand","embeddable":true,"href":"https:\/\/webshop.ingelbeen.be\/fr\/wp-json\/wp\/v2\/product_brand?post=9988"},{"taxonomy":"product_cat","embeddable":true,"href":"https:\/\/webshop.ingelbeen.be\/fr\/wp-json\/wp\/v2\/product_cat?post=9988"},{"taxonomy":"product_tag","embeddable":true,"href":"https:\/\/webshop.ingelbeen.be\/fr\/wp-json\/wp\/v2\/product_tag?post=9988"}],"curies":[{"name":"wp","href":"https:\/\/api.w.org\/{rel}","templated":true}]}}