{"id":9996,"date":"2024-04-30T13:10:19","date_gmt":"2024-04-30T12:10:19","guid":{"rendered":"https:\/\/ingelbeen.kneet.be\/product\/mobil-1-0w-20-2\/"},"modified":"2024-06-26T16:13:39","modified_gmt":"2024-06-26T15:13:39","slug":"mobil-1-0w-20-2","status":"publish","type":"product","link":"https:\/\/webshop.ingelbeen.be\/fr\/produit\/mobil-1-0w-20-2\/","title":{"rendered":"Mobil 1 0W-20"},"content":{"rendered":"<p>Mobil 1 0W-20\u00a0est con\u00e7u avec un m\u00e9lange exclusif de bases synth\u00e9tiques haute performance enrichies d&rsquo;un syst\u00e8me d&rsquo;additifs de composants pr\u00e9cis\u00e9ment \u00e9quilibr\u00e9s. La formulation enti\u00e8rement synth\u00e9tique avanc\u00e9e \u00e0 faible viscosit\u00e9 contribue \u00e0 augmenter l\u2019efficacit\u00e9 du moteur et \u00e0 am\u00e9liorer l\u2019\u00e9conomie de carburant. Mobil 1 0W-20\u00a0offre la protection \u00e0 haute temp\u00e9rature des huiles \u00e0 viscosit\u00e9 plus \u00e9lev\u00e9e tout en offrant la meilleure \u00e9conomie de carburant de la gamme Mobil 1. Les principales caract\u00e9ristiques et avantages potentiels comprennent\u00a0:<\/p>\n<div class=\"table-responsive\"><\/div>\n<table class=\"table table-striped\">\n <t\u00eate><\/p>\n<tr>\n<th>Fonctionnalit\u00e9s<\/th>\n<th>Avantages et b\u00e9n\u00e9fices potentiels<\/th>\n<\/tr>\n<p> <\/t\u00eate><br \/>\n <corps><\/p>\n<tr>\n<td>Formule enti\u00e8rement synth\u00e9tique avanc\u00e9e \u00e0 faible viscosit\u00e9<\/td>\n<td>Contribue \u00e0 am\u00e9liorer l&rsquo;\u00e9conomie de carburant sur la base d&rsquo;une am\u00e9lioration potentielle de 0,2 \u00e0 2,3\u00a0% de l&rsquo;\u00e9conomie de carburant obtenue en passant d&rsquo;huiles \u00e0 viscosit\u00e9 plus \u00e9lev\u00e9e \u00e0 une qualit\u00e9 0W-20. Les \u00e9conomies r\u00e9elles d\u00e9pendent du type de v\u00e9hicule\/moteur, de la temp\u00e9rature ext\u00e9rieure, des conditions de conduite et de la viscosit\u00e9 actuelle de votre huile moteur<\/td>\n<\/tr>\n<tr>\n<td>Stabilit\u00e9 thermique et \u00e0 l&rsquo;oxydation exceptionnelle<\/td>\n<td>Aide \u00e0 r\u00e9duire le vieillissement de l&rsquo;huile, pour une protection longue dur\u00e9e<\/td>\n<\/tr>\n<tr>\n<td>Capacit\u00e9s exceptionnelles \u00e0 basse temp\u00e9rature<\/td>\n<td>Un d\u00e9marrage rapide par temps froid et une protection rapide contribuent \u00e0 prolonger la dur\u00e9e de vie du moteur<\/td>\n<\/tr>\n<tr>\n<td>Syst\u00e8me de composants additifs pr\u00e9cis\u00e9ment \u00e9quilibr\u00e9s<\/td>\n<td>Excellentes performances globales de lubrification et de protection contre l&rsquo;usure pour de nombreux styles et conditions de conduite, de l\u00e9g\u00e8res \u00e0 s\u00e9v\u00e8res, pour lesquelles une huile 5W-20 ou 0W-20 est recommand\u00e9e<\/td>\n<\/tr>\n<\/tbody>\n<\/table>\n<h2>Applications<\/h2>\n<p> Mobil 1 0W-20 est recommand\u00e9 par ExxonMobil pour les applications SAE 5W-20 et 0W-20 dans tous les types de voitures particuli\u00e8res, SUV, fourgonnettes et camions l\u00e9gers \u00e0 essence.<\/p>\n<ul>\n<li>Mobil\u00a01\u00a00W-20 est con\u00e7u pour contribuer \u00e0 offrir une protection moteur exceptionnelle et des avantages en mati\u00e8re d&rsquo;\u00e9conomie de carburant.<\/li>\n<li>Mobil\u00a01\u00a00W-20\u00a0est recommand\u00e9 dans des conditions de froid extr\u00eame pour permettre des d\u00e9marrages et une lubrification rapides.<\/li>\n<li>Mobil\u00a01\u00a00W-20\u00a0n&rsquo;est pas recommand\u00e9 pour les moteurs \u00e0 2\u00a0temps ou d&rsquo;aviation, sauf autorisation expresse du fabricant.<\/li>\n<\/ul>\n<h2>Sp\u00e9cifications et homologations<\/h2>\n<h3>Satisfait ou d\u00e9passe les exigences de<\/h3>\n<ul>\n<li>API SN<\/li>\n<li>API SM<\/li>\n<li>API SL<\/li>\n<li>API\u00a0SJ<\/li>\n<li>Ford WSS-M2C947-A<\/li>\n<li>ILSAC GF-5<\/li>\n<li>API SN PLUS<\/li>\n<li>API SN PLUS CONSERVATION DES RESSOURCES<\/li>\n<li>FORD WSS-M2C947-B1<\/li>\n<\/ul>\n<h3>Ce produit r\u00e9pond aux exigences selon Exxonmobil<\/h3>\n<ul>\n<li>GM 6094M de General Motors<\/li>\n<li>API\u00a0CF<\/li>\n<\/ul>\n<h3>Ce produit poss\u00e8de les approbations de constructeur suivantes<\/h3>\n<ul>\n<li>Remplissage de service General Motors dexos1\u2122 Gen 2<\/li>\n<\/ul>\n","protected":false},"excerpt":{"rendered":"<p>Mobil 1\u2122 0W-20 Advanced Fuel Economy est une huile moteur enti\u00e8rement synth\u00e9tique avanc\u00e9e d\u00e9velopp\u00e9e pour offrir une protection exceptionnelle du moteur et une \u00e9conomie de carburant am\u00e9lior\u00e9e.<\/p>\n","protected":false},"featured_media":10108,"template":"","meta":{"_acf_changed":false,"inline_featured_image":false},"product_brand":[],"product_cat":[214],"product_tag":[],"class_list":{"0":"post-9996","1":"product","2":"type-product","3":"status-publish","4":"has-post-thumbnail","6":"product_cat-huiles-moteurs","8":"first","9":"instock","10":"taxable","11":"shipping-taxable","12":"purchasable","13":"product-type-simple"},"acf":[],"_links":{"self":[{"href":"https:\/\/webshop.ingelbeen.be\/fr\/wp-json\/wp\/v2\/product\/9996","targetHints":{"allow":["GET"]}}],"collection":[{"href":"https:\/\/webshop.ingelbeen.be\/fr\/wp-json\/wp\/v2\/product"}],"about":[{"href":"https:\/\/webshop.ingelbeen.be\/fr\/wp-json\/wp\/v2\/types\/product"}],"wp:featuredmedia":[{"embeddable":true,"href":"https:\/\/webshop.ingelbeen.be\/fr\/wp-json\/wp\/v2\/media\/10108"}],"wp:attachment":[{"href":"https:\/\/webshop.ingelbeen.be\/fr\/wp-json\/wp\/v2\/media?parent=9996"}],"wp:term":[{"taxonomy":"product_brand","embeddable":true,"href":"https:\/\/webshop.ingelbeen.be\/fr\/wp-json\/wp\/v2\/product_brand?post=9996"},{"taxonomy":"product_cat","embeddable":true,"href":"https:\/\/webshop.ingelbeen.be\/fr\/wp-json\/wp\/v2\/product_cat?post=9996"},{"taxonomy":"product_tag","embeddable":true,"href":"https:\/\/webshop.ingelbeen.be\/fr\/wp-json\/wp\/v2\/product_tag?post=9996"}],"curies":[{"name":"wp","href":"https:\/\/api.w.org\/{rel}","templated":true}]}}