{"id":10584,"date":"2024-05-02T21:47:46","date_gmt":"2024-05-02T20:47:46","guid":{"rendered":"https:\/\/ingelbeen.kneet.be\/?page_id=10584"},"modified":"2024-06-03T23:00:48","modified_gmt":"2024-06-03T22:00:48","slug":"valorlub","status":"publish","type":"page","link":"https:\/\/webshop.ingelbeen.be\/nl\/valorlub\/","title":{"rendered":"Valorlub"},"content":{"rendered":"<div class=\"wpb-content-wrapper\"><p>[vc_row][vc_column][vc_empty_space][vc_column_text css=&#8221;&#8221;]<\/p>\n<h1>Valorlub<\/h1>\n<p>Valorlub is een erkende milieuorganisatie in Belgi\u00eb, verantwoordelijk voor het inzamelen en recyclen van gebruikte oli\u00ebn. Als initiatief ter bevordering van duurzaamheid zorgt Valorlub ervoor dat afvaloli\u00ebn op een juiste manier worden ingezameld en verwerkt, om zo milieuschade te voorkomen.<\/p>\n<h2>Waarom is een Valorlub-vergoeding nodig?<\/h2>\n<p>De vergoeding, vergelijkbaar met een BTW, is wettelijk verplicht voor de verkoop van bepaalde olieproducten. Deze vergoeding draagt bij aan de financiering van de inzameling, recyclage en de juiste verwijdering van afvaloli\u00ebn, in lijn met milieubeschermingsregelgeving.<\/p>\n<h2>Hoe be\u00efnvloedt het onze prijzen?<\/h2>\n<p>Bij Ingelbeen-Soete zijn we toegewijd aan het naleven van milieuvoorschriften. Daarom wordt de Valorlub-vergoeding toegevoegd aan de prijzen van toepasselijke producten zoals wettelijk vereist. Dit zorgt ervoor dat alle gerelateerde milieuprocessen effici\u00ebnt gefinancierd en beheerd worden.<\/p>\n<p>Voor meer informatie over hoe Valorlub bijdraagt aan duurzaamheid en milieubescherming, bezoek hun offici\u00eble website <a href=\"https:\/\/valorlub.be\/\" target=\"_blank\" rel=\"noopener\">https:\/\/valorlub.be\/<\/a>.[\/vc_column_text][vc_empty_space][\/vc_column][\/vc_row]<\/p>\n<\/div>","protected":false},"excerpt":{"rendered":"<p>[vc_row][vc_column][vc_empty_space][vc_column_text css=&#8221;&#8221;] Valorlub Valorlub is een erkende milieuorganisatie in Belgi\u00eb, verantwoordelijk voor het inzamelen en&#8230;<\/p>\n","protected":false},"author":1,"featured_media":0,"parent":0,"menu_order":0,"comment_status":"closed","ping_status":"closed","template":"","meta":{"_acf_changed":false,"inline_featured_image":false,"footnotes":""},"class_list":["post-10584","page","type-page","status-publish","hentry"],"acf":[],"_links":{"self":[{"href":"https:\/\/webshop.ingelbeen.be\/nl\/wp-json\/wp\/v2\/pages\/10584","targetHints":{"allow":["GET"]}}],"collection":[{"href":"https:\/\/webshop.ingelbeen.be\/nl\/wp-json\/wp\/v2\/pages"}],"about":[{"href":"https:\/\/webshop.ingelbeen.be\/nl\/wp-json\/wp\/v2\/types\/page"}],"author":[{"embeddable":true,"href":"https:\/\/webshop.ingelbeen.be\/nl\/wp-json\/wp\/v2\/users\/1"}],"replies":[{"embeddable":true,"href":"https:\/\/webshop.ingelbeen.be\/nl\/wp-json\/wp\/v2\/comments?post=10584"}],"version-history":[{"count":2,"href":"https:\/\/webshop.ingelbeen.be\/nl\/wp-json\/wp\/v2\/pages\/10584\/revisions"}],"predecessor-version":[{"id":10586,"href":"https:\/\/webshop.ingelbeen.be\/nl\/wp-json\/wp\/v2\/pages\/10584\/revisions\/10586"}],"wp:attachment":[{"href":"https:\/\/webshop.ingelbeen.be\/nl\/wp-json\/wp\/v2\/media?parent=10584"}],"curies":[{"name":"wp","href":"https:\/\/api.w.org\/{rel}","templated":true}]}}