{"id":10714,"date":"2024-05-10T12:40:05","date_gmt":"2024-05-10T11:40:05","guid":{"rendered":"https:\/\/ingelbeen.kneet.be\/?page_id=10714"},"modified":"2024-06-23T15:33:20","modified_gmt":"2024-06-23T14:33:20","slug":"daf","status":"publish","type":"page","link":"https:\/\/webshop.ingelbeen.be\/nl\/daf\/","title":{"rendered":"DAF"},"content":{"rendered":"<div class=\"wpb-content-wrapper\"><p>[vc_row css=&#8221;.vc_custom_1715341338098{background-image: url(https:\/\/webshop.ingelbeen.be\/wp-content\/uploads\/2024\/05\/New-Generation-DAF-XF-450-awarded-Green-Truck-2023-HH.jpeg?id=10457) !important;background-position: center !important;background-repeat: no-repeat !important;background-size: cover !important;}&#8221;][vc_column][vc_empty_space height=&#8221;420px&#8221;][\/vc_column][\/vc_row][vc_row][vc_column][vc_empty_space][vc_column_text css=&#8221;&#8221;]<\/p>\n<h1>DAF Truckolie en DAF Busolie<\/h1>\n<p>DAF trucks, bussen en andere commerci\u00eble voertuigen kunnen profiteren van krachtige Mobil Delvac\u2122 synthetische oli\u00ebn die specifiek zijn geformuleerd om te voldoen aan de DAF Extended Drain-specificaties. Er is een breed scala aan Mobil Delvac-oli\u00ebn waarop u kunt vertrouwen.<\/p>\n<h2>Daf Extended Drain Oli\u00ebn<\/h2>\n<p>Mobil Delvac 1 LE 5W-30 is een volledig synthetische low SAPS dieselmotorolie die is goedgekeurd door DAF en voldoet aan de DAF Extended Drain oliespecificatie. Het biedt zowel het potentieel om brandstof te besparen als langere verversingsintervallen.<br \/>\nMobil Delvac XHP Ultra LE 5W-30 is een synthetische, extra krachtige dieselmotorolie goedgekeurd voor DAF Extended Drain. Het biedt uitstekende bescherming en brandstofbesparing voor moderne, hoog presterende dieselmotoren die worden gebruikt in zware vrachttransporttoepassingen.<\/p>\n<p>Mobil Delvac XHP ESP M 10W-40 is een synthetische, extra krachtige low SAPS dieselmotorolie die is goedgekeurd door DAF en voldoet aan de DAF Extended Drain oliespecificatie. Het biedt geavanceerde bescherming voor de motor en het emissiesysteem wanneer het wordt gebruikt in zware vrachttransporttoepassingen.<\/p>\n<h2>Hoe kunt u geld besparen met Mobil Delvac 1\u2122?<\/h2>\n<p>Volledig synthetische oli\u00ebn zoals Mobil Delvac 1 circuleren soepeler door een DAF-motor dan traditionele minerale oli\u00ebn, waardoor de motor effici\u00ebnter wordt. Mobil Delvac 1 werkt ook sneller, zodat uw motor sneller maximale effici\u00ebntie bereikt. Beide voordelen betekenen een beter brandstofverbruik voor uw vloot van lichte of zware bedrijfsvoertuigen, zodat u geld kunt besparen op uw brandstofkosten.<\/p>\n<h2>Hoe ondersteunt Mobil Delvac mijn Euro IV, Euro V of Euro VI compatibele DAF-motoren?<\/h2>\n<p>Mobil Delvac 1 LE 5W-30, Mobil Delvac XHP ESP M 10W-40 en Mobil Delvac XHP Ultra LE 5W-30 met Emission System Protection bevatten geavanceerde additieven die deskundig zijn ontworpen om de levensduur te verlengen en de effici\u00ebntie van emissiereductiesystemen zoals het DAF dieselpartikelfilter (DPF) te maximaliseren. Het dieselpartikelfilter (DPF) wordt gebruikt om te voldoen aan de eisen van de Euro IV, Euro V en Euro VI emissienormen.<\/p>\n<h2>Hoe kan ik de juiste motorolie vinden voor mijn DAF bedrijfsvoertuig?<\/h2>\n<p>Het gebruik van de juiste olie in uw truck of lichte bedrijfsvoertuig is belangrijk om aan de DAF-specificaties te voldoen. Het gebruik van het juiste Mobil Delvac-product tijdens routinematig onderhoud en in overeenstemming met de handleiding van uw voertuig heeft geen invloed op de fabrieksgarantie van DAF. U kunt een aanbeveling krijgen voor het juiste product door onze productselector-tool te gebruiken en te zoeken op merk en model.[\/vc_column_text][\/vc_column][\/vc_row]<\/p>\n<\/div>","protected":false},"excerpt":{"rendered":"<p>[vc_row css=&#8221;.vc_custom_1715341338098{background-image: url(https:\/\/webshop.ingelbeen.be\/wp-content\/uploads\/2024\/05\/New-Generation-DAF-XF-450-awarded-Green-Truck-2023-HH.jpeg?id=10457) !important;background-position: center !important;background-repeat: no-repeat !important;background-size: cover !important;}&#8221;][vc_column][vc_empty_space height=&#8221;420px&#8221;][\/vc_column][\/vc_row][vc_row][vc_column][vc_empty_space][vc_column_text css=&#8221;&#8221;] DAF Truckolie en&#8230;<\/p>\n","protected":false},"author":1,"featured_media":0,"parent":0,"menu_order":0,"comment_status":"closed","ping_status":"closed","template":"","meta":{"_acf_changed":false,"inline_featured_image":false,"footnotes":""},"class_list":["post-10714","page","type-page","status-publish","hentry"],"acf":[],"_links":{"self":[{"href":"https:\/\/webshop.ingelbeen.be\/nl\/wp-json\/wp\/v2\/pages\/10714","targetHints":{"allow":["GET"]}}],"collection":[{"href":"https:\/\/webshop.ingelbeen.be\/nl\/wp-json\/wp\/v2\/pages"}],"about":[{"href":"https:\/\/webshop.ingelbeen.be\/nl\/wp-json\/wp\/v2\/types\/page"}],"author":[{"embeddable":true,"href":"https:\/\/webshop.ingelbeen.be\/nl\/wp-json\/wp\/v2\/users\/1"}],"replies":[{"embeddable":true,"href":"https:\/\/webshop.ingelbeen.be\/nl\/wp-json\/wp\/v2\/comments?post=10714"}],"version-history":[{"count":2,"href":"https:\/\/webshop.ingelbeen.be\/nl\/wp-json\/wp\/v2\/pages\/10714\/revisions"}],"predecessor-version":[{"id":10716,"href":"https:\/\/webshop.ingelbeen.be\/nl\/wp-json\/wp\/v2\/pages\/10714\/revisions\/10716"}],"wp:attachment":[{"href":"https:\/\/webshop.ingelbeen.be\/nl\/wp-json\/wp\/v2\/media?parent=10714"}],"curies":[{"name":"wp","href":"https:\/\/api.w.org\/{rel}","templated":true}]}}