{"id":10727,"date":"2024-05-10T13:17:17","date_gmt":"2024-05-10T12:17:17","guid":{"rendered":"https:\/\/ingelbeen.kneet.be\/?page_id=10727"},"modified":"2024-06-23T15:43:02","modified_gmt":"2024-06-23T14:43:02","slug":"renault","status":"publish","type":"page","link":"https:\/\/webshop.ingelbeen.be\/nl\/renault\/","title":{"rendered":"Renault"},"content":{"rendered":"<div class=\"wpb-content-wrapper\"><p>[vc_row css=&#8221;.vc_custom_1715343248081{background-image: url(https:\/\/webshop.ingelbeen.be\/wp-content\/uploads\/2024\/05\/nieuwe_renault_T.jpeg?id=10481) !important;background-position: center !important;background-repeat: no-repeat !important;background-size: cover !important;}&#8221;][vc_column][vc_empty_space height=&#8221;420px&#8221;][\/vc_column][\/vc_row][vc_row][vc_column][vc_empty_space][vc_column_text css=&#8221;&#8221;]<\/p>\n<h1>Renault truckolie en Renault busolie<\/h1>\n<p>Renault trucks en andere bedrijfsvoertuigen kunnen profiteren van krachtige Mobil Delvac\u2122 synthetische oli\u00ebn die specifiek zijn geformuleerd om te voldoen aan de Renault-specificaties. Voor Renault truckolie is er een breed scala aan Mobil Delvac-oli\u00ebn waarop u kunt vertrouwen.<\/p>\n<h2>Renault RXD, RGD, RLD-3 en RLD-2 goedgekeurde oli\u00ebn<\/h2>\n<p>Mobil Delvac 1 LE 5W-30 is een volledig synthetische low SAPS dieselmotorolie die is goedgekeurd door Renault en voldoet aan de Renault RXD, Renault RGD, Renault RLD-3 en Renault RLD-2 oliespecificaties. Deze olie biedt zowel de mogelijkheid om brandstof te besparen als langere verversingsintervallen.<br \/>\nMobil Delvac XHP ESP M 10W-40 is een synthetische, extra krachtige low SAPS dieselmotorolie die is goedgekeurd door Renault en voldoet aan de Renault RXD, Renault RGD, Renault RLD-3 en Renault RLD-2 oliespecificaties. Deze motorolie biedt geavanceerde bescherming voor de motor en het emissiesysteem wanneer het wordt gebruikt in zware vrachttransporttoepassingen.<\/p>\n<h2>Renault RXD en RLD-2 goedgekeurde oli\u00ebn<\/h2>\n<p>Mobil Delvac 1 5W-40 is een hoog presterende synthetische dieselmotorolie goedgekeurd door Renault die voldoet aan de Renault RXD en Renault RLD-2 oliespecificaties. Het biedt langere verversingsintervallen en een lange levensduur voor zware dieselmotoren.<\/p>\n<h2>Renault RXD goedgekeurde oli\u00ebn<\/h2>\n<p>Mobil Delvac XHP Extra 10W-40 is een synthetische extra hoog presterende dieselmotorolie die is goedgekeurd door Renault en voldoet aan de Renault RXD oliespecificatie. Het biedt langere verversingsintervallen in moderne zware en industri\u00eble dieselmotoren.<\/p>\n<h2>Renault RLD en RLD-2 goedgekeurde oli\u00ebn<\/h2>\n<p>Mobil Delvac MX 15W-40 is een hoog presterende dieselmotorolie die is goedgekeurd door Renault en voldoet aan de Renault RLD en RLD-2 oliespecificaties. Deze motorolie biedt uitstekende smering voor de hedendaagse dieselmotoren en bevordert een lange levensduur van de motor.<\/p>\n<h2>Renault RD en RD-2 goedgekeurde oli\u00ebn<\/h2>\n<p>Mobil Delvac Super 1400E 15W-40 is een hoog presterende dieselmotorolie goedgekeurd door Renault die voldoet aan de Renault RD en RD-2 oliespecificaties. Het biedt bescherming voor dieselmotoren die werken onder zware omstandigheden voor zowel weg- als off-roadtoepassingen.<\/p>\n<h2>Hoe kunt u geld besparen met Mobil Delvac 1\u2122?<\/h2>\n<p>Volledig synthetische oli\u00ebn zoals Mobil Delvac 1 circuleren gemakkelijker door een Renault-motor dan traditionele minerale oli\u00ebn, waardoor deze effici\u00ebnter wordt. Mobil Delvac 1 werkt ook sneller, zodat uw motor sneller maximale effici\u00ebntie bereikt. Beide voordelen betekenen een beter brandstofverbruik voor uw vloot van lichte of zware bedrijfsvoertuigen, zodat u geld kunt besparen op uw brandstofkosten.<\/p>\n<h2>Hoe ondersteunt Mobil Delvac mijn Euro IV, Euro V of Euro VI compatibele Renault motoren?<\/h2>\n<p>Mobil Delvac 1 LE 5W-30, Mobil Delvac XHP ESP M 10W-40 en Mobil Delvac 1 5W-40 met Emission System Protection bevatten geavanceerde additieven die deskundig zijn ontworpen om de levensduur te verlengen en de effici\u00ebntie van emissiereductiesystemen zoals het Renault dieselpartikelfilter (DPF) te optimaliseren. Het dieselpartikelfilter (DPF) wordt gebruikt om te voldoen aan de eisen van de Euro IV, Euro V en Euro VI emissienormen.<\/p>\n<h2>Hoe kan ik de juiste motorolie vinden voor mijn Renault bedrijfsvoertuig?<\/h2>\n<p>Het gebruik van de juiste olie in uw truck of lichte bedrijfsvoertuig is belangrijk om aan de Renault-specificaties te voldoen. Het gebruik van het juiste Mobil Delvac-product tijdens routinematig onderhoud en volgens de handleiding van uw voertuig heeft geen invloed op de fabrieksgarantie van Renault. U kunt een aanbeveling krijgen voor het juiste product door onze productselector-tool te gebruiken en te zoeken op merk en model.[\/vc_column_text][\/vc_column][\/vc_row]<\/p>\n<\/div>","protected":false},"excerpt":{"rendered":"<p>[vc_row css=&#8221;.vc_custom_1715343248081{background-image: url(https:\/\/webshop.ingelbeen.be\/wp-content\/uploads\/2024\/05\/nieuwe_renault_T.jpeg?id=10481) !important;background-position: center !important;background-repeat: no-repeat !important;background-size: cover !important;}&#8221;][vc_column][vc_empty_space height=&#8221;420px&#8221;][\/vc_column][\/vc_row][vc_row][vc_column][vc_empty_space][vc_column_text css=&#8221;&#8221;] Renault truckolie en&#8230;<\/p>\n","protected":false},"author":1,"featured_media":0,"parent":0,"menu_order":0,"comment_status":"closed","ping_status":"closed","template":"","meta":{"_acf_changed":false,"inline_featured_image":false,"footnotes":""},"class_list":["post-10727","page","type-page","status-publish","hentry"],"acf":[],"_links":{"self":[{"href":"https:\/\/webshop.ingelbeen.be\/nl\/wp-json\/wp\/v2\/pages\/10727","targetHints":{"allow":["GET"]}}],"collection":[{"href":"https:\/\/webshop.ingelbeen.be\/nl\/wp-json\/wp\/v2\/pages"}],"about":[{"href":"https:\/\/webshop.ingelbeen.be\/nl\/wp-json\/wp\/v2\/types\/page"}],"author":[{"embeddable":true,"href":"https:\/\/webshop.ingelbeen.be\/nl\/wp-json\/wp\/v2\/users\/1"}],"replies":[{"embeddable":true,"href":"https:\/\/webshop.ingelbeen.be\/nl\/wp-json\/wp\/v2\/comments?post=10727"}],"version-history":[{"count":2,"href":"https:\/\/webshop.ingelbeen.be\/nl\/wp-json\/wp\/v2\/pages\/10727\/revisions"}],"predecessor-version":[{"id":10729,"href":"https:\/\/webshop.ingelbeen.be\/nl\/wp-json\/wp\/v2\/pages\/10727\/revisions\/10729"}],"wp:attachment":[{"href":"https:\/\/webshop.ingelbeen.be\/nl\/wp-json\/wp\/v2\/media?parent=10727"}],"curies":[{"name":"wp","href":"https:\/\/api.w.org\/{rel}","templated":true}]}}