{"id":10732,"date":"2024-05-10T13:24:06","date_gmt":"2024-05-10T12:24:06","guid":{"rendered":"https:\/\/ingelbeen.kneet.be\/?page_id=10732"},"modified":"2024-06-23T15:46:35","modified_gmt":"2024-06-23T14:46:35","slug":"volvo","status":"publish","type":"page","link":"https:\/\/webshop.ingelbeen.be\/nl\/volvo\/","title":{"rendered":"Volvo"},"content":{"rendered":"<div class=\"wpb-content-wrapper\"><p>[vc_row css=&#8221;.vc_custom_1715343758763{background-image: url(https:\/\/webshop.ingelbeen.be\/wp-content\/uploads\/2024\/05\/high-res-08A3977-FH-4&#215;2-semi-trailer-long-haul-on-road.jpeg?id=10493) !important;background-position: center !important;background-repeat: no-repeat !important;background-size: cover !important;}&#8221;][vc_column][vc_empty_space height=&#8221;420px&#8221;][\/vc_column][\/vc_row][vc_row][vc_column][vc_empty_space][vc_column_text css=&#8221;&#8221;]<\/p>\n<h1>Volvo Truckolie en Volvo Busolie<\/h1>\n<p>Volvo trucks, bussen en andere bedrijfsvoertuigen kunnen profiteren van krachtige Mobil Delvac\u2122 synthetische oli\u00ebn die specifiek zijn geformuleerd om te voldoen aan de Volvo VDS-3 specificaties. Van een Volvo FH 12 olie of een B7R busolie tot een Volvo EW180C graafmachineolie, er is een breed scala aan Mobil Delvac-oli\u00ebn waarop u kunt vertrouwen.<\/p>\n<h2>Volvo VDS 4.5, Volvo VDS 4 &amp; Volvo VDS 3 oli\u00ebn<\/h2>\n<p>Mobil Delvac MX ESP 15W-40 is een extra krachtige dieselmotorolie goedgekeurd voor Volvo VDS 4.5, Volvo VDS 4 en Volvo VDS 3 oli\u00ebn, die uitstekende bescherming biedt in de meest veeleisende dieselmotoren.<br \/>\nMobil Delvac MX ESP 10W-30 is een extra krachtige dieselmotorolie goedgekeurd voor Volvo VDS 4.5, Volvo VDS 4 en Volvo VDS 3 oli\u00ebn, die uitstekende bescherming biedt in de meest veeleisende dieselmotoren.<\/p>\n<h2>Volvo VDS-4 &amp; Volvo VDS-3 oli\u00ebn<\/h2>\n<p>Mobil Delvac 1 LE 5W-30 is een volledig synthetische low SAPS dieselmotorolie die is goedgekeurd door Volvo en voldoet aan de Volvo VDS-4 en Volvo VDS-3 oliespecificatie. Het biedt zowel het potentieel om brandstof te besparen als langere verversingsintervallen.<br \/>\nMobil Delvac XHP ESP M 10W-40 is een synthetische, extra krachtige low SAPS dieselmotorolie die is goedgekeurd door Volvo en voldoet aan de Volvo VDS-4 en Volvo VDS-3 oliespecificatie. Het biedt geavanceerde bescherming voor de motor en het emissiesysteem wanneer het wordt gebruikt in zware vrachttransporttoepassingen.<\/p>\n<h2>Volvo VDS-3 en Volvo VDS-2 oli\u00ebn<\/h2>\n<p>Mobil Delvac 1 5W-40 is een volledig synthetische dieselmotorolie goedgekeurd voor Volvo VDS-3 en Volvo VDS-2 oli\u00ebn die uitzonderlijke prestaties levert met uitstekende bescherming tegen hoge en lage temperaturen.<br \/>\nMobil Delvac XHP Extra 10W-40 is een synthetische extra krachtige dieselmotorolie goedgekeurd door Volvo die voldoet aan de Volvo VDS-3 en Volvo VDS-2 oliespecificaties. Het biedt langere verversingsintervallen in moderne zware en industri\u00eble dieselmotoren.<\/p>\n<p>Mobil Delvac MX 15W-40 is een hoog presterende dieselmotorolie goedgekeurd door Volvo die voldoet aan de Volvo VDS-3 en Volvo VDS-2 oliespecificaties. Het biedt uitstekende smering voor de hedendaagse dieselmotoren en bevordert een lange levensduur van de motor.<\/p>\n<h2>Volvo VDS-2 oli\u00ebn<\/h2>\n<p>Mobil Delvac Super 1400E 15W-40 is een hoog presterende dieselmotorolie goedgekeurd door Volvo die voldoet aan de Volvo VDS-2 oliespecificatie. Het biedt bescherming voor dieselmotoren die werken onder zware omstandigheden voor zowel weg- als off-roadtoepassingen.<\/p>\n<h2>Hoe kunt u geld besparen met Mobil Delvac 1\u2122?<\/h2>\n<p>Volledig synthetische oli\u00ebn zoals Mobil Delvac 1 circuleren gemakkelijker door een Volvo-motor dan traditionele minerale oli\u00ebn, waardoor de motor effici\u00ebnter wordt. Mobil Delvac 1 werkt ook sneller, zodat uw motor sneller maximale effici\u00ebntie bereikt. Beide voordelen betekenen een beter brandstofverbruik voor uw vloot van lichte of zware bedrijfsvoertuigen, zodat u geld kunt besparen op uw brandstofkosten.<\/p>\n<h2>Hoe ondersteunt Mobil Delvac mijn Euro IV, Euro V of Euro VI compatibele Volvo motoren?<\/h2>\n<p>Mobil Delvac 1 LE 5W-30 en Mobil Delvac XHP ESP M 10W-40 met Emission System Protection bevatten geavanceerde additieven die deskundig zijn ontworpen om de levensduur te verlengen en de effici\u00ebntie van emissiereductiesystemen zoals het Volvo dieselpartikelfilter (DPF) te maximaliseren. Het dieselpartikelfilter (DPF) wordt gebruikt om te voldoen aan de eisen van de Euro IV, Euro V en Euro VI emissienormen.<\/p>\n<h2>Hoe kan ik de juiste motorolie vinden voor mijn Volvo bedrijfsvoertuig?<\/h2>\n<p>Het gebruik van de juiste olie in uw truck of lichte bedrijfsvoertuig is belangrijk om aan de Volvo-specificaties te voldoen. Het gebruik van het juiste Mobil Delvac-product tijdens routinematig onderhoud en in overeenstemming met de handleiding van uw voertuig heeft geen invloed op de fabrieksgarantie van Volvo. U kunt een aanbeveling krijgen voor het juiste product door onze productselector-tool te gebruiken en te zoeken op merk en model.[\/vc_column_text][\/vc_column][\/vc_row]<\/p>\n<\/div>","protected":false},"excerpt":{"rendered":"<p>[vc_row css=&#8221;.vc_custom_1715343758763{background-image: url(https:\/\/webshop.ingelbeen.be\/wp-content\/uploads\/2024\/05\/high-res-08A3977-FH-4&#215;2-semi-trailer-long-haul-on-road.jpeg?id=10493) !important;background-position: center !important;background-repeat: no-repeat !important;background-size: cover !important;}&#8221;][vc_column][vc_empty_space height=&#8221;420px&#8221;][\/vc_column][\/vc_row][vc_row][vc_column][vc_empty_space][vc_column_text css=&#8221;&#8221;] Volvo Truckolie en&#8230;<\/p>\n","protected":false},"author":1,"featured_media":0,"parent":0,"menu_order":0,"comment_status":"closed","ping_status":"closed","template":"","meta":{"_acf_changed":false,"inline_featured_image":false,"footnotes":""},"class_list":["post-10732","page","type-page","status-publish","hentry"],"acf":[],"_links":{"self":[{"href":"https:\/\/webshop.ingelbeen.be\/nl\/wp-json\/wp\/v2\/pages\/10732","targetHints":{"allow":["GET"]}}],"collection":[{"href":"https:\/\/webshop.ingelbeen.be\/nl\/wp-json\/wp\/v2\/pages"}],"about":[{"href":"https:\/\/webshop.ingelbeen.be\/nl\/wp-json\/wp\/v2\/types\/page"}],"author":[{"embeddable":true,"href":"https:\/\/webshop.ingelbeen.be\/nl\/wp-json\/wp\/v2\/users\/1"}],"replies":[{"embeddable":true,"href":"https:\/\/webshop.ingelbeen.be\/nl\/wp-json\/wp\/v2\/comments?post=10732"}],"version-history":[{"count":2,"href":"https:\/\/webshop.ingelbeen.be\/nl\/wp-json\/wp\/v2\/pages\/10732\/revisions"}],"predecessor-version":[{"id":10734,"href":"https:\/\/webshop.ingelbeen.be\/nl\/wp-json\/wp\/v2\/pages\/10732\/revisions\/10734"}],"wp:attachment":[{"href":"https:\/\/webshop.ingelbeen.be\/nl\/wp-json\/wp\/v2\/media?parent=10732"}],"curies":[{"name":"wp","href":"https:\/\/api.w.org\/{rel}","templated":true}]}}