{"id":8677,"date":"2024-04-30T13:10:54","date_gmt":"2024-04-30T12:10:54","guid":{"rendered":"https:\/\/ingelbeen.kneet.be\/product\/mobilube-gx-a-80w\/"},"modified":"2024-06-26T16:09:41","modified_gmt":"2024-06-26T15:09:41","slug":"mobilube-gx-a-80w","status":"publish","type":"product","link":"https:\/\/webshop.ingelbeen.be\/nl\/product\/mobilube-gx-a-80w\/","title":{"rendered":"Mobilube GX-A 80W"},"content":{"rendered":"<div class=\"productdetails wissen\">\n<div class=\"productkenmerkbeschrijving\">\n<div class=\"waardebeschrijving\">\n<p> Mobilube GX-A 80W is een tandwielolie voor auto&#8217;s, samengesteld uit hoogwaardige basisoli\u00ebn en een geavanceerd additievensysteem. \u00a0Dit smeermiddel is ontwikkeld voor commerci\u00eble transmissies, assen en eindaandrijvingen waarbij bescherming tegen slijtage en krassen vereist is.\u00a0\u00a0Het wordt door ExxonMobil aanbevolen voor gebruik in Mercedes Benz-toepassingen waar MB-goedkeuring 235.1 vereist is en in toepassingen waar API GL-4-service vereist is.<\/p><\/div><\/div><\/div>\n<h2>Functie en potenti\u00eble voordelen<\/h2>\n<p> De hedendaagse aandrijflijntoepassingen stellen hogere prestatie-eisen aan smeermiddelen. Hogere snelheden, hoger koppel en zwaardere belastingen vereisen verbeterde formuleringen om de levensduur van de apparatuur te maximaliseren en de bedrijfskosten te optimaliseren. Langere onderhoudsintervallen stellen extra eisen aan het tandwielsmeermiddel, waardoor effectieve basisolie- en additiefsystemen nodig zijn. Mobilube GX-A 80W is ontworpen om deze uitdagingen aan te gaan. De belangrijkste voordelen zijn onder meer:<\/p>\n<table class=\"tabel table-striped\">\n <thoofd>\n<tr>\n<th>Functies<\/th>\n<th>Voordelen en potenti\u00eble voordelen<\/th>\n<\/tr>\n<\/thead>\n<p> <tlichaam><\/p>\n<tr>\n<td>Goede thermische stabiliteit en weerstand tegen oxidatie bij hoge temperaturen<\/td>\n<td>Lange levensduur van tandwielen en lagers dankzij minimale afzettingen, lange levensduur van afdichtingen<\/td>\n<\/tr>\n<tr>\n<td>Uitstekende bescherming tegen roest en corrosie<\/td>\n<td>Lange levensduur van de componenten<\/td>\n<\/tr>\n<tr>\n<td>Goede smering bij lage temperaturen<\/td>\n<td>Gereduceerde slijtage bij het opstarten en gemakkelijker opstarten<\/td>\n<\/tr>\n<tr>\n<td>Compatibel met typische auto-afdichtingen en pakkingen<\/td>\n<td>Minimale lekkage en verminderde vervuiling<\/td>\n<\/tr>\n<p> <\/tlichaam><br \/>\n <\/tabel><\/p>\n<h2>Toepassingen<\/h2>\n<p> <strong>Aanbevolen door ExxonMobil voor gebruik in:<\/strong><\/p>\n<ul>\n<li>Handmatige transmissies en aandrijfassen die prestaties op API GL-4-niveau vereisen<\/li>\n<li>Passagiersauto&#8217;s, lichte en zware vrachtwagens op de snelweg en bedrijfsvoertuigen<\/li>\n<li>Terreinindustrie\u00ebn, waaronder: bouw, steengroeven en landbouw<\/li>\n<li>Andere industri\u00eble, commerci\u00eble en automobieltoepassingen, waaronder hypo\u00efde tandwielen die werken onder matige tot zware bedrijfsomstandigheden<\/li>\n<\/ul>\n<h2>Specificaties en goedkeuringen<\/h2>\n<h3>Voldoet aan of overtreft de vereisten van<\/h3>\n<ul>\n<li>RBAS TE-ML 08<\/li>\n<\/ul>\n<h3>Dit product voldoet aan de eisen volgens Exxonmobil<\/h3>\n<ul>\n<li>API GL-4<\/li>\n<li>MAN 341 Typ Z1<\/li>\n<\/ul>\n<h3>Dit product heeft de volgende bouwergoedkeuringen<\/h3>\n<ul>\n<li>MB-goedkeuring 235.1<\/li>\n<li>ZF TE-ML 17A<\/li>\n<\/ul>\n","protected":false},"excerpt":{"rendered":"<p>Mobilube GX-A 80W is een versnellingsbakolie samengesteld uit hoogwaardige basisoli\u00ebn en een geavanceerd additievensysteem. <\/p>\n","protected":false},"featured_media":10104,"template":"","meta":{"_acf_changed":false,"inline_featured_image":false},"product_brand":[],"product_cat":[209],"product_tag":[],"class_list":{"0":"post-8677","1":"product","2":"type-product","3":"status-publish","4":"has-post-thumbnail","6":"product_cat-transmissie-en-atf-olie","8":"first","9":"instock","10":"taxable","11":"shipping-taxable","12":"purchasable","13":"product-type-simple"},"acf":[],"_links":{"self":[{"href":"https:\/\/webshop.ingelbeen.be\/nl\/wp-json\/wp\/v2\/product\/8677","targetHints":{"allow":["GET"]}}],"collection":[{"href":"https:\/\/webshop.ingelbeen.be\/nl\/wp-json\/wp\/v2\/product"}],"about":[{"href":"https:\/\/webshop.ingelbeen.be\/nl\/wp-json\/wp\/v2\/types\/product"}],"wp:featuredmedia":[{"embeddable":true,"href":"https:\/\/webshop.ingelbeen.be\/nl\/wp-json\/wp\/v2\/media\/10104"}],"wp:attachment":[{"href":"https:\/\/webshop.ingelbeen.be\/nl\/wp-json\/wp\/v2\/media?parent=8677"}],"wp:term":[{"taxonomy":"product_brand","embeddable":true,"href":"https:\/\/webshop.ingelbeen.be\/nl\/wp-json\/wp\/v2\/product_brand?post=8677"},{"taxonomy":"product_cat","embeddable":true,"href":"https:\/\/webshop.ingelbeen.be\/nl\/wp-json\/wp\/v2\/product_cat?post=8677"},{"taxonomy":"product_tag","embeddable":true,"href":"https:\/\/webshop.ingelbeen.be\/nl\/wp-json\/wp\/v2\/product_tag?post=8677"}],"curies":[{"name":"wp","href":"https:\/\/api.w.org\/{rel}","templated":true}]}}