{"id":8871,"date":"2024-04-30T13:10:49","date_gmt":"2024-04-30T12:10:49","guid":{"rendered":"https:\/\/ingelbeen.kneet.be\/product\/mobilgear-shc-xmp-320-2\/"},"modified":"2024-06-26T16:09:31","modified_gmt":"2024-06-26T15:09:31","slug":"mobilgear-shc-xmp-320-2","status":"publish","type":"product","link":"https:\/\/webshop.ingelbeen.be\/nl\/product\/mobilgear-shc-xmp-320-2\/","title":{"rendered":"Mobilgear SHC XMP 320"},"content":{"rendered":"<div class=\"productdetails wissen\">\n<div class=\"productkenmerkbeschrijving\">\n<div class=\"waardebeschrijving\">\n<p> Mobilgear\u2122 SHC XMP-serie Hoogwaardige, synthetische industri\u00eble tandwieloli\u00ebn zijn ontworpen om optimale bescherming van apparatuur en levensduur van de olie te bieden, zelfs onder extreme omstandigheden. Mobil&#8217;s polyalfaolefine (PAO) technologie is geselecteerd vanwege zijn uitzonderlijke oxidatieweerstand en thermische eigenschappen, natuurlijke hoge viscositeitsindex, uitstekende vloeibaarheid bij lage temperaturen en afwezigheid van ongewenste verbindingen die vaak worden aangetroffen in minerale oli\u00ebn. De hoge viscositeitsindex en de lage tractieco\u00ebffici\u00ebnt van deze olie zorgen samen voor een aanzienlijke vermindering van het energieverbruik bij veel tandwielaandrijvingen. De smeermiddelen uit de Mobilgear SHC XMP-serie bevatten een geavanceerd en zorgvuldig gemengd eigen additiefsysteem dat is ontworpen om uitstekende bescherming te bieden tegen conventionele slijtage, zoals schuren, en een hoge mate van weerstand tegen micropitting-vermoeidheid. Bovendien bieden ze, vergeleken met conventionele tandwieloliechemie, het potentieel voor een verbeterde smering van wentellagers van versnellingsbakken. Producten uit de Mobilgear SHC XMP-serie bieden uitstekende bescherming tegen roest en corrosie in toepassingen waar bescherming tegen zout en zuur water vereist is. Deze producten bieden een uitstekende filterlevensduur, zelfs als ze matig nat zijn, en zijn uitstekend compatibel met ferro- en non-ferrometalen, zelfs bij hoge temperaturen.<\/p>\n<p> Mobilgear SHC XMP-smeermiddelen worden aanbevolen voor gesloten industri\u00eble tandwielaandrijvingen, waaronder staal-op-staal rechte, spiraalvormige en kegeltandwielen. Ze worden ten zeerste aanbevolen in toepassingen die onderhevig kunnen zijn aan micropitting: vooral zwaar belaste tandwielkasten met oppervlaktegeharde tandmetallurgie\u00ebn. Ze kunnen ook worden gebruikt in tandwieltoepassingen waar extreem lage en\/of hoge temperaturen voorkomen en toepassingen waar corrosie ernstig kan zijn.<\/p>\n<p> Vanwege hun unieke mix van eigenschappen, waaronder weerstand tegen micropitting-slijtage, en hun prestaties in zware toepassingen en een breed temperatuurbereik, genieten de producten van de Mobilgear SHC XMP-serie een groeiende reputatie bij klanten en OEM&#8217;s over de hele wereld.<\/p><\/div><\/div><\/div>\n<h2>Functie en potenti\u00eble voordelen<\/h2>\n<p> De smeermiddelen van het merk Mobil, aangeduid als SHC, worden over de hele wereld erkend en gewaardeerd vanwege hun innovatie en uitstekende prestaties. Deze synthetische PAO-producten met moleculair ontwerp, ontwikkeld door onze onderzoekswetenschappers, symboliseren de voortdurende toewijding aan het gebruik van geavanceerde technologie om uitstekende producten te leveren. Een sleutelfactor bij de ontwikkeling van de Mobilgear SHC XMP-serie waren de nauwe contacten tussen onze wetenschappers en toepassingsspecialisten met belangrijke OEM&#8217;s om ervoor te zorgen dat ons productaanbod uitzonderlijke prestaties zal leveren met snel evoluerende ontwerpen en werking van industri\u00eble tandwielen.<\/p>\n<p> Ons werk met apparatuurbouwers heeft geholpen de resultaten van onze eigen laboratoriumtests te bevestigen die de uitzonderlijke prestaties van de Mobilgear SHC XMP-serie smeermiddelen aantonen. Niet in de laatste plaats een van de voordelen die blijkt uit het werk met OEM&#8217;s is het vermogen om micropitting-slijtage te weerstaan, die kan optreden bij sommige zwaarbelaste, geharde tandwieltoepassingen. Dit gezamenlijke werk demonstreerde ook de allround uitgebalanceerde prestatievoordelen voor de nieuwe Mobilgear SHC XMP-technologie, inclusief een breed temperatuurbereik.<\/p>\n<p> Om het probleem van micropitting-tandwielslijtage aan te pakken, hebben onze wetenschappers op het gebied van productformulering een gepatenteerde combinatie van additieven ontworpen die weerstand bieden aan traditionele tandwielslijtagemechanismen en bescherming bieden tegen micropitting. Onze samenstellers kozen voor gepatenteerde PAO-synthetische basisoli\u00ebn om een \u200b\u200buitzonderlijke olielevensduur en beheersing van afzettingen en weerstand tegen thermische\/oxidatieve en chemische degradatie te bieden, evenals de balans tussen de prestatiekenmerken. De wasvrije aard van de synthetische basisolie zorgt ook voor vloeibaarheidseigenschappen bij lage temperaturen die onge\u00ebvenaard zijn door minerale producten en is een belangrijk voordeel voor toepassingen op afstand, bij lage omgevingstemperaturen. De smeermiddelen uit de Mobilgear SHC XMP-serie bieden de volgende voordelen:<\/p>\n<table class=\"tabel table-striped\">\n <thoofd>\n<tr>\n<th>Functies<\/th>\n<th>Voordelen en potenti\u00eble voordelen<\/th>\n<\/tr>\n<\/thead>\n<p> <tlichaam><\/p>\n<tr>\n<td>Uitstekende bescherming tegen micropitting-vermoeidheidsslijtage en hoge weerstand tegen traditionele slijtage<\/td>\n<td>Verlengde levensduur van tandwielen en lagers in gesloten tandwielaandrijvingen die werken onder extreme omstandigheden van belasting, snelheid en temperatuur. Minder onverwachte stilstand en minder onderhoud &#8211; vooral van cruciaal belang voor moeilijk bereikbare versnellingsbakken.<\/td>\n<\/tr>\n<tr>\n<td>Uitstekende weerstand tegen degradatie bij hoge temperaturen<\/td>\n<td>Verlengde olielevensduur en verversingsintervallen verminderen het olieverbruik en de mankrachtkosten<\/td>\n<\/tr>\n<tr>\n<td>PAO-basiskolven met lage tractie voor verbeterde versnellingseffici\u00ebntie<\/td>\n<td>Verlaagd energieverbruik en lagere bedrijfstemperaturen<\/td>\n<\/tr>\n<tr>\n<td>Basisoli\u00ebn met een hoge viscositeitsindex verminderen de viscositeitsverandering met de temperatuur<\/td>\n<td>Mogelijkheid om te werken bij zowel hoge als lage temperaturen, vooral cruciaal in afgelegen toepassingen zonder olieverwarming of -koeling<\/td>\n<td><\/td>\n<\/tr>\n<tr>\n<td>Uitstekende weerstand tegen roest en corrosie en zeer goede waterafscheidendheid<\/td>\n<td>Soepele, probleemloze werking bij hoge temperaturen of in met water vervuilde toepassingen, Uitstekende compatibiliteit met zachte metalen<\/td>\n<\/tr>\n<tr>\n<td>Uitstekende levensduur van het filter, zelfs in aanwezigheid van water<\/td>\n<td>Minder filterwissels en lagere onderhoudskosten<\/td>\n<\/tr>\n<tr>\n<td>Uitstekende compatibiliteit met gangbare versnellingsbakmaterialen en met tandwieloli\u00ebn op minerale basis<\/td>\n<td>Eenvoudige conversie uit veel minerale producten<\/td>\n<\/tr>\n<p> <\/tlichaam><br \/>\n <\/tabel><\/p>\n<h2>Toepassingen<\/h2>\n<p> Toepassingsoverwegingen: Hoewel de Mobilgear SHC XMP-serie compatibel is met producten op basis van minerale olie, kan vermenging de prestaties ervan aantasten. Daarom wordt aanbevolen dat voordat u een systeem vervangt door een systeem uit de Mobilgear SHC XMP-serie, het grondig wordt gereinigd en gespoeld om de maximale prestatievoordelen te bereiken.<\/p>\n<p> De Mobilgear SHC XMP-serie, uiterst presterende, volledig synthetische industri\u00eble tandwieloli\u00ebn zijn ontworpen om optimale bescherming van apparatuur en olielevensduur te bieden, zelfs onder extreme omstandigheden. Ze zijn speciaal ontwikkeld om micropitting van moderne, geharde tandwielen te weerstaan \u200b\u200ben kunnen werken in zowel hoge als lage temperaturen.<\/p>\n<p> <strong>Typische toepassingen zijn onder meer:<\/strong><\/p>\n<ul>\n<li>Windturbines, vooral zwaarbelaste en schokbelaste eenheden, op afstand geplaatste eenheden en omgevingen met extreme temperaturen<\/li>\n<li>Kunststof extruderversnellingsbakken<\/li>\n<li>Moderne, zwaarbelaste versnellingsbakken die worden gebruikt in de papier-, staal-, olie-, textiel-, hout- en cementindustrie\u00ebn waar bescherming van de tandwielen en een optimale levensduur van de olie vereist zijn.<\/li>\n<\/ul>\n<h2>Specificaties en goedkeuringen<\/h2>\n<h3>Voldoet aan of overtreft de vereisten van<\/h3>\n<ul>\n<li>AGMA 9005-EO2EP<\/li>\n<li>DIN 51517-3, 2009-06<\/li>\n<\/ul>\n<div class=\"blokgerelateerd\" data-limit=\"0\" data-shuffle=\"0\"><\/div>\n","protected":false},"excerpt":{"rendered":"<p>De Mobilgear\u2122 SHC XMP serie bestaat uit high performance, synthetische, industri\u00eble tandwieloli\u00ebn, en zijn ontworpen voor optimale bescherming van de uitrusting en een lange levensduur, zelfs onder extreme voorwaarden.<\/p>\n","protected":false},"featured_media":10107,"template":"","meta":{"_acf_changed":false,"inline_featured_image":false},"product_brand":[],"product_cat":[209],"product_tag":[],"class_list":{"0":"post-8871","1":"product","2":"type-product","3":"status-publish","4":"has-post-thumbnail","6":"product_cat-transmissie-en-atf-olie","8":"first","9":"instock","10":"taxable","11":"shipping-taxable","12":"purchasable","13":"product-type-simple"},"acf":[],"_links":{"self":[{"href":"https:\/\/webshop.ingelbeen.be\/nl\/wp-json\/wp\/v2\/product\/8871","targetHints":{"allow":["GET"]}}],"collection":[{"href":"https:\/\/webshop.ingelbeen.be\/nl\/wp-json\/wp\/v2\/product"}],"about":[{"href":"https:\/\/webshop.ingelbeen.be\/nl\/wp-json\/wp\/v2\/types\/product"}],"wp:featuredmedia":[{"embeddable":true,"href":"https:\/\/webshop.ingelbeen.be\/nl\/wp-json\/wp\/v2\/media\/10107"}],"wp:attachment":[{"href":"https:\/\/webshop.ingelbeen.be\/nl\/wp-json\/wp\/v2\/media?parent=8871"}],"wp:term":[{"taxonomy":"product_brand","embeddable":true,"href":"https:\/\/webshop.ingelbeen.be\/nl\/wp-json\/wp\/v2\/product_brand?post=8871"},{"taxonomy":"product_cat","embeddable":true,"href":"https:\/\/webshop.ingelbeen.be\/nl\/wp-json\/wp\/v2\/product_cat?post=8871"},{"taxonomy":"product_tag","embeddable":true,"href":"https:\/\/webshop.ingelbeen.be\/nl\/wp-json\/wp\/v2\/product_tag?post=8871"}],"curies":[{"name":"wp","href":"https:\/\/api.w.org\/{rel}","templated":true}]}}